{"id":970,"date":"2021-04-05T14:19:28","date_gmt":"2021-04-05T18:19:28","guid":{"rendered":"https:\/\/emovi.ca\/?page_id=970"},"modified":"2021-04-29T13:57:48","modified_gmt":"2021-04-29T17:57:48","slug":"laurent-duvernay-tardif","status":"publish","type":"page","link":"https:\/\/emovi.ca\/fr\/accueil\/laurent-duvernay-tardif\/","title":{"rendered":"Laurent Duvernay-Tardif"},"content":{"rendered":"<div class=\"wpb-content-wrapper\"><p>[vc_row][vc_column][vc_empty_space height=&#8221;132px&#8221;][vc_row_inner][vc_column_inner width=&#8221;1\/3&#8243;][\/vc_column_inner][vc_column_inner width=&#8221;1\/3&#8243;][vc_single_image image=&#8221;17&#8243; img_size=&#8221;full&#8221; alignment=&#8221;center&#8221;][\/vc_column_inner][vc_column_inner width=&#8221;1\/3&#8243;][\/vc_column_inner][\/vc_row_inner][vc_column_text]<\/p>\n<h1 style=\"text-align: center;\">Laurent Duvernay-Tardif, Athl\u00e8te de l&#8217;ann\u00e9e 2020 par Sports Illustrated<\/h1>\n<p>[\/vc_column_text][vc_empty_space][\/vc_column][\/vc_row][vc_row equal_height=&#8221;yes&#8221; content_placement=&#8221;middle&#8221; el_class=&#8221;marge-rangee&#8221;][vc_column][vc_text_separator title=&#8221;Excitante nouvelle&#8221; color=&#8221;custom&#8221; accent_color=&#8221;#6995b5&#8243;][vc_column_text css=&#8221;.vc_custom_1615930749814{margin-top: -25px !important;}&#8221; el_class=&#8221;h2-laurent&#8221;]<\/p>\n<h2 style=\"text-align: center;\">Laurent Duvernay-Tardif, ambassadeur pour Emovi, garde pour les Chiefs de Kansas City, dipl\u00f4m\u00e9 en m\u00e9decine, nomm\u00e9 Athl\u00e8te de l&#8217;ann\u00e9e par Sports Illustrated<\/h2>\n<p style=\"text-align: center;\">Commandit\u00e9 par Emovi, l&#8217;\u00e9v\u00e8nement Sports Illustrated Award a eu lieu le 19 d\u00e9cembre dernier. Pour souligner son d\u00e9vouement sur les lignes au front dans la bataille contre la Covid-19, Laurent Duvernay-Tardif a re\u00e7u le prix de Sportsperson of the year, soit l&#8217;athl\u00e8te de l&#8217;ann\u00e9e. En f\u00e9vrier 2020, lui et son \u00e9quipe, les Chiefs de Kansas City, remportaient le Super Bowl. En avril, il troquait son uniforme de football pour celui d&#8217;un travailleur de la sant\u00e9 dans un CHSLD du Qu\u00e9bec. Un athl\u00e8te d\u00e9vou\u00e9! F\u00e9licitations Laurent!<\/p>\n<p>[\/vc_column_text][vc_row_inner equal_height=&#8221;yes&#8221; content_placement=&#8221;middle&#8221;][vc_column_inner width=&#8221;1\/3&#8243;][vc_column_text]<strong>Regardez le vid\u00e9o \u00ab Laurent&#8217;s next challenge \u00bb<\/strong><\/p>\n<p>Ambassadeur pour Emovi, garde pour les Chiefs de Kansas City et dipl\u00f4m\u00e9 en m\u00e9decine, athl\u00e8te de l&#8217;ann\u00e9e 2020 par Sports Illustrated.<\/p>\n<p>Apprenez-en plus sur le parcours de Laurent! Apr\u00e8s avoir remport\u00e9 le Super Bowl 2020 avec les Chiefs de Kansas City, Laurent Duvernay-Tardif a rejoint le front face \u00e0 la Covid-19 en \u00e9changeant son uniforme de joueur de football contre l&#8217;un d&#8217;un membre du personnel soignant dans l&#8217;un des CHSLD du Qu\u00e9bec.<\/p>\n<p><strong>Une grande source d&#8217;inspiration!<br \/>\nF\u00e9licitations Laurent!<\/strong>[\/vc_column_text][\/vc_column_inner][vc_column_inner width=&#8221;2\/3&#8243;][vc_column_text]<iframe loading=\"lazy\" src=\"https:\/\/www.youtube.com\/embed\/9jQYVxkfIxU\" width=\"100%\" height=\"400\" frameborder=\"0\" allowfullscreen=\"allowfullscreen\"><\/iframe>[\/vc_column_text][\/vc_column_inner][\/vc_row_inner][\/vc_column][\/vc_row][vc_row full_width=&#8221;stretch_row&#8221; css=&#8221;.vc_custom_1615929910095{background-color: #e8e8e8 !important;}&#8221; el_class=&#8221;marge-rangee&#8221;][vc_column][vc_column_text]<\/p>\n<h3 style=\"text-align: center;\">Un prix bien m\u00e9rit\u00e9 pour une carri\u00e8re inspirante!<\/h3>\n<h2 style=\"text-align: center;\">Qui est Laurent Duvernay-Tardif?<\/h2>\n<p>[\/vc_column_text][vc_empty_space][vc_row_inner][vc_column_inner el_class=&#8221;boite&#8221; width=&#8221;1\/2&#8243;][vc_column_text el_class=&#8221;blanc&#8221;]<\/p>\n<h2>Un athl\u00e8te d\u00e9vou\u00e9,<br \/>\nun homme inspirant!<\/h2>\n<p><strong>2014:<\/strong> Rep\u00each\u00e9 par les Chiefs de Kansas City, Laurent est devenu le 1er Canadien en 13 ans \u00e0 \u00eatre rep\u00each\u00e9 par la NFL depuis une universit\u00e9 canadienne.<\/p>\n<p><strong>2018:<\/strong> Il est dipl\u00f4m\u00e9 de la McGill Medical School tout en \u00e9tant un joueur actif de la NFL.<\/p>\n<p><strong>2019:<\/strong> Emovi s&#8217;est associ\u00e9 \u00e0 Laurent pour l&#8217;aider \u00e0 revenir sur le terrain sans aucune douleur.<\/p>\n<p><strong>2020\/02:<\/strong> Lui et son \u00e9quipe ont remport\u00e9 le SuperBowl.<\/p>\n<p>2020\/05: La pand\u00e9mie de Covid-19 a chang\u00e9 notre vie et Laurent a pris la d\u00e9cision de rejoindre le NFL Covid Task Force.<\/p>\n<p><strong>2020\/07:<\/strong> Il s&#8217;est joint aux \u00e9tablissements de soins de longue dur\u00e9e du Qu\u00e9bec pour lutter contre Covid-19 et il s&#8217;est inscrit \u00e0 l&#8217;\u00c9cole de sant\u00e9 publique de Harvard pour des cours en ligne.<\/p>\n<p><strong>2020\/12:<\/strong> Nomm\u00e9 sportif de l&#8217;ann\u00e9e par Sports Illustrated, \u00e9v\u00e9nement sponsoris\u00e9 par Emovi pour l&#8217;\u00e9dition 2020.[\/vc_column_text][\/vc_column_inner][vc_column_inner width=&#8221;1\/2&#8243;][vc_single_image image=&#8221;95&#8243; img_size=&#8221;full&#8221; onclick=&#8221;link_image&#8221; css_animation=&#8221;fadeInRight&#8221; el_class=&#8221;carriere picture&#8221;][\/vc_column_inner][\/vc_row_inner][\/vc_column][\/vc_row][vc_row][vc_column][vc_column_text]<\/p>\n<h2 style=\"text-align: center;\">Laurent Duvernay-Tardif X Emovi<\/h2>\n<p>[\/vc_column_text][\/vc_column][\/vc_row][vc_row full_width=&#8221;stretch_row&#8221; equal_height=&#8221;yes&#8221; content_placement=&#8221;middle&#8221; el_class=&#8221;blanc fond-60 marge-rangee marge-rangee-bas&#8221;][vc_column width=&#8221;1\/2&#8243; el_class=&#8221;decale-bleu&#8221;][vc_column_text]En 2018, Laurent Duvernay-Tardif s\u2019est bless\u00e9 lors d\u2019un match de football.\u00a0<span data-language-for-alternatives=\"fr\" data-language-to-translate-into=\"en\" data-phrase-index=\"1\">Le lendemain, il a subi une intervention chirurgicale, puis son processus de r\u00e9\u00e9ducation a commenc\u00e9, ainsi que la physioth\u00e9rapie.\u00a0Quelques mois plus tard, il avait l\u2019impression qu\u2019il manquait encore un \u00e9l\u00e9ment dans sa r\u00e9habilitation, et c\u2019est l\u00e0 qu\u2019il a entendu parler de KneeKG.\u00a0Quelques semaines apr\u00e8s sa genougraphie du genou, il \u00e9tait de retour sur le terrain sans douleur.\u00a0Il est ensuite devenu un des ambassadeurs d\u2019Emovi, faisant la promotion du KneeKG et aidant les athl\u00e8tes et les non-athl\u00e8tes \u00e0 se d\u00e9barrasser de la douleur qui les emp\u00eache de participer \u00e0 leurs activit\u00e9s.<\/span>[\/vc_column_text][\/vc_column][vc_column css_animation=&#8221;fadeIn&#8221; width=&#8221;1\/2&#8243;][vc_video link=&#8221;https:\/\/youtu.be\/IgPuNmt5AwA&#8221;][\/vc_column][\/vc_row][vc_row full_width=&#8221;stretch_row&#8221; css=&#8221;.vc_custom_1617649940118{background-color: #e8e8e8 !important;}&#8221; el_class=&#8221;marge-rangee&#8221;][vc_column][vc_column_text]<\/p>\n<h2 style=\"text-align: center;\">Aussi dans \u00ab Laurent&#8217;s Next Challenge \u00bb :<\/h2>\n<h3 style=\"text-align: center;\">Chez Emovi, nous sommes tr\u00e8s reconnaissants de compter sur le soutien de cliniciens de renomm\u00e9s. Pour r\u00e9aliser la vid\u00e9o \u00abLe prochain d\u00e9fi de Laurent Duvernay-Tardif\u00bb, nous avons eu l\u2019occasion d\u2019enregistrer deux t\u00e9moignages d\u2019experts dans leur domaine, dont Dr. Michael Suk, MD, JD, MPH, MBA, et Luis Zuniga, PT, DPT, CHT, MT.<\/h3>\n<p>[\/vc_column_text][vc_empty_space][vc_row_inner][vc_column_inner width=&#8221;1\/2&#8243;][vc_column_text]<strong>Dr. Michael Suk, MD, JD, MPH, MBA<\/strong><\/p>\n<p>Chirurgien orthop\u00e9dique certifi\u00e9, qui a \u00e9t\u00e9 \u00e9lu au conseil d&#8217;administration de l&#8217;American Medical Association en juin 2019. Tout au long de sa carri\u00e8re, le Dr. Suk a \u00e9t\u00e9 un leader vocal sur les questions de sant\u00e9 publique, y compris le r\u00f4le et l&#8217;importance de la m\u00e9decine organis\u00e9e, les heures de travail des r\u00e9sidents, les d\u00e9terminants sociaux de la sant\u00e9 et de nombreux autres probl\u00e8mes de sant\u00e9 publique.[\/vc_column_text][\/vc_column_inner][vc_column_inner width=&#8221;1\/2&#8243;][vc_video link=&#8221;https:\/\/youtu.be\/25q107kVuOs&#8221;][\/vc_column_inner][\/vc_row_inner][vc_row_inner][vc_column_inner width=&#8221;1\/2&#8243;][vc_video link=&#8221;https:\/\/youtu.be\/rLh-xyvqOPI&#8221;][\/vc_column_inner][vc_column_inner width=&#8221;1\/2&#8243;][vc_column_text]<strong>Luis Zuniga, PT, DPT, CHT, MT<\/strong><\/p>\n<p>A termin\u00e9 ses \u00e9tudes au UT Health Science Center &#8211; San Antonio en 1984, recevant les plus hautes distinctions pour l&#8217;excellence clinique. Luis a obtenu sa premi\u00e8re certification en th\u00e9rapie manuelle en 1991 de ce qui est maintenant l&#8217;Universit\u00e9 de Saint-Augustin et depuis lors, a enseign\u00e9, d\u00e9montr\u00e9, \u00e9crit et a continu\u00e9 \u00e0 \u00e9largir ses connaissances dans ce domaine. Il a suivi une formation approfondie au Michigan State College of Osteopathic Medicine, en th\u00e9rapie manuelle et en manipulation. Il a re\u00e7u sa certification en th\u00e9rapie de la main (CHT) en 1999 et depuis, a pratiqu\u00e9 et enseign\u00e9 \u00e0 l&#8217;\u00e9chelle internationale dans le domaine de la th\u00e9rapie manuelle. Il est le fondateur et pr\u00e9sident des centres FYZICAL Therapy Balance &amp; Hand.[\/vc_column_text][\/vc_column_inner][\/vc_row_inner][\/vc_column][\/vc_row][vc_row][vc_column][vc_column_text]<\/p>\n<h2 style=\"text-align: center;\">F\u00e9licitations Laurent!<\/h2>\n<p>[\/vc_column_text][\/vc_column][\/vc_row][vc_row][vc_column][vc_single_image image=&#8221;994&#8243; img_size=&#8221;full&#8221; alignment=&#8221;center&#8221;][\/vc_column][\/vc_row][vc_row][vc_column][vc_empty_space][\/vc_column][\/vc_row]<\/p>\n<\/div>","protected":false},"excerpt":{"rendered":"<p>[vc_row][vc_column][vc_empty_space height=&#8221;132px&#8221;][vc_row_inner][vc_column_inner width=&#8221;1\/3&#8243;][\/vc_column_inner][vc_column_inner width=&#8221;1\/3&#8243;][vc_single_image image=&#8221;17&#8243; img_size=&#8221;full&#8221; alignment=&#8221;center&#8221;][\/vc_column_inner][vc_column_inner width=&#8221;1\/3&#8243;][\/vc_column_inner][\/vc_row_inner][vc_column_text] Laurent Duvernay-Tardif, Athl\u00e8te de l&#8217;ann\u00e9e 2020 par Sports Illustrated [\/vc_column_text][vc_empty_space][\/vc_column][\/vc_row][vc_row equal_height=&#8221;yes&#8221; content_placement=&#8221;middle&#8221; el_class=&#8221;marge-rangee&#8221;][vc_column][vc_text_separator title=&#8221;Excitante nouvelle&#8221; color=&#8221;custom&#8221; accent_color=&#8221;#6995b5&#8243;][vc_column_text css=&#8221;.vc_custom_1615930749814{margin-top: -25px !important;}&#8221; el_class=&#8221;h2-laurent&#8221;] Laurent Duvernay-Tardif, ambassadeur pour Emovi, garde pour les Chiefs de Kansas City, dipl\u00f4m\u00e9 en m\u00e9decine, nomm\u00e9 Athl\u00e8te de l&#8217;ann\u00e9e par Sports Illustrated Commandit\u00e9 par Emovi, l&#8217;\u00e9v\u00e8nement [&hellip;]<\/p>\n","protected":false},"author":1,"featured_media":0,"parent":11,"menu_order":0,"comment_status":"closed","ping_status":"closed","template":"fullwidth.php","meta":{"footnotes":""},"class_list":["post-970","page","type-page","status-publish","hentry"],"yoast_head":"<!-- This site is optimized with the Yoast SEO plugin v26.5 - https:\/\/yoast.com\/wordpress\/plugins\/seo\/ -->\n<title>Laurent Duvernay-Tardif X Athl\u00e8te de l&#039;ann\u00e9e 2020 - Emovi<\/title>\n<meta name=\"description\" content=\"Laurent Duvernay-Tardif, ambassadeur pour Emovi, garde pour les Chiefs de Kansas City et dipl\u00f4m\u00e9 de m\u00e9decine, nomm\u00e9 Athl\u00e8te de l&#039;ann\u00e9e 2020\" \/>\n<meta name=\"robots\" content=\"index, follow, max-snippet:-1, max-image-preview:large, max-video-preview:-1\" \/>\n<link rel=\"canonical\" href=\"https:\/\/emovi.ca\/fr\/accueil\/laurent-duvernay-tardif\/\" \/>\n<meta property=\"og:locale\" content=\"fr_FR\" \/>\n<meta property=\"og:type\" content=\"article\" \/>\n<meta property=\"og:title\" content=\"Laurent Duvernay-Tardif X Athl\u00e8te de l&#039;ann\u00e9e 2020 - Emovi\" \/>\n<meta property=\"og:description\" content=\"Laurent Duvernay-Tardif, ambassadeur pour Emovi, garde pour les Chiefs de Kansas City et dipl\u00f4m\u00e9 de m\u00e9decine, nomm\u00e9 Athl\u00e8te de l&#039;ann\u00e9e 2020\" \/>\n<meta property=\"og:url\" content=\"https:\/\/emovi.ca\/fr\/accueil\/laurent-duvernay-tardif\/\" \/>\n<meta property=\"og:site_name\" content=\"Emovi\" \/>\n<meta property=\"article:publisher\" content=\"https:\/\/www.facebook.com\/EmoviKneeKG\/\" \/>\n<meta property=\"article:modified_time\" content=\"2021-04-29T17:57:48+00:00\" \/>\n<meta property=\"og:image\" content=\"https:\/\/emovi.ca\/wp-content\/uploads\/2021\/04\/emovi-og.jpg\" \/>\n\t<meta property=\"og:image:width\" content=\"1200\" \/>\n\t<meta property=\"og:image:height\" content=\"630\" \/>\n\t<meta property=\"og:image:type\" content=\"image\/jpeg\" \/>\n<meta name=\"twitter:card\" content=\"summary_large_image\" \/>\n<meta name=\"twitter:site\" content=\"@emovi_kneekg\" \/>\n<meta name=\"twitter:label1\" content=\"Dur\u00e9e de lecture estim\u00e9e\" \/>\n\t<meta name=\"twitter:data1\" content=\"4 minutes\" \/>\n<script type=\"application\/ld+json\" class=\"yoast-schema-graph\">{\"@context\":\"https:\/\/schema.org\",\"@graph\":[{\"@type\":\"WebPage\",\"@id\":\"https:\/\/emovi.ca\/fr\/accueil\/laurent-duvernay-tardif\/\",\"url\":\"https:\/\/emovi.ca\/fr\/accueil\/laurent-duvernay-tardif\/\",\"name\":\"Laurent Duvernay-Tardif X Athl\u00e8te de l'ann\u00e9e 2020 - Emovi\",\"isPartOf\":{\"@id\":\"https:\/\/emovi.ca\/fr\/#website\"},\"datePublished\":\"2021-04-05T18:19:28+00:00\",\"dateModified\":\"2021-04-29T17:57:48+00:00\",\"description\":\"Laurent Duvernay-Tardif, ambassadeur pour Emovi, garde pour les Chiefs de Kansas City et dipl\u00f4m\u00e9 de m\u00e9decine, nomm\u00e9 Athl\u00e8te de l'ann\u00e9e 2020\",\"breadcrumb\":{\"@id\":\"https:\/\/emovi.ca\/fr\/accueil\/laurent-duvernay-tardif\/#breadcrumb\"},\"inLanguage\":\"fr-FR\",\"potentialAction\":[{\"@type\":\"ReadAction\",\"target\":[\"https:\/\/emovi.ca\/fr\/accueil\/laurent-duvernay-tardif\/\"]}]},{\"@type\":\"BreadcrumbList\",\"@id\":\"https:\/\/emovi.ca\/fr\/accueil\/laurent-duvernay-tardif\/#breadcrumb\",\"itemListElement\":[{\"@type\":\"ListItem\",\"position\":1,\"name\":\"Accueil\",\"item\":\"https:\/\/emovi.ca\/fr\/\"},{\"@type\":\"ListItem\",\"position\":2,\"name\":\"Accueil\",\"item\":\"https:\/\/emovi.ca\/fr\/\"},{\"@type\":\"ListItem\",\"position\":3,\"name\":\"Laurent Duvernay-Tardif\"}]},{\"@type\":\"WebSite\",\"@id\":\"https:\/\/emovi.ca\/fr\/#website\",\"url\":\"https:\/\/emovi.ca\/fr\/\",\"name\":\"Emovi\",\"description\":\"Outil de diagnostic et d\u2019examen de la douleur au genou\",\"potentialAction\":[{\"@type\":\"SearchAction\",\"target\":{\"@type\":\"EntryPoint\",\"urlTemplate\":\"https:\/\/emovi.ca\/fr\/?s={search_term_string}\"},\"query-input\":{\"@type\":\"PropertyValueSpecification\",\"valueRequired\":true,\"valueName\":\"search_term_string\"}}],\"inLanguage\":\"fr-FR\"}]}<\/script>\n<!-- \/ Yoast SEO plugin. -->","yoast_head_json":{"title":"Laurent Duvernay-Tardif X Athl\u00e8te de l'ann\u00e9e 2020 - Emovi","description":"Laurent Duvernay-Tardif, ambassadeur pour Emovi, garde pour les Chiefs de Kansas City et dipl\u00f4m\u00e9 de m\u00e9decine, nomm\u00e9 Athl\u00e8te de l'ann\u00e9e 2020","robots":{"index":"index","follow":"follow","max-snippet":"max-snippet:-1","max-image-preview":"max-image-preview:large","max-video-preview":"max-video-preview:-1"},"canonical":"https:\/\/emovi.ca\/fr\/accueil\/laurent-duvernay-tardif\/","og_locale":"fr_FR","og_type":"article","og_title":"Laurent Duvernay-Tardif X Athl\u00e8te de l'ann\u00e9e 2020 - Emovi","og_description":"Laurent Duvernay-Tardif, ambassadeur pour Emovi, garde pour les Chiefs de Kansas City et dipl\u00f4m\u00e9 de m\u00e9decine, nomm\u00e9 Athl\u00e8te de l'ann\u00e9e 2020","og_url":"https:\/\/emovi.ca\/fr\/accueil\/laurent-duvernay-tardif\/","og_site_name":"Emovi","article_publisher":"https:\/\/www.facebook.com\/EmoviKneeKG\/","article_modified_time":"2021-04-29T17:57:48+00:00","og_image":[{"width":1200,"height":630,"url":"https:\/\/emovi.ca\/wp-content\/uploads\/2021\/04\/emovi-og.jpg","type":"image\/jpeg"}],"twitter_card":"summary_large_image","twitter_site":"@emovi_kneekg","twitter_misc":{"Dur\u00e9e de lecture estim\u00e9e":"4 minutes"},"schema":{"@context":"https:\/\/schema.org","@graph":[{"@type":"WebPage","@id":"https:\/\/emovi.ca\/fr\/accueil\/laurent-duvernay-tardif\/","url":"https:\/\/emovi.ca\/fr\/accueil\/laurent-duvernay-tardif\/","name":"Laurent Duvernay-Tardif X Athl\u00e8te de l'ann\u00e9e 2020 - Emovi","isPartOf":{"@id":"https:\/\/emovi.ca\/fr\/#website"},"datePublished":"2021-04-05T18:19:28+00:00","dateModified":"2021-04-29T17:57:48+00:00","description":"Laurent Duvernay-Tardif, ambassadeur pour Emovi, garde pour les Chiefs de Kansas City et dipl\u00f4m\u00e9 de m\u00e9decine, nomm\u00e9 Athl\u00e8te de l'ann\u00e9e 2020","breadcrumb":{"@id":"https:\/\/emovi.ca\/fr\/accueil\/laurent-duvernay-tardif\/#breadcrumb"},"inLanguage":"fr-FR","potentialAction":[{"@type":"ReadAction","target":["https:\/\/emovi.ca\/fr\/accueil\/laurent-duvernay-tardif\/"]}]},{"@type":"BreadcrumbList","@id":"https:\/\/emovi.ca\/fr\/accueil\/laurent-duvernay-tardif\/#breadcrumb","itemListElement":[{"@type":"ListItem","position":1,"name":"Accueil","item":"https:\/\/emovi.ca\/fr\/"},{"@type":"ListItem","position":2,"name":"Accueil","item":"https:\/\/emovi.ca\/fr\/"},{"@type":"ListItem","position":3,"name":"Laurent Duvernay-Tardif"}]},{"@type":"WebSite","@id":"https:\/\/emovi.ca\/fr\/#website","url":"https:\/\/emovi.ca\/fr\/","name":"Emovi","description":"Outil de diagnostic et d\u2019examen de la douleur au genou","potentialAction":[{"@type":"SearchAction","target":{"@type":"EntryPoint","urlTemplate":"https:\/\/emovi.ca\/fr\/?s={search_term_string}"},"query-input":{"@type":"PropertyValueSpecification","valueRequired":true,"valueName":"search_term_string"}}],"inLanguage":"fr-FR"}]}},"_links":{"self":[{"href":"https:\/\/emovi.ca\/fr\/wp-json\/wp\/v2\/pages\/970","targetHints":{"allow":["GET"]}}],"collection":[{"href":"https:\/\/emovi.ca\/fr\/wp-json\/wp\/v2\/pages"}],"about":[{"href":"https:\/\/emovi.ca\/fr\/wp-json\/wp\/v2\/types\/page"}],"author":[{"embeddable":true,"href":"https:\/\/emovi.ca\/fr\/wp-json\/wp\/v2\/users\/1"}],"replies":[{"embeddable":true,"href":"https:\/\/emovi.ca\/fr\/wp-json\/wp\/v2\/comments?post=970"}],"version-history":[{"count":10,"href":"https:\/\/emovi.ca\/fr\/wp-json\/wp\/v2\/pages\/970\/revisions"}],"predecessor-version":[{"id":1719,"href":"https:\/\/emovi.ca\/fr\/wp-json\/wp\/v2\/pages\/970\/revisions\/1719"}],"up":[{"embeddable":true,"href":"https:\/\/emovi.ca\/fr\/wp-json\/wp\/v2\/pages\/11"}],"wp:attachment":[{"href":"https:\/\/emovi.ca\/fr\/wp-json\/wp\/v2\/media?parent=970"}],"curies":[{"name":"wp","href":"https:\/\/api.w.org\/{rel}","templated":true}]}}