{"id":53,"date":"2021-03-12T13:42:49","date_gmt":"2021-03-12T18:42:49","guid":{"rendered":"https:\/\/emovi.ca\/?page_id=53"},"modified":"2021-10-29T14:33:23","modified_gmt":"2021-10-29T18:33:23","slug":"lequipe","status":"publish","type":"page","link":"https:\/\/emovi.ca\/fr\/ressources\/lequipe\/","title":{"rendered":"L&#8217;\u00e9quipe"},"content":{"rendered":"<div class=\"wpb-content-wrapper\"><p>[vc_row full_width=&#8221;stretch_row&#8221; content_placement=&#8221;middle&#8221; css=&#8221;.vc_custom_1616787126966{background-image: url(https:\/\/emovi.ca\/wp-content\/uploads\/2021\/03\/ressources_team-scaled-1.jpg?id=704) !important;background-position: center !important;background-repeat: no-repeat !important;background-size: cover !important;}&#8221; el_class=&#8221;entete-image-fond blanc&#8221;][vc_column width=&#8221;1\/6&#8243;][\/vc_column][vc_column width=&#8221;4\/6&#8243;][vc_column_text]<\/p>\n<h1 style=\"text-align: center;\">Le patient au coeur<br \/>\nde nos actions<\/h1>\n<p style=\"text-align: center;\">La douleur au genou est la deuxi\u00e8me cause de douleur chronique affectant 1 personne sur 5 et ce, en lien avec l\u2019arthrose du genou, le syndrome f\u00e9moro-patellaire, la rupture du LCA ou encore la d\u00e9chirure m\u00e9niscale ou autre blessure.<\/p>\n<p style=\"text-align: center;\">Emovi est l&#8217;un des principaux fournisseurs de solutions pour aider \u00e0 de meilleurs diagnostics et ainsi optimiser les soins aux patients.<\/p>\n<p>[\/vc_column_text][\/vc_column][vc_column width=&#8221;1\/6&#8243;][\/vc_column][\/vc_row][vc_row el_class=&#8221;bloc-contour marge-rangee&#8221;][vc_column width=&#8221;1\/2&#8243; el_class=&#8221;col-gauche&#8221;][vc_column_text css=&#8221;.vc_custom_1635532377380{border-top-width: 1px !important;border-right-width: 1px !important;border-bottom-width: 1px !important;border-left-width: 1px !important;border-left-color: #e6e6e6 !important;border-left-style: solid !important;border-right-color: #e6e6e6 !important;border-right-style: solid !important;border-top-color: #e6e6e6 !important;border-top-style: solid !important;border-bottom-color: #e6e6e6 !important;border-bottom-style: solid !important;}&#8221; el_class=&#8221;texte-contour&#8221;]<\/p>\n<h2 class=\"p2\">&#8220;Ce que nous faisons apporte un bien-\u00eatre profond \u00e0 tant de gens.<\/h2>\n<h3 class=\"p2\">Nous avons la possibilit\u00e9 d\u2019am\u00e9liorer leur vie &#8211; c\u2019est ce qui nous motive tous les jours.&#8221;<\/h3>\n<p class=\"p3\"><b>\u2013 Michelle Laflamme, <\/b>Pr\u00e9sidente et PDG, EMOVI<\/p>\n<p>[\/vc_column_text][\/vc_column][vc_column width=&#8221;1\/2&#8243; el_class=&#8221;col-droit&#8221;][vc_single_image image=&#8221;2895&#8243; img_size=&#8221;full&#8221; css_animation=&#8221;fadeIn&#8221;][\/vc_column][\/vc_row][vc_row equal_height=&#8221;yes&#8221; content_placement=&#8221;middle&#8221; el_class=&#8221;bloc-contour&#8221;][vc_column width=&#8221;2\/3&#8243; el_class=&#8221;col-gauche&#8221;][vc_column_text css=&#8221;.vc_custom_1616788272436{border-top-width: 1px !important;border-right-width: 1px !important;border-bottom-width: 1px !important;border-left-width: 1px !important;border-left-color: #e6e6e6 !important;border-left-style: solid !important;border-right-color: #e6e6e6 !important;border-right-style: solid !important;border-top-color: #e6e6e6 !important;border-top-style: solid !important;border-bottom-color: #e6e6e6 !important;border-bottom-style: solid !important;}&#8221; el_class=&#8221;texte-contour&#8221;]Notre connaissance approfondie des facteurs biom\u00e9caniques associ\u00e9e aux douleurs articulaires, alli\u00e9e \u00e0 notre passion pour l&#8217;am\u00e9lioration des soins aux patients, motive notre engagement \u00e0 fournir des solutions toujours meilleures.<\/p>\n<p>Nous sommes une \u00e9quipe de professionnels d\u00e9vou\u00e9s et talentueux dont l&#8217;objectif est d&#8217;am\u00e9liorer les r\u00e9sultats pour les patients gr\u00e2ce \u00e0 des meilleures connaissances des articulations.<\/p>\n<p>Nous sommes une organisation fond\u00e9e sur des normes \u00e9thiques \u00e9lev\u00e9es, un engagement sans faille envers les patients.<\/p>\n<p>Nous avons une volont\u00e9 et un d\u00e9sir d&#8217;am\u00e9liorer les soins du genou et de faire une diff\u00e9rence significative dans la vie des patients, des familles, des communaut\u00e9s et de la soci\u00e9t\u00e9.<\/p>\n<p>La s\u00e9curit\u00e9 et le bien-\u00eatre des patients sont notre priorit\u00e9 absolue \u00e0 tout moment.<\/p>\n<p>Notre passion et notre travail d&#8217;\u00e9quipe sont la pierre angulaire de notre succ\u00e8s commercial.[\/vc_column_text][\/vc_column][vc_column width=&#8221;1\/3&#8243; el_class=&#8221;col-droit&#8221;][vc_column_text css=&#8221;.vc_custom_1616788573819{background-color: #6995b5 !important;}&#8221; el_class=&#8221;texte-contour blanc&#8221;]<\/p>\n<h2>Un leadership d\u00e9di\u00e9<\/h2>\n<p>Notre \u00e9quipe de direction poss\u00e8de une exp\u00e9rience in\u00e9gal\u00e9e sur le march\u00e9 des h\u00f4pitaux et des centres cliniques et une exp\u00e9rience de la commercialisation r\u00e9ussie de produits. Cette exp\u00e9rience nous aide \u00e0 nous assurer que les produits Emovi et nos partenariats sont toujours de la plus haute qualit\u00e9.[\/vc_column_text][\/vc_column][\/vc_row][vc_row full_width=&#8221;stretch_row&#8221; equal_height=&#8221;yes&#8221; content_placement=&#8221;middle&#8221; disable_element=&#8221;yes&#8221; css=&#8221;.vc_custom_1635532395905{background-color: #ffffff !important;}&#8221; el_class=&#8221;marge-rangee-bas&#8221;][vc_column][vc_row_inner equal_height=&#8221;yes&#8221; content_placement=&#8221;middle&#8221;][vc_column_inner][vc_column_text]<\/p>\n<h2>Vous voulez faire partie de l&#8217;\u00e9quipe Emovi?<\/h2>\n<p><strong>Offre d\u2019emploi active :<\/strong>[\/vc_column_text][\/vc_column_inner][\/vc_row_inner][vc_row_inner][vc_column_inner][vc_basic_grid post_type=&#8221;emplois&#8221; max_items=&#8221;12&#8243; item=&#8221;1274&#8243; grid_id=&#8221;vc_gid:1635532278066-1ef832e4-525f-6&#8243; el_class=&#8221;hide-mobile hide-tablette&#8221;][vc_basic_grid post_type=&#8221;emplois&#8221; max_items=&#8221;12&#8243; element_width=&#8221;12&#8243; item=&#8221;1274&#8243; grid_id=&#8221;vc_gid:1635532278067-a395fa07-5538-5&#8243; el_class=&#8221;hide-desktop&#8221;][\/vc_column_inner][\/vc_row_inner][\/vc_column][\/vc_row]<\/p>\n<\/div>","protected":false},"excerpt":{"rendered":"<p>[vc_row full_width=&#8221;stretch_row&#8221; content_placement=&#8221;middle&#8221; css=&#8221;.vc_custom_1616787126966{background-image: url(https:\/\/emovi.ca\/wp-content\/uploads\/2021\/03\/ressources_team-scaled-1.jpg?id=704) !important;background-position: center !important;background-repeat: no-repeat !important;background-size: cover !important;}&#8221; el_class=&#8221;entete-image-fond blanc&#8221;][vc_column width=&#8221;1\/6&#8243;][\/vc_column][vc_column width=&#8221;4\/6&#8243;][vc_column_text] Le patient au coeur de nos actions La douleur au genou est la deuxi\u00e8me cause de douleur chronique affectant 1 personne sur 5 et ce, en lien avec l\u2019arthrose du genou, le syndrome f\u00e9moro-patellaire, la rupture du LCA ou [&hellip;]<\/p>\n","protected":false},"author":1,"featured_media":0,"parent":47,"menu_order":0,"comment_status":"closed","ping_status":"closed","template":"","meta":{"footnotes":""},"class_list":["post-53","page","type-page","status-publish","hentry"],"yoast_head":"<!-- This site is optimized with the Yoast SEO plugin v26.5 - https:\/\/yoast.com\/wordpress\/plugins\/seo\/ -->\n<title>Notre \u00e9quipe | EMOVI | KNEEKG<\/title>\n<meta name=\"description\" content=\"Nous sommes une \u00e9quipe de professionnels d\u00e9vou\u00e9s dont l&#039;objectif est d&#039;am\u00e9liorer les r\u00e9sultats pour les patients gr\u00e2ce \u00e0 la la nouvelle technologie KneeKG.\" \/>\n<meta name=\"robots\" content=\"index, follow, max-snippet:-1, max-image-preview:large, max-video-preview:-1\" \/>\n<link rel=\"canonical\" href=\"https:\/\/emovi.ca\/fr\/ressources\/lequipe\/\" \/>\n<meta property=\"og:locale\" content=\"fr_FR\" \/>\n<meta property=\"og:type\" content=\"article\" \/>\n<meta property=\"og:title\" content=\"Notre \u00e9quipe | EMOVI | KNEEKG\" \/>\n<meta property=\"og:description\" content=\"Nous sommes une \u00e9quipe de professionnels d\u00e9vou\u00e9s dont l&#039;objectif est d&#039;am\u00e9liorer les r\u00e9sultats pour les patients gr\u00e2ce \u00e0 la la nouvelle technologie KneeKG.\" \/>\n<meta property=\"og:url\" content=\"https:\/\/emovi.ca\/fr\/ressources\/lequipe\/\" \/>\n<meta property=\"og:site_name\" content=\"Emovi\" \/>\n<meta property=\"article:publisher\" content=\"https:\/\/www.facebook.com\/EmoviKneeKG\/\" \/>\n<meta property=\"article:modified_time\" content=\"2021-10-29T18:33:23+00:00\" \/>\n<meta property=\"og:image\" content=\"https:\/\/emovi.ca\/wp-content\/uploads\/2021\/04\/emovi-og.jpg\" \/>\n\t<meta property=\"og:image:width\" content=\"1200\" \/>\n\t<meta property=\"og:image:height\" content=\"630\" \/>\n\t<meta property=\"og:image:type\" content=\"image\/jpeg\" \/>\n<meta name=\"twitter:card\" content=\"summary_large_image\" \/>\n<meta name=\"twitter:site\" content=\"@emovi_kneekg\" \/>\n<meta name=\"twitter:label1\" content=\"Dur\u00e9e de lecture estim\u00e9e\" \/>\n\t<meta name=\"twitter:data1\" content=\"2 minutes\" \/>\n<script type=\"application\/ld+json\" class=\"yoast-schema-graph\">{\"@context\":\"https:\/\/schema.org\",\"@graph\":[{\"@type\":\"WebPage\",\"@id\":\"https:\/\/emovi.ca\/fr\/ressources\/lequipe\/\",\"url\":\"https:\/\/emovi.ca\/fr\/ressources\/lequipe\/\",\"name\":\"Notre \u00e9quipe | EMOVI | KNEEKG\",\"isPartOf\":{\"@id\":\"https:\/\/emovi.ca\/fr\/#website\"},\"datePublished\":\"2021-03-12T18:42:49+00:00\",\"dateModified\":\"2021-10-29T18:33:23+00:00\",\"description\":\"Nous sommes une \u00e9quipe de professionnels d\u00e9vou\u00e9s dont l'objectif est d'am\u00e9liorer les r\u00e9sultats pour les patients gr\u00e2ce \u00e0 la la nouvelle technologie KneeKG.\",\"breadcrumb\":{\"@id\":\"https:\/\/emovi.ca\/fr\/ressources\/lequipe\/#breadcrumb\"},\"inLanguage\":\"fr-FR\",\"potentialAction\":[{\"@type\":\"ReadAction\",\"target\":[\"https:\/\/emovi.ca\/fr\/ressources\/lequipe\/\"]}]},{\"@type\":\"BreadcrumbList\",\"@id\":\"https:\/\/emovi.ca\/fr\/ressources\/lequipe\/#breadcrumb\",\"itemListElement\":[{\"@type\":\"ListItem\",\"position\":1,\"name\":\"Accueil\",\"item\":\"https:\/\/emovi.ca\/fr\/\"},{\"@type\":\"ListItem\",\"position\":2,\"name\":\"Ressources\",\"item\":\"https:\/\/emovi.ca\/fr\/ressources\/\"},{\"@type\":\"ListItem\",\"position\":3,\"name\":\"L&#8217;\u00e9quipe\"}]},{\"@type\":\"WebSite\",\"@id\":\"https:\/\/emovi.ca\/fr\/#website\",\"url\":\"https:\/\/emovi.ca\/fr\/\",\"name\":\"Emovi\",\"description\":\"Outil de diagnostic et d\u2019examen de la douleur au genou\",\"potentialAction\":[{\"@type\":\"SearchAction\",\"target\":{\"@type\":\"EntryPoint\",\"urlTemplate\":\"https:\/\/emovi.ca\/fr\/?s={search_term_string}\"},\"query-input\":{\"@type\":\"PropertyValueSpecification\",\"valueRequired\":true,\"valueName\":\"search_term_string\"}}],\"inLanguage\":\"fr-FR\"}]}<\/script>\n<!-- \/ Yoast SEO plugin. -->","yoast_head_json":{"title":"Notre \u00e9quipe | EMOVI | KNEEKG","description":"Nous sommes une \u00e9quipe de professionnels d\u00e9vou\u00e9s dont l'objectif est d'am\u00e9liorer les r\u00e9sultats pour les patients gr\u00e2ce \u00e0 la la nouvelle technologie KneeKG.","robots":{"index":"index","follow":"follow","max-snippet":"max-snippet:-1","max-image-preview":"max-image-preview:large","max-video-preview":"max-video-preview:-1"},"canonical":"https:\/\/emovi.ca\/fr\/ressources\/lequipe\/","og_locale":"fr_FR","og_type":"article","og_title":"Notre \u00e9quipe | EMOVI | KNEEKG","og_description":"Nous sommes une \u00e9quipe de professionnels d\u00e9vou\u00e9s dont l'objectif est d'am\u00e9liorer les r\u00e9sultats pour les patients gr\u00e2ce \u00e0 la la nouvelle technologie KneeKG.","og_url":"https:\/\/emovi.ca\/fr\/ressources\/lequipe\/","og_site_name":"Emovi","article_publisher":"https:\/\/www.facebook.com\/EmoviKneeKG\/","article_modified_time":"2021-10-29T18:33:23+00:00","og_image":[{"width":1200,"height":630,"url":"https:\/\/emovi.ca\/wp-content\/uploads\/2021\/04\/emovi-og.jpg","type":"image\/jpeg"}],"twitter_card":"summary_large_image","twitter_site":"@emovi_kneekg","twitter_misc":{"Dur\u00e9e de lecture estim\u00e9e":"2 minutes"},"schema":{"@context":"https:\/\/schema.org","@graph":[{"@type":"WebPage","@id":"https:\/\/emovi.ca\/fr\/ressources\/lequipe\/","url":"https:\/\/emovi.ca\/fr\/ressources\/lequipe\/","name":"Notre \u00e9quipe | EMOVI | KNEEKG","isPartOf":{"@id":"https:\/\/emovi.ca\/fr\/#website"},"datePublished":"2021-03-12T18:42:49+00:00","dateModified":"2021-10-29T18:33:23+00:00","description":"Nous sommes une \u00e9quipe de professionnels d\u00e9vou\u00e9s dont l'objectif est d'am\u00e9liorer les r\u00e9sultats pour les patients gr\u00e2ce \u00e0 la la nouvelle technologie KneeKG.","breadcrumb":{"@id":"https:\/\/emovi.ca\/fr\/ressources\/lequipe\/#breadcrumb"},"inLanguage":"fr-FR","potentialAction":[{"@type":"ReadAction","target":["https:\/\/emovi.ca\/fr\/ressources\/lequipe\/"]}]},{"@type":"BreadcrumbList","@id":"https:\/\/emovi.ca\/fr\/ressources\/lequipe\/#breadcrumb","itemListElement":[{"@type":"ListItem","position":1,"name":"Accueil","item":"https:\/\/emovi.ca\/fr\/"},{"@type":"ListItem","position":2,"name":"Ressources","item":"https:\/\/emovi.ca\/fr\/ressources\/"},{"@type":"ListItem","position":3,"name":"L&#8217;\u00e9quipe"}]},{"@type":"WebSite","@id":"https:\/\/emovi.ca\/fr\/#website","url":"https:\/\/emovi.ca\/fr\/","name":"Emovi","description":"Outil de diagnostic et d\u2019examen de la douleur au genou","potentialAction":[{"@type":"SearchAction","target":{"@type":"EntryPoint","urlTemplate":"https:\/\/emovi.ca\/fr\/?s={search_term_string}"},"query-input":{"@type":"PropertyValueSpecification","valueRequired":true,"valueName":"search_term_string"}}],"inLanguage":"fr-FR"}]}},"_links":{"self":[{"href":"https:\/\/emovi.ca\/fr\/wp-json\/wp\/v2\/pages\/53","targetHints":{"allow":["GET"]}}],"collection":[{"href":"https:\/\/emovi.ca\/fr\/wp-json\/wp\/v2\/pages"}],"about":[{"href":"https:\/\/emovi.ca\/fr\/wp-json\/wp\/v2\/types\/page"}],"author":[{"embeddable":true,"href":"https:\/\/emovi.ca\/fr\/wp-json\/wp\/v2\/users\/1"}],"replies":[{"embeddable":true,"href":"https:\/\/emovi.ca\/fr\/wp-json\/wp\/v2\/comments?post=53"}],"version-history":[{"count":11,"href":"https:\/\/emovi.ca\/fr\/wp-json\/wp\/v2\/pages\/53\/revisions"}],"predecessor-version":[{"id":2898,"href":"https:\/\/emovi.ca\/fr\/wp-json\/wp\/v2\/pages\/53\/revisions\/2898"}],"up":[{"embeddable":true,"href":"https:\/\/emovi.ca\/fr\/wp-json\/wp\/v2\/pages\/47"}],"wp:attachment":[{"href":"https:\/\/emovi.ca\/fr\/wp-json\/wp\/v2\/media?parent=53"}],"curies":[{"name":"wp","href":"https:\/\/api.w.org\/{rel}","templated":true}]}}