{"id":51,"date":"2021-03-12T13:42:28","date_gmt":"2021-03-12T18:42:28","guid":{"rendered":"https:\/\/emovi.ca\/?page_id=51"},"modified":"2021-04-28T20:35:33","modified_gmt":"2021-04-29T00:35:33","slug":"evenements","status":"publish","type":"page","link":"https:\/\/emovi.ca\/fr\/ressources\/evenements\/","title":{"rendered":"\u00c9v\u00e9nements"},"content":{"rendered":"<div class=\"wpb-content-wrapper\"><p>[vc_row full_width=&#8221;stretch_row&#8221; content_placement=&#8221;middle&#8221; css=&#8221;.vc_custom_1617299576933{background-image: url(https:\/\/emovi.ca\/wp-content\/uploads\/2021\/04\/medical_conference-1.jpg?id=830) !important;background-position: center !important;background-repeat: no-repeat !important;background-size: cover !important;}&#8221; el_class=&#8221;entete-image-fond blanc&#8221;][vc_column width=&#8221;1\/6&#8243;][\/vc_column][vc_column width=&#8221;4\/6&#8243;][vc_column_text]<\/p>\n<h1 style=\"text-align: center;\">Suivez-nous dans nos \u00e9v\u00e9nements<\/h1>\n<p style=\"text-align: center;\">Emovi participe \u00e0 diff\u00e9rents s\u00e9minaires, conf\u00e9rences et organise des formations. Suivez-nous!<\/p>\n<p>[\/vc_column_text][\/vc_column][vc_column width=&#8221;1\/6&#8243;][\/vc_column][\/vc_row][vc_row full_width=&#8221;stretch_row&#8221; content_placement=&#8221;middle&#8221; el_class=&#8221;marge-rangee-haut webinaires liste-nouvelle&#8221;][vc_column][vc_basic_grid post_type=&#8221;evenements&#8221; max_items=&#8221;-1&#8243; item=&#8221;296&#8243; grid_id=&#8221;vc_gid:1619656502490-33045918-7707-3&#8243; el_class=&#8221;hide-tablette hide-mobile&#8221;][vc_basic_grid post_type=&#8221;evenements&#8221; max_items=&#8221;-1&#8243; element_width=&#8221;12&#8243; item=&#8221;296&#8243; grid_id=&#8221;vc_gid:1619656502492-f280c079-e3c7-9&#8243; el_class=&#8221;hide-desktop&#8221;][\/vc_column][\/vc_row][vc_row][vc_column][vc_empty_space][\/vc_column][\/vc_row]<\/p>\n<\/div>","protected":false},"excerpt":{"rendered":"<p>[vc_row full_width=&#8221;stretch_row&#8221; content_placement=&#8221;middle&#8221; css=&#8221;.vc_custom_1617299576933{background-image: url(https:\/\/emovi.ca\/wp-content\/uploads\/2021\/04\/medical_conference-1.jpg?id=830) !important;background-position: center !important;background-repeat: no-repeat !important;background-size: cover !important;}&#8221; el_class=&#8221;entete-image-fond blanc&#8221;][vc_column width=&#8221;1\/6&#8243;][\/vc_column][vc_column width=&#8221;4\/6&#8243;][vc_column_text] Suivez-nous dans nos \u00e9v\u00e9nements Emovi participe \u00e0 diff\u00e9rents s\u00e9minaires, conf\u00e9rences et organise des formations. Suivez-nous! [\/vc_column_text][\/vc_column][vc_column width=&#8221;1\/6&#8243;][\/vc_column][\/vc_row][vc_row full_width=&#8221;stretch_row&#8221; content_placement=&#8221;middle&#8221; el_class=&#8221;marge-rangee-haut webinaires liste-nouvelle&#8221;][vc_column][vc_basic_grid post_type=&#8221;evenements&#8221; max_items=&#8221;-1&#8243; item=&#8221;296&#8243; grid_id=&#8221;vc_gid:1619656502490-33045918-7707-3&#8243; el_class=&#8221;hide-tablette hide-mobile&#8221;][vc_basic_grid post_type=&#8221;evenements&#8221; max_items=&#8221;-1&#8243; element_width=&#8221;12&#8243; item=&#8221;296&#8243; grid_id=&#8221;vc_gid:1619656502492-f280c079-e3c7-9&#8243; el_class=&#8221;hide-desktop&#8221;][\/vc_column][\/vc_row][vc_row][vc_column][vc_empty_space][\/vc_column][\/vc_row]<\/p>\n","protected":false},"author":1,"featured_media":0,"parent":47,"menu_order":0,"comment_status":"closed","ping_status":"closed","template":"","meta":{"footnotes":""},"class_list":["post-51","page","type-page","status-publish","hentry"],"yoast_head":"<!-- This site is optimized with the Yoast SEO plugin v26.5 - https:\/\/yoast.com\/wordpress\/plugins\/seo\/ -->\n<title>Nos \u00e9v\u00e9nements m\u00e9dicaux | EMOVI | KNEEKG<\/title>\n<meta name=\"description\" content=\"Joignez-vous \u00e0 nos \u00e9v\u00e9nements m\u00e9dicaux et apprenez-en plus sur la technologie KneeKG et les avantages de recourir \u00e0 la genougraphie du genou.\" \/>\n<meta name=\"robots\" content=\"index, follow, max-snippet:-1, max-image-preview:large, max-video-preview:-1\" \/>\n<link rel=\"canonical\" href=\"https:\/\/emovi.ca\/fr\/ressources\/evenements\/\" \/>\n<meta property=\"og:locale\" content=\"fr_FR\" \/>\n<meta property=\"og:type\" content=\"article\" \/>\n<meta property=\"og:title\" content=\"Nos \u00e9v\u00e9nements m\u00e9dicaux | EMOVI | KNEEKG\" \/>\n<meta property=\"og:description\" content=\"Joignez-vous \u00e0 nos \u00e9v\u00e9nements m\u00e9dicaux et apprenez-en plus sur la technologie KneeKG et les avantages de recourir \u00e0 la genougraphie du genou.\" \/>\n<meta property=\"og:url\" content=\"https:\/\/emovi.ca\/fr\/ressources\/evenements\/\" \/>\n<meta property=\"og:site_name\" content=\"Emovi\" \/>\n<meta property=\"article:publisher\" content=\"https:\/\/www.facebook.com\/EmoviKneeKG\/\" \/>\n<meta property=\"article:modified_time\" content=\"2021-04-29T00:35:33+00:00\" \/>\n<meta property=\"og:image\" content=\"https:\/\/emovi.ca\/wp-content\/uploads\/2021\/04\/emovi-og.jpg\" \/>\n\t<meta property=\"og:image:width\" content=\"1200\" \/>\n\t<meta property=\"og:image:height\" content=\"630\" \/>\n\t<meta property=\"og:image:type\" content=\"image\/jpeg\" \/>\n<meta name=\"twitter:card\" content=\"summary_large_image\" \/>\n<meta name=\"twitter:site\" content=\"@emovi_kneekg\" \/>\n<meta name=\"twitter:label1\" content=\"Dur\u00e9e de lecture estim\u00e9e\" \/>\n\t<meta name=\"twitter:data1\" content=\"1 minute\" \/>\n<script type=\"application\/ld+json\" class=\"yoast-schema-graph\">{\"@context\":\"https:\/\/schema.org\",\"@graph\":[{\"@type\":\"WebPage\",\"@id\":\"https:\/\/emovi.ca\/fr\/ressources\/evenements\/\",\"url\":\"https:\/\/emovi.ca\/fr\/ressources\/evenements\/\",\"name\":\"Nos \u00e9v\u00e9nements m\u00e9dicaux | EMOVI | KNEEKG\",\"isPartOf\":{\"@id\":\"https:\/\/emovi.ca\/fr\/#website\"},\"datePublished\":\"2021-03-12T18:42:28+00:00\",\"dateModified\":\"2021-04-29T00:35:33+00:00\",\"description\":\"Joignez-vous \u00e0 nos \u00e9v\u00e9nements m\u00e9dicaux et apprenez-en plus sur la technologie KneeKG et les avantages de recourir \u00e0 la genougraphie du genou.\",\"breadcrumb\":{\"@id\":\"https:\/\/emovi.ca\/fr\/ressources\/evenements\/#breadcrumb\"},\"inLanguage\":\"fr-FR\",\"potentialAction\":[{\"@type\":\"ReadAction\",\"target\":[\"https:\/\/emovi.ca\/fr\/ressources\/evenements\/\"]}]},{\"@type\":\"BreadcrumbList\",\"@id\":\"https:\/\/emovi.ca\/fr\/ressources\/evenements\/#breadcrumb\",\"itemListElement\":[{\"@type\":\"ListItem\",\"position\":1,\"name\":\"Accueil\",\"item\":\"https:\/\/emovi.ca\/fr\/\"},{\"@type\":\"ListItem\",\"position\":2,\"name\":\"Ressources\",\"item\":\"https:\/\/emovi.ca\/fr\/ressources\/\"},{\"@type\":\"ListItem\",\"position\":3,\"name\":\"\u00c9v\u00e9nements\"}]},{\"@type\":\"WebSite\",\"@id\":\"https:\/\/emovi.ca\/fr\/#website\",\"url\":\"https:\/\/emovi.ca\/fr\/\",\"name\":\"Emovi\",\"description\":\"Outil de diagnostic et d\u2019examen de la douleur au genou\",\"potentialAction\":[{\"@type\":\"SearchAction\",\"target\":{\"@type\":\"EntryPoint\",\"urlTemplate\":\"https:\/\/emovi.ca\/fr\/?s={search_term_string}\"},\"query-input\":{\"@type\":\"PropertyValueSpecification\",\"valueRequired\":true,\"valueName\":\"search_term_string\"}}],\"inLanguage\":\"fr-FR\"}]}<\/script>\n<!-- \/ Yoast SEO plugin. -->","yoast_head_json":{"title":"Nos \u00e9v\u00e9nements m\u00e9dicaux | EMOVI | KNEEKG","description":"Joignez-vous \u00e0 nos \u00e9v\u00e9nements m\u00e9dicaux et apprenez-en plus sur la technologie KneeKG et les avantages de recourir \u00e0 la genougraphie du genou.","robots":{"index":"index","follow":"follow","max-snippet":"max-snippet:-1","max-image-preview":"max-image-preview:large","max-video-preview":"max-video-preview:-1"},"canonical":"https:\/\/emovi.ca\/fr\/ressources\/evenements\/","og_locale":"fr_FR","og_type":"article","og_title":"Nos \u00e9v\u00e9nements m\u00e9dicaux | EMOVI | KNEEKG","og_description":"Joignez-vous \u00e0 nos \u00e9v\u00e9nements m\u00e9dicaux et apprenez-en plus sur la technologie KneeKG et les avantages de recourir \u00e0 la genougraphie du genou.","og_url":"https:\/\/emovi.ca\/fr\/ressources\/evenements\/","og_site_name":"Emovi","article_publisher":"https:\/\/www.facebook.com\/EmoviKneeKG\/","article_modified_time":"2021-04-29T00:35:33+00:00","og_image":[{"width":1200,"height":630,"url":"https:\/\/emovi.ca\/wp-content\/uploads\/2021\/04\/emovi-og.jpg","type":"image\/jpeg"}],"twitter_card":"summary_large_image","twitter_site":"@emovi_kneekg","twitter_misc":{"Dur\u00e9e de lecture estim\u00e9e":"1 minute"},"schema":{"@context":"https:\/\/schema.org","@graph":[{"@type":"WebPage","@id":"https:\/\/emovi.ca\/fr\/ressources\/evenements\/","url":"https:\/\/emovi.ca\/fr\/ressources\/evenements\/","name":"Nos \u00e9v\u00e9nements m\u00e9dicaux | EMOVI | KNEEKG","isPartOf":{"@id":"https:\/\/emovi.ca\/fr\/#website"},"datePublished":"2021-03-12T18:42:28+00:00","dateModified":"2021-04-29T00:35:33+00:00","description":"Joignez-vous \u00e0 nos \u00e9v\u00e9nements m\u00e9dicaux et apprenez-en plus sur la technologie KneeKG et les avantages de recourir \u00e0 la genougraphie du genou.","breadcrumb":{"@id":"https:\/\/emovi.ca\/fr\/ressources\/evenements\/#breadcrumb"},"inLanguage":"fr-FR","potentialAction":[{"@type":"ReadAction","target":["https:\/\/emovi.ca\/fr\/ressources\/evenements\/"]}]},{"@type":"BreadcrumbList","@id":"https:\/\/emovi.ca\/fr\/ressources\/evenements\/#breadcrumb","itemListElement":[{"@type":"ListItem","position":1,"name":"Accueil","item":"https:\/\/emovi.ca\/fr\/"},{"@type":"ListItem","position":2,"name":"Ressources","item":"https:\/\/emovi.ca\/fr\/ressources\/"},{"@type":"ListItem","position":3,"name":"\u00c9v\u00e9nements"}]},{"@type":"WebSite","@id":"https:\/\/emovi.ca\/fr\/#website","url":"https:\/\/emovi.ca\/fr\/","name":"Emovi","description":"Outil de diagnostic et d\u2019examen de la douleur au genou","potentialAction":[{"@type":"SearchAction","target":{"@type":"EntryPoint","urlTemplate":"https:\/\/emovi.ca\/fr\/?s={search_term_string}"},"query-input":{"@type":"PropertyValueSpecification","valueRequired":true,"valueName":"search_term_string"}}],"inLanguage":"fr-FR"}]}},"_links":{"self":[{"href":"https:\/\/emovi.ca\/fr\/wp-json\/wp\/v2\/pages\/51","targetHints":{"allow":["GET"]}}],"collection":[{"href":"https:\/\/emovi.ca\/fr\/wp-json\/wp\/v2\/pages"}],"about":[{"href":"https:\/\/emovi.ca\/fr\/wp-json\/wp\/v2\/types\/page"}],"author":[{"embeddable":true,"href":"https:\/\/emovi.ca\/fr\/wp-json\/wp\/v2\/users\/1"}],"replies":[{"embeddable":true,"href":"https:\/\/emovi.ca\/fr\/wp-json\/wp\/v2\/comments?post=51"}],"version-history":[{"count":11,"href":"https:\/\/emovi.ca\/fr\/wp-json\/wp\/v2\/pages\/51\/revisions"}],"predecessor-version":[{"id":1740,"href":"https:\/\/emovi.ca\/fr\/wp-json\/wp\/v2\/pages\/51\/revisions\/1740"}],"up":[{"embeddable":true,"href":"https:\/\/emovi.ca\/fr\/wp-json\/wp\/v2\/pages\/47"}],"wp:attachment":[{"href":"https:\/\/emovi.ca\/fr\/wp-json\/wp\/v2\/media?parent=51"}],"curies":[{"name":"wp","href":"https:\/\/api.w.org\/{rel}","templated":true}]}}