{"id":4558,"date":"2023-03-31T08:11:15","date_gmt":"2023-03-31T12:11:15","guid":{"rendered":"https:\/\/emovi.ca\/contact-biancamarois\/"},"modified":"2023-05-29T10:37:12","modified_gmt":"2023-05-29T14:37:12","slug":"contact-biancamarois","status":"publish","type":"page","link":"https:\/\/emovi.ca\/fr\/contact-biancamarois\/","title":{"rendered":"Contact-BiancaMarois"},"content":{"rendered":"<div class=\"wpb-content-wrapper\"><p>[vc_row full_width=&#8221;stretch_row&#8221; equal_height=&#8221;yes&#8221; content_placement=&#8221;middle&#8221; css=&#8221;.vc_custom_1680265345032{margin-top: 0px !important;margin-right: 0px !important;margin-bottom: 10px !important;margin-left: 0px !important;border-top-width: 0px !important;border-right-width: 0px !important;border-bottom-width: 0px !important;border-left-width: 0px !important;padding-top: 0px !important;padding-bottom: 0px !important;background-color: #6995b6 !important;background-position: center !important;background-repeat: no-repeat !important;background-size: cover !important;}&#8221; el_class=&#8221;entete-image-contact&#8221;][vc_column][\/vc_column][\/vc_row][vc_row css=&#8221;.vc_custom_1673383808692{margin-top: 0px !important;margin-bottom: 0px !important;border-top-width: 0px !important;border-bottom-width: 0px !important;}&#8221;][vc_column width=&#8221;2\/3&#8243; css=&#8221;.vc_custom_1671720979309{margin-top: 0px !important;}&#8221;][vc_single_image image=&#8221;4553&#8243; img_size=&#8221;large&#8221;][vc_column_text]<\/p>\n<h1 style=\"color: #6995b6;\">Bianca Marois<\/h1>\n<h3>Kin\u00e9siologue, experte clinique et technique KneeKG<\/h3>\n<p>[\/vc_column_text][social_vc_father][social_vc_son style=&#8221;effect1&#8243; url=&#8221;https:\/\/www.facebook.com\/EmoviKneeKG&#8221; size=&#8221;50&#8243; icon=&#8221;fab fa-facebook&#8221; clr=&#8221;#6995b6&#8243; hoverclr=&#8221;#233a77&#8243;][social_vc_son style=&#8221;effect1&#8243; url=&#8221;https:\/\/www.linkedin.com\/in\/bianca-marois-436959151\/&#8221; size=&#8221;50&#8243; icon=&#8221;fab fa-linkedin&#8221; clr=&#8221;#6995b6&#8243; hoverclr=&#8221;#233a77&#8243;][\/social_vc_father][\/vc_column][vc_column width=&#8221;1\/3&#8243;][\/vc_column][\/vc_row][vc_row equal_height=&#8221;yes&#8221; content_placement=&#8221;middle&#8221;][vc_column width=&#8221;1\/6&#8243;][\/vc_column][vc_column width=&#8221;2\/3&#8243;][vc_btn title=&#8221;Enregistrer le contact&#8221; style=&#8221;outline-custom&#8221; outline_custom_color=&#8221;#ffffff&#8221; outline_custom_hover_background=&#8221;#233a76&#8243; outline_custom_hover_text=&#8221;#ffffff&#8221; shape=&#8221;square&#8221; size=&#8221;lg&#8221; align=&#8221;center&#8221; button_block=&#8221;true&#8221; el_class=&#8221;bouton-general bleu&#8221; link=&#8221;url:https%3A%2F%2Femovi.ca%2Fwp-content%2Fuploads%2F2023%2F03%2FBianca-Marois.vcf&#8221;][\/vc_column][vc_column width=&#8221;1\/6&#8243;][\/vc_column][\/vc_row][vc_row][vc_column][vc_separator][\/vc_column][\/vc_row][vc_row content_placement=&#8221;middle&#8221; el_id=&#8221;1&#8243; el_class=&#8221;marge-rangee&#8221;][vc_column][vc_column_text]<\/p>\n<h2 style=\"text-align: center;\">En apprendre davantage sur le syst\u00e8me KneeKG<\/h2>\n<p>[\/vc_column_text][vc_btn title=&#8221;Un examen dynamique (anglais)&#8221; style=&#8221;outline-custom&#8221; outline_custom_color=&#8221;#6995b6&#8243; outline_custom_hover_background=&#8221;#6995b6&#8243; outline_custom_hover_text=&#8221;#ffffff&#8221; size=&#8221;lg&#8221; align=&#8221;center&#8221; button_block=&#8221;true&#8221; link=&#8221;url:https%3A%2F%2Flink.emovi.ca%2FEN%2FKneeKG-Teaser|target:_blank&#8221;][vc_btn title=&#8221;Example de rapports&#8221; style=&#8221;outline-custom&#8221; outline_custom_color=&#8221;#777777&#8243; outline_custom_hover_background=&#8221;#666666&#8243; outline_custom_hover_text=&#8221;#ffffff&#8221; size=&#8221;lg&#8221; align=&#8221;center&#8221; button_block=&#8221;true&#8221; link=&#8221;url:https%3A%2F%2Femovi.ca%2Fwp-content%2Fuploads%2F2023%2F01%2FKneeKG_Reports-1022-FR.pdf|target:_blank&#8221;][vc_btn title=&#8221;R\u00e9sum\u00e9 des publications cl\u00e9s (anglais)&#8221; style=&#8221;outline-custom&#8221; outline_custom_color=&#8221;#233a76&#8243; outline_custom_hover_background=&#8221;#233a76&#8243; outline_custom_hover_text=&#8221;#ffffff&#8221; size=&#8221;lg&#8221; align=&#8221;center&#8221; button_block=&#8221;true&#8221; link=&#8221;url:https%3A%2F%2Flink.emovi.ca%2FKneeKGLiterature|target:_blank&#8221;][vc_btn title=&#8221;KneeKG PRO&#8221; style=&#8221;outline-custom&#8221; outline_custom_color=&#8221;#cb442e&#8221; outline_custom_hover_background=&#8221;#cb442e&#8221; outline_custom_hover_text=&#8221;#ffffff&#8221; size=&#8221;lg&#8221; align=&#8221;center&#8221; button_block=&#8221;true&#8221; link=&#8221;url:https%3A%2F%2Femovi.ca%2Ffr%2Fkneekg-pro%2F|title:KneeKG%20PRO|target:_blank&#8221;][\/vc_column][\/vc_row][vc_row content_placement=&#8221;middle&#8221; el_class=&#8221;marge-rangee&#8221;][vc_column][vc_column_text]<\/p>\n<h2 style=\"text-align: center;\">Une nouvelle modalit\u00e9 pour l&#8217;innovation des proc\u00e9dures et de meilleurs r\u00e9sultats orthop\u00e9diques<\/h2>\n<p>[\/vc_column_text][vc_video link=&#8221;https:\/\/vimeo.com\/771715265&#8243; align=&#8221;center&#8221;][vc_column_text]<\/p>\n<h2 style=\"text-align: center;\">Emovi, un partenaire d\u00e9vou\u00e9<\/h2>\n<p>[\/vc_column_text][vc_video link=&#8221;https:\/\/youtu.be\/l4hAwFajreY&#8221; align=&#8221;center&#8221;][vc_column_text]<\/p>\n<h2 style=\"text-align: center;\">Regardez comment la genougraphie est effectu\u00e9e<\/h2>\n<p>[\/vc_column_text][vc_video link=&#8221;https:\/\/vimeo.com\/831213833\/193775ff1a?share=copy&#8221; align=&#8221;center&#8221;][\/vc_column][\/vc_row]<\/p>\n<\/div>","protected":false},"excerpt":{"rendered":"<p>[vc_row full_width=&#8221;stretch_row&#8221; equal_height=&#8221;yes&#8221; content_placement=&#8221;middle&#8221; css=&#8221;.vc_custom_1680265345032{margin-top: 0px !important;margin-right: 0px !important;margin-bottom: 10px !important;margin-left: 0px !important;border-top-width: 0px !important;border-right-width: 0px !important;border-bottom-width: 0px !important;border-left-width: 0px !important;padding-top: 0px !important;padding-bottom: 0px !important;background-color: #6995b6 !important;background-position: center !important;background-repeat: no-repeat !important;background-size: cover !important;}&#8221; el_class=&#8221;entete-image-contact&#8221;][vc_column][\/vc_column][\/vc_row][vc_row css=&#8221;.vc_custom_1673383808692{margin-top: 0px !important;margin-bottom: 0px !important;border-top-width: 0px !important;border-bottom-width: 0px !important;}&#8221;][vc_column width=&#8221;2\/3&#8243; css=&#8221;.vc_custom_1671720979309{margin-top: 0px !important;}&#8221;][vc_single_image image=&#8221;4553&#8243; img_size=&#8221;large&#8221;][vc_column_text] Bianca Marois Kin\u00e9siologue, experte clinique et [&hellip;]<\/p>\n","protected":false},"author":7,"featured_media":0,"parent":0,"menu_order":0,"comment_status":"closed","ping_status":"closed","template":"","meta":{"footnotes":""},"class_list":["post-4558","page","type-page","status-publish","hentry"],"yoast_head":"<!-- This site is optimized with the Yoast SEO plugin v26.5 - https:\/\/yoast.com\/wordpress\/plugins\/seo\/ -->\n<title>Contact-BiancaMarois - Emovi<\/title>\n<meta name=\"robots\" content=\"index, follow, max-snippet:-1, max-image-preview:large, max-video-preview:-1\" \/>\n<link rel=\"canonical\" href=\"https:\/\/emovi.ca\/fr\/contact-biancamarois\/\" \/>\n<meta property=\"og:locale\" content=\"fr_FR\" \/>\n<meta property=\"og:type\" content=\"article\" \/>\n<meta property=\"og:title\" content=\"Contact-BiancaMarois - Emovi\" \/>\n<meta property=\"og:description\" content=\"[vc_row full_width=&#8221;stretch_row&#8221; equal_height=&#8221;yes&#8221; content_placement=&#8221;middle&#8221; css=&#8221;.vc_custom_1680265345032{margin-top: 0px !important;margin-right: 0px !important;margin-bottom: 10px !important;margin-left: 0px !important;border-top-width: 0px !important;border-right-width: 0px !important;border-bottom-width: 0px !important;border-left-width: 0px !important;padding-top: 0px !important;padding-bottom: 0px !important;background-color: #6995b6 !important;background-position: center !important;background-repeat: no-repeat !important;background-size: cover !important;}&#8221; el_class=&#8221;entete-image-contact&#8221;][vc_column][\/vc_column][\/vc_row][vc_row css=&#8221;.vc_custom_1673383808692{margin-top: 0px !important;margin-bottom: 0px !important;border-top-width: 0px !important;border-bottom-width: 0px !important;}&#8221;][vc_column width=&#8221;2\/3&#8243; css=&#8221;.vc_custom_1671720979309{margin-top: 0px !important;}&#8221;][vc_single_image image=&#8221;4553&#8243; img_size=&#8221;large&#8221;][vc_column_text] Bianca Marois Kin\u00e9siologue, experte clinique et [&hellip;]\" \/>\n<meta property=\"og:url\" content=\"https:\/\/emovi.ca\/fr\/contact-biancamarois\/\" \/>\n<meta property=\"og:site_name\" content=\"Emovi\" \/>\n<meta property=\"article:publisher\" content=\"https:\/\/www.facebook.com\/EmoviKneeKG\/\" \/>\n<meta property=\"article:modified_time\" content=\"2023-05-29T14:37:12+00:00\" \/>\n<meta property=\"og:image\" content=\"https:\/\/emovi.ca\/wp-content\/uploads\/2021\/04\/emovi-og.jpg\" \/>\n\t<meta property=\"og:image:width\" content=\"1200\" \/>\n\t<meta property=\"og:image:height\" content=\"630\" \/>\n\t<meta property=\"og:image:type\" content=\"image\/jpeg\" \/>\n<meta name=\"twitter:card\" content=\"summary_large_image\" \/>\n<meta name=\"twitter:site\" content=\"@emovi_kneekg\" \/>\n<meta name=\"twitter:label1\" content=\"Dur\u00e9e de lecture estim\u00e9e\" \/>\n\t<meta name=\"twitter:data1\" content=\"1 minute\" \/>\n<script type=\"application\/ld+json\" class=\"yoast-schema-graph\">{\"@context\":\"https:\/\/schema.org\",\"@graph\":[{\"@type\":\"WebPage\",\"@id\":\"https:\/\/emovi.ca\/fr\/contact-biancamarois\/\",\"url\":\"https:\/\/emovi.ca\/fr\/contact-biancamarois\/\",\"name\":\"Contact-BiancaMarois - Emovi\",\"isPartOf\":{\"@id\":\"https:\/\/emovi.ca\/fr\/#website\"},\"datePublished\":\"2023-03-31T12:11:15+00:00\",\"dateModified\":\"2023-05-29T14:37:12+00:00\",\"breadcrumb\":{\"@id\":\"https:\/\/emovi.ca\/fr\/contact-biancamarois\/#breadcrumb\"},\"inLanguage\":\"fr-FR\",\"potentialAction\":[{\"@type\":\"ReadAction\",\"target\":[\"https:\/\/emovi.ca\/fr\/contact-biancamarois\/\"]}]},{\"@type\":\"BreadcrumbList\",\"@id\":\"https:\/\/emovi.ca\/fr\/contact-biancamarois\/#breadcrumb\",\"itemListElement\":[{\"@type\":\"ListItem\",\"position\":1,\"name\":\"Accueil\",\"item\":\"https:\/\/emovi.ca\/fr\/\"},{\"@type\":\"ListItem\",\"position\":2,\"name\":\"Contact-BiancaMarois\"}]},{\"@type\":\"WebSite\",\"@id\":\"https:\/\/emovi.ca\/fr\/#website\",\"url\":\"https:\/\/emovi.ca\/fr\/\",\"name\":\"Emovi\",\"description\":\"Outil de diagnostic et d\u2019examen de la douleur au genou\",\"potentialAction\":[{\"@type\":\"SearchAction\",\"target\":{\"@type\":\"EntryPoint\",\"urlTemplate\":\"https:\/\/emovi.ca\/fr\/?s={search_term_string}\"},\"query-input\":{\"@type\":\"PropertyValueSpecification\",\"valueRequired\":true,\"valueName\":\"search_term_string\"}}],\"inLanguage\":\"fr-FR\"}]}<\/script>\n<!-- \/ Yoast SEO plugin. -->","yoast_head_json":{"title":"Contact-BiancaMarois - Emovi","robots":{"index":"index","follow":"follow","max-snippet":"max-snippet:-1","max-image-preview":"max-image-preview:large","max-video-preview":"max-video-preview:-1"},"canonical":"https:\/\/emovi.ca\/fr\/contact-biancamarois\/","og_locale":"fr_FR","og_type":"article","og_title":"Contact-BiancaMarois - Emovi","og_description":"[vc_row full_width=&#8221;stretch_row&#8221; equal_height=&#8221;yes&#8221; content_placement=&#8221;middle&#8221; css=&#8221;.vc_custom_1680265345032{margin-top: 0px !important;margin-right: 0px !important;margin-bottom: 10px !important;margin-left: 0px !important;border-top-width: 0px !important;border-right-width: 0px !important;border-bottom-width: 0px !important;border-left-width: 0px !important;padding-top: 0px !important;padding-bottom: 0px !important;background-color: #6995b6 !important;background-position: center !important;background-repeat: no-repeat !important;background-size: cover !important;}&#8221; el_class=&#8221;entete-image-contact&#8221;][vc_column][\/vc_column][\/vc_row][vc_row css=&#8221;.vc_custom_1673383808692{margin-top: 0px !important;margin-bottom: 0px !important;border-top-width: 0px !important;border-bottom-width: 0px !important;}&#8221;][vc_column width=&#8221;2\/3&#8243; css=&#8221;.vc_custom_1671720979309{margin-top: 0px !important;}&#8221;][vc_single_image image=&#8221;4553&#8243; img_size=&#8221;large&#8221;][vc_column_text] Bianca Marois Kin\u00e9siologue, experte clinique et [&hellip;]","og_url":"https:\/\/emovi.ca\/fr\/contact-biancamarois\/","og_site_name":"Emovi","article_publisher":"https:\/\/www.facebook.com\/EmoviKneeKG\/","article_modified_time":"2023-05-29T14:37:12+00:00","og_image":[{"width":1200,"height":630,"url":"https:\/\/emovi.ca\/wp-content\/uploads\/2021\/04\/emovi-og.jpg","type":"image\/jpeg"}],"twitter_card":"summary_large_image","twitter_site":"@emovi_kneekg","twitter_misc":{"Dur\u00e9e de lecture estim\u00e9e":"1 minute"},"schema":{"@context":"https:\/\/schema.org","@graph":[{"@type":"WebPage","@id":"https:\/\/emovi.ca\/fr\/contact-biancamarois\/","url":"https:\/\/emovi.ca\/fr\/contact-biancamarois\/","name":"Contact-BiancaMarois - Emovi","isPartOf":{"@id":"https:\/\/emovi.ca\/fr\/#website"},"datePublished":"2023-03-31T12:11:15+00:00","dateModified":"2023-05-29T14:37:12+00:00","breadcrumb":{"@id":"https:\/\/emovi.ca\/fr\/contact-biancamarois\/#breadcrumb"},"inLanguage":"fr-FR","potentialAction":[{"@type":"ReadAction","target":["https:\/\/emovi.ca\/fr\/contact-biancamarois\/"]}]},{"@type":"BreadcrumbList","@id":"https:\/\/emovi.ca\/fr\/contact-biancamarois\/#breadcrumb","itemListElement":[{"@type":"ListItem","position":1,"name":"Accueil","item":"https:\/\/emovi.ca\/fr\/"},{"@type":"ListItem","position":2,"name":"Contact-BiancaMarois"}]},{"@type":"WebSite","@id":"https:\/\/emovi.ca\/fr\/#website","url":"https:\/\/emovi.ca\/fr\/","name":"Emovi","description":"Outil de diagnostic et d\u2019examen de la douleur au genou","potentialAction":[{"@type":"SearchAction","target":{"@type":"EntryPoint","urlTemplate":"https:\/\/emovi.ca\/fr\/?s={search_term_string}"},"query-input":{"@type":"PropertyValueSpecification","valueRequired":true,"valueName":"search_term_string"}}],"inLanguage":"fr-FR"}]}},"_links":{"self":[{"href":"https:\/\/emovi.ca\/fr\/wp-json\/wp\/v2\/pages\/4558","targetHints":{"allow":["GET"]}}],"collection":[{"href":"https:\/\/emovi.ca\/fr\/wp-json\/wp\/v2\/pages"}],"about":[{"href":"https:\/\/emovi.ca\/fr\/wp-json\/wp\/v2\/types\/page"}],"author":[{"embeddable":true,"href":"https:\/\/emovi.ca\/fr\/wp-json\/wp\/v2\/users\/7"}],"replies":[{"embeddable":true,"href":"https:\/\/emovi.ca\/fr\/wp-json\/wp\/v2\/comments?post=4558"}],"version-history":[{"count":3,"href":"https:\/\/emovi.ca\/fr\/wp-json\/wp\/v2\/pages\/4558\/revisions"}],"predecessor-version":[{"id":4635,"href":"https:\/\/emovi.ca\/fr\/wp-json\/wp\/v2\/pages\/4558\/revisions\/4635"}],"wp:attachment":[{"href":"https:\/\/emovi.ca\/fr\/wp-json\/wp\/v2\/media?parent=4558"}],"curies":[{"name":"wp","href":"https:\/\/api.w.org\/{rel}","templated":true}]}}