{"id":45,"date":"2021-03-12T13:41:21","date_gmt":"2021-03-12T18:41:21","guid":{"rendered":"https:\/\/emovi.ca\/?page_id=45"},"modified":"2023-01-20T10:30:29","modified_gmt":"2023-01-20T15:30:29","slug":"faq","status":"publish","type":"page","link":"https:\/\/emovi.ca\/fr\/cliniciens\/faq\/","title":{"rendered":"FAQ"},"content":{"rendered":"<div class=\"wpb-content-wrapper\"><p>[vc_row full_width=&#8221;stretch_row&#8221; content_placement=&#8221;middle&#8221; css=&#8221;.vc_custom_1616786534120{background-image: url(https:\/\/emovi.ca\/wp-content\/uploads\/2021\/03\/ressources_faq_v2.png?id=632) !important;background-position: center !important;background-repeat: no-repeat !important;background-size: cover !important;}&#8221; el_class=&#8221;entete-image-fond blanc&#8221;][vc_column][vc_column_text]<\/p>\n<h1 style=\"text-align: center;\">FAQ pour les cliniciens<\/h1>\n<p style=\"text-align: center;\">\u00c0 propos du syst\u00e8me KneeKG\u00ae<\/p>\n<p>[\/vc_column_text][\/vc_column][\/vc_row][vc_row equal_height=&#8221;yes&#8221; content_placement=&#8221;middle&#8221;][vc_column][vc_tta_accordion shape=&#8221;square&#8221; active_section=&#8221;0&#8243; collapsible_all=&#8221;true&#8221; el_class=&#8221;faq-accordeon&#8221;][vc_tta_section title=&#8221;Pourquoi une \u00e9valuation cin\u00e9matique objective 3D est-elle importante ?&#8221; tab_id=&#8221;evaluation&#8221;][vc_column_text]L\u2019alignement du genou est reconnu dans la litt\u00e9rature et les guides de pratique clinique pour influencer la progression de la blessure au genou et les sympt\u00f4mes du patient. Toutefois,\u00a0<b>l\u2019\u00e9valuation de l\u2019alignement fait par les yeux ou des cam\u00e9ras est influenc\u00e9e par l\u2019environnement d\u2019\u00e9valuation<\/b>\u00a0: que ce soit l\u2019illusion d\u2019optique, la physionomie du patient (ex\u00a0: musculature, BMI, posture) et d\u2019autres facteurs dont l\u2019angle du regard\/position de la cam\u00e9ra.[\/vc_column_text][\/vc_tta_section][vc_tta_section title=&#8221;Comment la genougraphie du genou aide-t-elle cliniquement mes patients ?&#8221; tab_id=&#8221;comment-genougraphie-aide&#8221;][vc_column_text]Les r\u00e9sultats de la genougraphie avec le syst\u00e8me KneeKG\u00a0offrent des\u00a0<b>informations objectives, quantifiables et en temps r\u00e9el sur la fonction du genou<\/b>\u00a0<b>pour concevoir un parcours de soins personnalis\u00e9<\/b>. Elle permet d\u2019identifier les d\u00e9ficiences m\u00e9caniques connues pour \u00eatre un facteur cl\u00e9 dans le d\u00e9veloppement et la progression des blessures au genou et celles caus\u00e9es par des pathologies ou des complications sp\u00e9cifiques.\u00a0\u00a0Cela permet d\u2019\u00e9valuer\u00a0:<\/p>\n<ul>\n<li>L\u2019impact d\u2019une blessure sur la fonction articulaire du genou ;<\/li>\n<li>\u00c9tiologie fonctionnelle des sympt\u00f4mes du patient ;<\/li>\n<li>Marqueurs biom\u00e9caniques li\u00e9s au d\u00e9veloppement et \u00e0 la progression des pathologies du genou ;<\/li>\n<li>L\u2019impact des traitements \/ chirurgie sur la fonction articulaire du genou.<\/li>\n<\/ul>\n<p>Par cons\u00e9quent, le clinicien peut rapidement\u00a0:<\/p>\n<ul>\n<li>Acqu\u00e9rir une compr\u00e9hension des sympt\u00f4mes et comment g\u00e9rer efficacement le probl\u00e8me avec des donn\u00e9es objectives ;<\/li>\n<li>Travaillez \u00e0 traiter la cause du probl\u00e8me et \u00e0 une r\u00e9cup\u00e9ration fonctionnelle plut\u00f4t que de simplement traiter la douleur.<\/li>\n<\/ul>\n<p>[\/vc_column_text][\/vc_tta_section][vc_tta_section title=&#8221;Que mesure le syst\u00e8me KneeKG\u00ae ?&#8221; tab_id=&#8221;mesure&#8221;][vc_column_text]Le syst\u00e8me KneeKG\u00a0<b>\u00e9value la cin\u00e9matique 3D du genou\u00a0<\/b>(mouvements du genou en 3 dimensions) dans des conditions dynamiques et en charge. Plus pr\u00e9cis\u00e9ment, le syst\u00e8me KneeKG\u00a0identifie et mesure les\u00a0<strong><a href=\"https:\/\/papyrus.bib.umontreal.ca\/xmlui\/handle\/1866\/13629\" target=\"_blank\" rel=\"noopener\">marqueurs biom\u00e9caniques<\/a><\/strong> li\u00e9s \u00e0 la progression et aux sympt\u00f4mes de diverses pathologies et\/ou traumatismes du genou.\u00a0\u00a0Ces marqueurs sont extraits des mesures brutes du KneeKG, qui sont la cin\u00e9matique 3D genou et incluent\u00a0:<\/p>\n<ul>\n<li>Flexion \/ Extension ;<\/li>\n<li>Varus \/ Valgus ;<\/li>\n<li>Rotation tibiale interne \/ externe.<\/li>\n<\/ul>\n<p>Les algorithmes du syst\u00e8me KneeKG\u00a0analysent ensuite les donn\u00e9es automatiquement et extraient des\u00a0biomarqueurs m\u00e9caniques connus pour \u00eatre li\u00e9s \u00e0 la progression de pathologies sp\u00e9cifiques et de sympt\u00f4mes li\u00e9s \u00e0 une blessure au genou.\u00a0\u00a0Cette ressource m\u00e9dicale fournit des rapports instantan\u00e9s pour aider les professionnels de sant\u00e9 \u00e0 personnaliser un plan de traitement.[\/vc_column_text][vc_row_inner][vc_column_inner][vc_column_text]<\/p>\n<h3>Marqueurs Biom\u00e9caniques reconnus par la litt\u00e9rature fournis par le syst\u00e8me KneeKG MC<\/h3>\n<p>[\/vc_column_text][\/vc_column_inner][\/vc_row_inner][vc_row_inner][vc_column_inner width=&#8221;1\/3&#8243;][vc_column_text]<\/p>\n<h4>Gonarthrose<\/h4>\n<p><strong>Contracture dynamique en flexion<\/strong><\/p>\n<ul>\n<li>Augmente les charges sur les articulations TF &amp; FR<\/li>\n<li>M\u00e8ne \u00e0 des douleurs ant\u00e9rieures du genou<\/li>\n<li>Augmente les tensions et les charges sur les quadriceps<\/li>\n<li>R\u00e9duit l\u2019endurance<\/li>\n<\/ul>\n<p><strong>Thrust en varus ou en valgus<\/strong><\/p>\n<ul>\n<li>Augmente de 3 \u00e0 4x le risque de progression de la gonarthrose<\/li>\n<\/ul>\n<p><strong>Alignement en varus ou en valgus<\/strong><\/p>\n<ul>\n<li>Augmente les charges sur l\u2019articulation tibio-f\u00e9morale<\/li>\n<\/ul>\n<p><strong>D\u00e9calage en rotation tibiale interne<\/strong><\/p>\n<ul>\n<li>Transf\u00e8re les charges sur d\u2019autres zones d\u2019appui<\/li>\n<\/ul>\n<p>[\/vc_column_text][\/vc_column_inner][vc_column_inner width=&#8221;1\/3&#8243;][vc_column_text]<\/p>\n<h4>Syndrome f\u00e9moro rotulien<\/h4>\n<p><strong>Contracture dynamique en flexion<\/strong><\/p>\n<ul>\n<li>Augmente le stress sur l\u2019articulation f\u00e9moro rotulienne<\/li>\n<\/ul>\n<p><strong>Alignement en varus ou en valgus<\/strong><\/p>\n<ul>\n<li>Modifie l\u2019alignement de la rotule<\/li>\n<\/ul>\n<p><strong>Affaissement du genou en valgus<\/strong><\/p>\n<ul>\n<li>Augmente l\u2019angle Q<\/li>\n<li>Engendre une force lat\u00e9rale sur la rotule<\/li>\n<\/ul>\n<p><strong>Rotation tibiale externe<\/strong><\/p>\n<ul>\n<li>Augmente la contrainte de cisaillement<\/li>\n<\/ul>\n<p>[\/vc_column_text][\/vc_column_inner][vc_column_inner width=&#8221;1\/3&#8243;][vc_column_text]<\/p>\n<h4>Blessure du ligament crois\u00e9 ant\u00e9rieur<\/h4>\n<p><strong>Contracture dynamique en flexion<\/strong><\/p>\n<ul>\n<li>Strat\u00e9gie de compensation afin de stabiliser le genou<\/li>\n<li>Augmente le stress sur l\u2019articulation f\u00e9moro rotulienne<\/li>\n<\/ul>\n<p><strong>Changement en rotation tibiale interne<\/strong><\/p>\n<ul>\n<li>Transf\u00e8re les charges sur l\u2019articulation tibio-f\u00e9morale<\/li>\n<li>Augmente les risques de d\u00e9veloppement de la gonarthrose<\/li>\n<\/ul>\n<p><strong>Variabilit\u00e9 en rotation tibiale interne et externe <\/strong><\/p>\n<ul>\n<li>Signe d\u2019instabilit\u00e9<\/li>\n<\/ul>\n<p><strong>Thrust en varus<\/strong><\/p>\n<ul>\n<li>Potentielle instabilit\u00e9 post\u00e9ro-lat\u00e9rale<\/li>\n<\/ul>\n<p>[\/vc_column_text][\/vc_column_inner][\/vc_row_inner][\/vc_tta_section][vc_tta_section title=&#8221;Qui peut faire la genougraphie du genou ?&#8221; tab_id=&#8221;qui-peut-faire&#8221;][vc_column_text]Un personnel form\u00e9 et certifi\u00e9 par EMOVI, par exemple un physioth\u00e9rapeute, th\u00e9rapeute en r\u00e9adaptation, kin\u00e9siologue, kin\u00e9sith\u00e9rapeute.[\/vc_column_text][\/vc_tta_section][vc_tta_section title=&#8221;Existe-t-il de la litt\u00e9rature sur la genougraphie avec le KneeKG\u00ae ?&#8221; tab_id=&#8221;litterature&#8221;][vc_column_text]Il existe plus de 100 publications portant sur le KneeKG et la genougraphie avec le syst\u00e8me KneeKG. Vous pouvez consulter la litt\u00e9rature et trouver davantage de ressources m\u00e9dicales sur notre site.[\/vc_column_text][vc_btn title=&#8221;Ce que la science dit&#8221; style=&#8221;outline-custom&#8221; outline_custom_color=&#8221;#ffffff&#8221; outline_custom_hover_background=&#8221;#666666&#8243; outline_custom_hover_text=&#8221;#ffffff&#8221; shape=&#8221;square&#8221; align=&#8221;left&#8221; link=&#8221;url:https%3A%2F%2Femovi.ca%2Ffr%2Fcliniciens%2Fce-que-la-science-dit-a-propos-de-la-genougraphie%2F|title:Ce%20que%20la%20science%20dit&#8221; el_class=&#8221;bouton-general bleu&#8221;][\/vc_tta_section][vc_tta_section title=&#8221;Combien co\u00fbte un KneeKG\u00ae ?&#8221; tab_id=&#8221;cout&#8221;][vc_column_text]<strong>Il n&#8217;y a pas de frais initiaux\u202f!<\/strong> Pour en savoir plus sur notre mod\u00e8le de paiement \u00e0 l&#8217;utilisation, r\u00e9servez une d\u00e9mo.[\/vc_column_text][vc_btn title=&#8221;Contactez-nous&#8221; style=&#8221;outline-custom&#8221; outline_custom_color=&#8221;#ffffff&#8221; outline_custom_hover_background=&#8221;#666666&#8243; outline_custom_hover_text=&#8221;#ffffff&#8221; shape=&#8221;square&#8221; align=&#8221;left&#8221; link=&#8221;url:https%3A%2F%2Femovi.ca%2Ffr%2Fcontact%2F|title:Contact&#8221; el_class=&#8221;bouton-general bleu&#8221;][\/vc_tta_section][vc_tta_section title=&#8221;Comment proc\u00e9der \u00e0 l\u2019installation d\u2019un KneeKG\u00ae ?&#8221; tab_id=&#8221;comment-procc\u00e9der&#8221;][vc_column_text]Un appel d\u2019implantation sera fait avec vous afin d\u2019organiser l\u2019installation et la formation de votre personnel. Contactez-nous afin d\u2019en discuter avec un des membres de\u00a0<strong><a href=\"https:\/\/emovi.ca\/fr\/ressources\/lequipe\/\">notre \u00e9quipe<\/a><\/strong><b>.<\/b>[\/vc_column_text][vc_btn title=&#8221;Contactez-nous&#8221; style=&#8221;outline-custom&#8221; outline_custom_color=&#8221;#ffffff&#8221; outline_custom_hover_background=&#8221;#666666&#8243; outline_custom_hover_text=&#8221;#ffffff&#8221; shape=&#8221;square&#8221; align=&#8221;left&#8221; link=&#8221;url:https%3A%2F%2Femovi.ca%2Ffr%2Fcontact%2F|title:Contact&#8221; el_class=&#8221;bouton-general bleu&#8221;][\/vc_tta_section][\/vc_tta_accordion][vc_empty_space height=&#8221;50px&#8221;][\/vc_column][\/vc_row]<\/p>\n<\/div>","protected":false},"excerpt":{"rendered":"<p>[vc_row full_width=&#8221;stretch_row&#8221; content_placement=&#8221;middle&#8221; css=&#8221;.vc_custom_1616786534120{background-image: url(https:\/\/emovi.ca\/wp-content\/uploads\/2021\/03\/ressources_faq_v2.png?id=632) !important;background-position: center !important;background-repeat: no-repeat !important;background-size: cover !important;}&#8221; el_class=&#8221;entete-image-fond blanc&#8221;][vc_column][vc_column_text] FAQ pour les cliniciens \u00c0 propos du syst\u00e8me KneeKG\u00ae [\/vc_column_text][\/vc_column][\/vc_row][vc_row equal_height=&#8221;yes&#8221; content_placement=&#8221;middle&#8221;][vc_column][vc_tta_accordion shape=&#8221;square&#8221; active_section=&#8221;0&#8243; collapsible_all=&#8221;true&#8221; el_class=&#8221;faq-accordeon&#8221;][vc_tta_section title=&#8221;Pourquoi une \u00e9valuation cin\u00e9matique objective 3D est-elle importante ?&#8221; tab_id=&#8221;evaluation&#8221;][vc_column_text]L\u2019alignement du genou est reconnu dans la litt\u00e9rature et les guides de pratique clinique pour influencer [&hellip;]<\/p>\n","protected":false},"author":1,"featured_media":0,"parent":35,"menu_order":0,"comment_status":"closed","ping_status":"closed","template":"fullwidth.php","meta":{"footnotes":""},"class_list":["post-45","page","type-page","status-publish","hentry"],"yoast_head":"<!-- This site is optimized with the Yoast SEO plugin v26.5 - https:\/\/yoast.com\/wordpress\/plugins\/seo\/ -->\n<title>Cliniciens : FAQ sur la genougraphie | EMOVI | KNEEKG\u00ae<\/title>\n<meta name=\"description\" content=\"Vous \u00eates cliniciens? D\u00e9couvrez comment la genougraphie avec le syst\u00e8me KneeKG\u00ae peut identifier efficacement la cause de vos douleurs.\" \/>\n<meta name=\"robots\" content=\"index, follow, max-snippet:-1, max-image-preview:large, max-video-preview:-1\" \/>\n<link rel=\"canonical\" href=\"https:\/\/emovi.ca\/fr\/cliniciens\/faq\/\" \/>\n<meta property=\"og:locale\" content=\"fr_FR\" \/>\n<meta property=\"og:type\" content=\"article\" \/>\n<meta property=\"og:title\" content=\"Cliniciens : FAQ sur la genougraphie | EMOVI | KNEEKG\u00ae\" \/>\n<meta property=\"og:description\" content=\"Vous \u00eates cliniciens? D\u00e9couvrez comment la genougraphie avec le syst\u00e8me KneeKG\u00ae peut identifier efficacement la cause de vos douleurs.\" \/>\n<meta property=\"og:url\" content=\"https:\/\/emovi.ca\/fr\/cliniciens\/faq\/\" \/>\n<meta property=\"og:site_name\" content=\"Emovi\" \/>\n<meta property=\"article:publisher\" content=\"https:\/\/www.facebook.com\/EmoviKneeKG\/\" \/>\n<meta property=\"article:modified_time\" content=\"2023-01-20T15:30:29+00:00\" \/>\n<meta property=\"og:image\" content=\"https:\/\/emovi.ca\/wp-content\/uploads\/2021\/04\/emovi-og.jpg\" \/>\n\t<meta property=\"og:image:width\" content=\"1200\" \/>\n\t<meta property=\"og:image:height\" content=\"630\" \/>\n\t<meta property=\"og:image:type\" content=\"image\/jpeg\" \/>\n<meta name=\"twitter:card\" content=\"summary_large_image\" \/>\n<meta name=\"twitter:site\" content=\"@emovi_kneekg\" \/>\n<meta name=\"twitter:label1\" content=\"Dur\u00e9e de lecture estim\u00e9e\" \/>\n\t<meta name=\"twitter:data1\" content=\"4 minutes\" \/>\n<script type=\"application\/ld+json\" class=\"yoast-schema-graph\">{\"@context\":\"https:\/\/schema.org\",\"@graph\":[{\"@type\":\"WebPage\",\"@id\":\"https:\/\/emovi.ca\/fr\/cliniciens\/faq\/\",\"url\":\"https:\/\/emovi.ca\/fr\/cliniciens\/faq\/\",\"name\":\"Cliniciens : FAQ sur la genougraphie | EMOVI | KNEEKG\u00ae\",\"isPartOf\":{\"@id\":\"https:\/\/emovi.ca\/fr\/#website\"},\"datePublished\":\"2021-03-12T18:41:21+00:00\",\"dateModified\":\"2023-01-20T15:30:29+00:00\",\"description\":\"Vous \u00eates cliniciens? D\u00e9couvrez comment la genougraphie avec le syst\u00e8me KneeKG\u00ae peut identifier efficacement la cause de vos douleurs.\",\"breadcrumb\":{\"@id\":\"https:\/\/emovi.ca\/fr\/cliniciens\/faq\/#breadcrumb\"},\"inLanguage\":\"fr-FR\",\"potentialAction\":[{\"@type\":\"ReadAction\",\"target\":[\"https:\/\/emovi.ca\/fr\/cliniciens\/faq\/\"]}]},{\"@type\":\"BreadcrumbList\",\"@id\":\"https:\/\/emovi.ca\/fr\/cliniciens\/faq\/#breadcrumb\",\"itemListElement\":[{\"@type\":\"ListItem\",\"position\":1,\"name\":\"Accueil\",\"item\":\"https:\/\/emovi.ca\/fr\/\"},{\"@type\":\"ListItem\",\"position\":2,\"name\":\"Cliniciens\",\"item\":\"https:\/\/emovi.ca\/fr\/cliniciens\/\"},{\"@type\":\"ListItem\",\"position\":3,\"name\":\"FAQ\"}]},{\"@type\":\"WebSite\",\"@id\":\"https:\/\/emovi.ca\/fr\/#website\",\"url\":\"https:\/\/emovi.ca\/fr\/\",\"name\":\"Emovi\",\"description\":\"Outil de diagnostic et d\u2019examen de la douleur au genou\",\"potentialAction\":[{\"@type\":\"SearchAction\",\"target\":{\"@type\":\"EntryPoint\",\"urlTemplate\":\"https:\/\/emovi.ca\/fr\/?s={search_term_string}\"},\"query-input\":{\"@type\":\"PropertyValueSpecification\",\"valueRequired\":true,\"valueName\":\"search_term_string\"}}],\"inLanguage\":\"fr-FR\"}]}<\/script>\n<!-- \/ Yoast SEO plugin. -->","yoast_head_json":{"title":"Cliniciens : FAQ sur la genougraphie | EMOVI | KNEEKG\u00ae","description":"Vous \u00eates cliniciens? D\u00e9couvrez comment la genougraphie avec le syst\u00e8me KneeKG\u00ae peut identifier efficacement la cause de vos douleurs.","robots":{"index":"index","follow":"follow","max-snippet":"max-snippet:-1","max-image-preview":"max-image-preview:large","max-video-preview":"max-video-preview:-1"},"canonical":"https:\/\/emovi.ca\/fr\/cliniciens\/faq\/","og_locale":"fr_FR","og_type":"article","og_title":"Cliniciens : FAQ sur la genougraphie | EMOVI | KNEEKG\u00ae","og_description":"Vous \u00eates cliniciens? D\u00e9couvrez comment la genougraphie avec le syst\u00e8me KneeKG\u00ae peut identifier efficacement la cause de vos douleurs.","og_url":"https:\/\/emovi.ca\/fr\/cliniciens\/faq\/","og_site_name":"Emovi","article_publisher":"https:\/\/www.facebook.com\/EmoviKneeKG\/","article_modified_time":"2023-01-20T15:30:29+00:00","og_image":[{"width":1200,"height":630,"url":"https:\/\/emovi.ca\/wp-content\/uploads\/2021\/04\/emovi-og.jpg","type":"image\/jpeg"}],"twitter_card":"summary_large_image","twitter_site":"@emovi_kneekg","twitter_misc":{"Dur\u00e9e de lecture estim\u00e9e":"4 minutes"},"schema":{"@context":"https:\/\/schema.org","@graph":[{"@type":"WebPage","@id":"https:\/\/emovi.ca\/fr\/cliniciens\/faq\/","url":"https:\/\/emovi.ca\/fr\/cliniciens\/faq\/","name":"Cliniciens : FAQ sur la genougraphie | EMOVI | KNEEKG\u00ae","isPartOf":{"@id":"https:\/\/emovi.ca\/fr\/#website"},"datePublished":"2021-03-12T18:41:21+00:00","dateModified":"2023-01-20T15:30:29+00:00","description":"Vous \u00eates cliniciens? D\u00e9couvrez comment la genougraphie avec le syst\u00e8me KneeKG\u00ae peut identifier efficacement la cause de vos douleurs.","breadcrumb":{"@id":"https:\/\/emovi.ca\/fr\/cliniciens\/faq\/#breadcrumb"},"inLanguage":"fr-FR","potentialAction":[{"@type":"ReadAction","target":["https:\/\/emovi.ca\/fr\/cliniciens\/faq\/"]}]},{"@type":"BreadcrumbList","@id":"https:\/\/emovi.ca\/fr\/cliniciens\/faq\/#breadcrumb","itemListElement":[{"@type":"ListItem","position":1,"name":"Accueil","item":"https:\/\/emovi.ca\/fr\/"},{"@type":"ListItem","position":2,"name":"Cliniciens","item":"https:\/\/emovi.ca\/fr\/cliniciens\/"},{"@type":"ListItem","position":3,"name":"FAQ"}]},{"@type":"WebSite","@id":"https:\/\/emovi.ca\/fr\/#website","url":"https:\/\/emovi.ca\/fr\/","name":"Emovi","description":"Outil de diagnostic et d\u2019examen de la douleur au genou","potentialAction":[{"@type":"SearchAction","target":{"@type":"EntryPoint","urlTemplate":"https:\/\/emovi.ca\/fr\/?s={search_term_string}"},"query-input":{"@type":"PropertyValueSpecification","valueRequired":true,"valueName":"search_term_string"}}],"inLanguage":"fr-FR"}]}},"_links":{"self":[{"href":"https:\/\/emovi.ca\/fr\/wp-json\/wp\/v2\/pages\/45","targetHints":{"allow":["GET"]}}],"collection":[{"href":"https:\/\/emovi.ca\/fr\/wp-json\/wp\/v2\/pages"}],"about":[{"href":"https:\/\/emovi.ca\/fr\/wp-json\/wp\/v2\/types\/page"}],"author":[{"embeddable":true,"href":"https:\/\/emovi.ca\/fr\/wp-json\/wp\/v2\/users\/1"}],"replies":[{"embeddable":true,"href":"https:\/\/emovi.ca\/fr\/wp-json\/wp\/v2\/comments?post=45"}],"version-history":[{"count":11,"href":"https:\/\/emovi.ca\/fr\/wp-json\/wp\/v2\/pages\/45\/revisions"}],"predecessor-version":[{"id":4273,"href":"https:\/\/emovi.ca\/fr\/wp-json\/wp\/v2\/pages\/45\/revisions\/4273"}],"up":[{"embeddable":true,"href":"https:\/\/emovi.ca\/fr\/wp-json\/wp\/v2\/pages\/35"}],"wp:attachment":[{"href":"https:\/\/emovi.ca\/fr\/wp-json\/wp\/v2\/media?parent=45"}],"curies":[{"name":"wp","href":"https:\/\/api.w.org\/{rel}","templated":true}]}}