{"id":4215,"date":"2022-11-23T12:09:42","date_gmt":"2022-11-23T17:09:42","guid":{"rendered":"https:\/\/emovi.ca\/clinical-application\/"},"modified":"2023-02-17T13:11:11","modified_gmt":"2023-02-17T18:11:11","slug":"clinical-application","status":"publish","type":"page","link":"https:\/\/emovi.ca\/fr\/clinical-application\/","title":{"rendered":"Application clinique"},"content":{"rendered":"<div class=\"wpb-content-wrapper\"><p>[vc_row full_width=&#8221;stretch_row&#8221; content_placement=&#8221;middle&#8221; css=&#8221;.vc_custom_1669227559804{background-image: url(https:\/\/emovi.ca\/wp-content\/uploads\/2022\/11\/ClinicalApplication-topbanner.jpg?id=4027) !important;background-position: center !important;background-repeat: no-repeat !important;background-size: cover !important;}&#8221; el_class=&#8221;entete-image-fond blanc&#8221;][vc_column width=&#8221;1\/2&#8243;][vc_column_text]<\/p>\n<h1>Opportunit\u00e9 de transformer les soins pour les patients chirurgicaux et non chirurgicaux<\/h1>\n<p>[\/vc_column_text][\/vc_column][vc_column width=&#8221;1\/2&#8243;][\/vc_column][\/vc_row][vc_row full_width=&#8221;stretch_row&#8221; equal_height=&#8221;yes&#8221; content_placement=&#8221;middle&#8221; el_class=&#8221;blanc fond-60 marge-rangee&#8221;][vc_column width=&#8221;7\/12&#8243; el_class=&#8221;decale-bleu full-width-col-ipad&#8221;][vc_column_text]<\/p>\n<h2>Opportunit\u00e9s qui peuvent \u00eatre adress\u00e9es \u00e0 TRAVERS L&#8217;\u00c9PISODE DE SOINS<\/h2>\n<ul style=\"font-weight: 400;\">\n<li data-charcodes=\"8226\" data-font=\"Arial,Sans-Serif\" data-buautonum=\"8\" data-margin=\"450\" data-aria-posinset=\"1\" data-aria-level=\"1\"><span data-scheme-color=\"@3B3838,2,18:25000\" data-usefontface=\"true\" data-contrast=\"none\"><span data-scheme-color=\"@3B3838,2,18:25000\" data-usefontface=\"true\" data-contrast=\"none\">Partage de la prise de d\u00e9cision<\/span><\/span><\/li>\n<li data-charcodes=\"8226\" data-font=\"Arial,Sans-Serif\" data-buautonum=\"8\" data-margin=\"450\" data-aria-posinset=\"1\" data-aria-level=\"1\">Am\u00e9lioration de la mesure des r\u00e9sultats rapport\u00e9s par les patients<\/li>\n<li data-charcodes=\"8226\" data-font=\"Arial,Sans-Serif\" data-buautonum=\"8\" data-margin=\"450\" data-aria-posinset=\"1\" data-aria-level=\"1\">Pertinence des interventions sp\u00e9cifiques (conservatrices et chirurgicales)<\/li>\n<li data-charcodes=\"8226\" data-font=\"Arial,Sans-Serif\" data-buautonum=\"8\" data-margin=\"450\" data-aria-posinset=\"1\" data-aria-level=\"1\">Quantification des interventions<\/li>\n<li data-charcodes=\"8226\" data-font=\"Arial,Sans-Serif\" data-buautonum=\"8\" data-margin=\"450\" data-aria-posinset=\"1\" data-aria-level=\"1\">Accompagnement du patient dans les \u00ab passerelles incr\u00e9mentales \u00bb du parcours de soins<\/li>\n<\/ul>\n<p>[\/vc_column_text][\/vc_column][vc_column css_animation=&#8221;fadeIn&#8221; width=&#8221;5\/12&#8243;][\/vc_column][\/vc_row][vc_row equal_height=&#8221;yes&#8221; content_placement=&#8221;middle&#8221; css_animation=&#8221;fadeIn&#8221; el_class=&#8221;texte-photo&#8221; css=&#8221;.vc_custom_1669222996724{margin-bottom: 0px !important;border-bottom-width: 0px !important;}&#8221;][vc_column width=&#8221;1\/4&#8243;][\/vc_column][vc_column width=&#8221;3\/4&#8243;][vc_single_image image=&#8221;4217&#8243; img_size=&#8221;full&#8221; alignment=&#8221;right&#8221; el_class=&#8221;img-droite-bas&#8221;][\/vc_column][\/vc_row][vc_row full_width=&#8221;stretch_row&#8221; css=&#8221;.vc_custom_1669222972584{margin-top: 0px !important;background-color: rgba(105,149,182,0.15) !important;*background-color: rgb(105,149,182) !important;}&#8221;][vc_column][vc_row_inner][vc_column_inner][\/vc_column_inner][\/vc_row_inner][\/vc_column][\/vc_row][vc_row full_width=&#8221;stretch_row&#8221; content_placement=&#8221;middle&#8221; css=&#8221;.vc_custom_1669226309723{background-color: rgba(105,149,182,0.15) !important;*background-color: rgb(105,149,182) !important;}&#8221;][vc_column width=&#8221;1\/2&#8243;][vc_row_inner][vc_column_inner][vc_column_text]<\/p>\n<h2 style=\"text-align: left;\">Les marqueurs biom\u00e9caniques du KneeKG<\/h2>\n<p>[\/vc_column_text][vc_column_text]<\/p>\n<p style=\"text-align: left;\">Corr\u00e9ler les PROM par rapport aux grades Rayons-X\/KL et<\/p>\n<h3 style=\"text-align: left;\">APPORTER DE NOUVELLES PERSPECTIVES OBJECTIVES<\/h3>\n<p>[\/vc_column_text][\/vc_column_inner][\/vc_row_inner][\/vc_column][vc_column width=&#8221;1\/2&#8243;][vc_row_inner][vc_column_inner][vc_single_image image=&#8221;4222&#8243; img_size=&#8221;full&#8221; alignment=&#8221;center&#8221; css_animation=&#8221;fadeIn&#8221;][\/vc_column_inner][\/vc_row_inner][\/vc_column][\/vc_row][vc_row full_width=&#8221;stretch_row&#8221; el_class=&#8221;marge-rangee-haut&#8221;][vc_column width=&#8221;1\/2&#8243;][vc_row_inner][vc_column_inner][vc_single_image image=&#8221;4021&#8243; img_size=&#8221;full&#8221; alignment=&#8221;center&#8221; css_animation=&#8221;fadeIn&#8221;][\/vc_column_inner][\/vc_row_inner][\/vc_column][vc_column width=&#8221;1\/2&#8243;][vc_row_inner content_placement=&#8221;middle&#8221;][vc_column_inner][vc_column_text]<\/p>\n<h2>De meilleurs donn\u00e9es permettent une meilleure exactitude et pr\u00e9cision<\/h2>\n<p><strong>Rayon X statique<sup>1,2<\/sup>: \u200b<\/strong><\/p>\n<ul>\n<li>Discordance avec les sympt\u00f4mes<\/li>\n<li>Impossible de pr\u00e9dire l&#8217;alignement dynamique pour la planification chirurgicale et la gestion des patients<\/li>\n<\/ul>\n<p>[\/vc_column_text][vc_btn title=&#8221;Int\u00e9grer dans ma pratique \u2192&#8221; style=&#8221;outline-custom&#8221; outline_custom_color=&#8221;#ffffff&#8221; outline_custom_hover_background=&#8221;#233a76&#8243; outline_custom_hover_text=&#8221;#ffffff&#8221; shape=&#8221;square&#8221; size=&#8221;lg&#8221; align=&#8221;left&#8221; el_class=&#8221;bouton-general bleu findaclinic&#8221; link=&#8221;url:https%3A%2F%2Femovi.ca%2Ffr%2Fcliniciens%2Fintegrer-kneekg-dans-ma-pratique%2F|title:Integrer%20dans%20ma%20pratique&#8221;][\/vc_column_inner][\/vc_row_inner][\/vc_column][\/vc_row][vc_row full_width=&#8221;stretch_row&#8221; el_class=&#8221;marge-rangee reference&#8221; css=&#8221;.vc_custom_1669222260946{background-color: #e8e8e8 !important;}&#8221;][vc_column][vc_row_inner][vc_column_inner][vc_column_text]R\u00e9f\u00e9rences:<\/p>\n<ol>\n<li>\n<p class=\"p1\">Bedson, J., Croft, P.R. The discordance between clinical and radiographic knee osteoarthritis: A systematic search and summary of the literature. BMC Musculoskelet Disord 9, 116 (2008).<\/p>\n<\/li>\n<li>\n<p class=\"p1\">Clement, J., et al. Hip-Knee-Ankle (HKA) angle modification during gait in healthy subjects. Gait Posture 72, S62-68 (2019)<\/p>\n<\/li>\n<\/ol>\n<p>[\/vc_column_text][\/vc_column_inner][\/vc_row_inner][\/vc_column][\/vc_row]<\/p>\n<\/div>","protected":false},"excerpt":{"rendered":"<p>[vc_row full_width=&#8221;stretch_row&#8221; content_placement=&#8221;middle&#8221; css=&#8221;.vc_custom_1669227559804{background-image: url(https:\/\/emovi.ca\/wp-content\/uploads\/2022\/11\/ClinicalApplication-topbanner.jpg?id=4027) !important;background-position: center !important;background-repeat: no-repeat !important;background-size: cover !important;}&#8221; el_class=&#8221;entete-image-fond blanc&#8221;][vc_column width=&#8221;1\/2&#8243;][vc_column_text] Opportunit\u00e9 de transformer les soins pour les patients chirurgicaux et non chirurgicaux [\/vc_column_text][\/vc_column][vc_column width=&#8221;1\/2&#8243;][\/vc_column][\/vc_row][vc_row full_width=&#8221;stretch_row&#8221; equal_height=&#8221;yes&#8221; content_placement=&#8221;middle&#8221; el_class=&#8221;blanc fond-60 marge-rangee&#8221;][vc_column width=&#8221;7\/12&#8243; el_class=&#8221;decale-bleu full-width-col-ipad&#8221;][vc_column_text] Opportunit\u00e9s qui peuvent \u00eatre adress\u00e9es \u00e0 TRAVERS L&#8217;\u00c9PISODE DE SOINS Partage de la prise de d\u00e9cision Am\u00e9lioration [&hellip;]<\/p>\n","protected":false},"author":7,"featured_media":0,"parent":0,"menu_order":0,"comment_status":"closed","ping_status":"closed","template":"","meta":{"footnotes":""},"class_list":["post-4215","page","type-page","status-publish","hentry"],"yoast_head":"<!-- This site is optimized with the Yoast SEO plugin v26.5 - https:\/\/yoast.com\/wordpress\/plugins\/seo\/ -->\n<title>Application clinique - Emovi<\/title>\n<meta name=\"description\" content=\"Opportunity to transform care for surgical and non-surgical patients\" \/>\n<meta name=\"robots\" content=\"index, follow, max-snippet:-1, max-image-preview:large, max-video-preview:-1\" \/>\n<link rel=\"canonical\" href=\"https:\/\/emovi.ca\/fr\/clinical-application\/\" \/>\n<meta property=\"og:locale\" content=\"fr_FR\" \/>\n<meta property=\"og:type\" content=\"article\" \/>\n<meta property=\"og:title\" content=\"Application clinique - Emovi\" \/>\n<meta property=\"og:description\" content=\"Opportunity to transform care for surgical and non-surgical patients\" \/>\n<meta property=\"og:url\" content=\"https:\/\/emovi.ca\/fr\/clinical-application\/\" \/>\n<meta property=\"og:site_name\" content=\"Emovi\" \/>\n<meta property=\"article:publisher\" content=\"https:\/\/www.facebook.com\/EmoviKneeKG\/\" \/>\n<meta property=\"article:modified_time\" content=\"2023-02-17T18:11:11+00:00\" \/>\n<meta property=\"og:image\" content=\"https:\/\/emovi.ca\/wp-content\/uploads\/2021\/04\/emovi-og.jpg\" \/>\n\t<meta property=\"og:image:width\" content=\"1200\" \/>\n\t<meta property=\"og:image:height\" content=\"630\" \/>\n\t<meta property=\"og:image:type\" content=\"image\/jpeg\" \/>\n<meta name=\"twitter:card\" content=\"summary_large_image\" \/>\n<meta name=\"twitter:site\" content=\"@emovi_kneekg\" \/>\n<meta name=\"twitter:label1\" content=\"Dur\u00e9e de lecture estim\u00e9e\" \/>\n\t<meta name=\"twitter:data1\" content=\"2 minutes\" \/>\n<script type=\"application\/ld+json\" class=\"yoast-schema-graph\">{\"@context\":\"https:\/\/schema.org\",\"@graph\":[{\"@type\":\"WebPage\",\"@id\":\"https:\/\/emovi.ca\/fr\/clinical-application\/\",\"url\":\"https:\/\/emovi.ca\/fr\/clinical-application\/\",\"name\":\"Application clinique - Emovi\",\"isPartOf\":{\"@id\":\"https:\/\/emovi.ca\/fr\/#website\"},\"datePublished\":\"2022-11-23T17:09:42+00:00\",\"dateModified\":\"2023-02-17T18:11:11+00:00\",\"description\":\"Opportunity to transform care for surgical and non-surgical patients\",\"breadcrumb\":{\"@id\":\"https:\/\/emovi.ca\/fr\/clinical-application\/#breadcrumb\"},\"inLanguage\":\"fr-FR\",\"potentialAction\":[{\"@type\":\"ReadAction\",\"target\":[\"https:\/\/emovi.ca\/fr\/clinical-application\/\"]}]},{\"@type\":\"BreadcrumbList\",\"@id\":\"https:\/\/emovi.ca\/fr\/clinical-application\/#breadcrumb\",\"itemListElement\":[{\"@type\":\"ListItem\",\"position\":1,\"name\":\"Accueil\",\"item\":\"https:\/\/emovi.ca\/fr\/\"},{\"@type\":\"ListItem\",\"position\":2,\"name\":\"Application clinique\"}]},{\"@type\":\"WebSite\",\"@id\":\"https:\/\/emovi.ca\/fr\/#website\",\"url\":\"https:\/\/emovi.ca\/fr\/\",\"name\":\"Emovi\",\"description\":\"Outil de diagnostic et d\u2019examen de la douleur au genou\",\"potentialAction\":[{\"@type\":\"SearchAction\",\"target\":{\"@type\":\"EntryPoint\",\"urlTemplate\":\"https:\/\/emovi.ca\/fr\/?s={search_term_string}\"},\"query-input\":{\"@type\":\"PropertyValueSpecification\",\"valueRequired\":true,\"valueName\":\"search_term_string\"}}],\"inLanguage\":\"fr-FR\"}]}<\/script>\n<!-- \/ Yoast SEO plugin. -->","yoast_head_json":{"title":"Application clinique - Emovi","description":"Opportunity to transform care for surgical and non-surgical patients","robots":{"index":"index","follow":"follow","max-snippet":"max-snippet:-1","max-image-preview":"max-image-preview:large","max-video-preview":"max-video-preview:-1"},"canonical":"https:\/\/emovi.ca\/fr\/clinical-application\/","og_locale":"fr_FR","og_type":"article","og_title":"Application clinique - Emovi","og_description":"Opportunity to transform care for surgical and non-surgical patients","og_url":"https:\/\/emovi.ca\/fr\/clinical-application\/","og_site_name":"Emovi","article_publisher":"https:\/\/www.facebook.com\/EmoviKneeKG\/","article_modified_time":"2023-02-17T18:11:11+00:00","og_image":[{"width":1200,"height":630,"url":"https:\/\/emovi.ca\/wp-content\/uploads\/2021\/04\/emovi-og.jpg","type":"image\/jpeg"}],"twitter_card":"summary_large_image","twitter_site":"@emovi_kneekg","twitter_misc":{"Dur\u00e9e de lecture estim\u00e9e":"2 minutes"},"schema":{"@context":"https:\/\/schema.org","@graph":[{"@type":"WebPage","@id":"https:\/\/emovi.ca\/fr\/clinical-application\/","url":"https:\/\/emovi.ca\/fr\/clinical-application\/","name":"Application clinique - Emovi","isPartOf":{"@id":"https:\/\/emovi.ca\/fr\/#website"},"datePublished":"2022-11-23T17:09:42+00:00","dateModified":"2023-02-17T18:11:11+00:00","description":"Opportunity to transform care for surgical and non-surgical patients","breadcrumb":{"@id":"https:\/\/emovi.ca\/fr\/clinical-application\/#breadcrumb"},"inLanguage":"fr-FR","potentialAction":[{"@type":"ReadAction","target":["https:\/\/emovi.ca\/fr\/clinical-application\/"]}]},{"@type":"BreadcrumbList","@id":"https:\/\/emovi.ca\/fr\/clinical-application\/#breadcrumb","itemListElement":[{"@type":"ListItem","position":1,"name":"Accueil","item":"https:\/\/emovi.ca\/fr\/"},{"@type":"ListItem","position":2,"name":"Application clinique"}]},{"@type":"WebSite","@id":"https:\/\/emovi.ca\/fr\/#website","url":"https:\/\/emovi.ca\/fr\/","name":"Emovi","description":"Outil de diagnostic et d\u2019examen de la douleur au genou","potentialAction":[{"@type":"SearchAction","target":{"@type":"EntryPoint","urlTemplate":"https:\/\/emovi.ca\/fr\/?s={search_term_string}"},"query-input":{"@type":"PropertyValueSpecification","valueRequired":true,"valueName":"search_term_string"}}],"inLanguage":"fr-FR"}]}},"_links":{"self":[{"href":"https:\/\/emovi.ca\/fr\/wp-json\/wp\/v2\/pages\/4215","targetHints":{"allow":["GET"]}}],"collection":[{"href":"https:\/\/emovi.ca\/fr\/wp-json\/wp\/v2\/pages"}],"about":[{"href":"https:\/\/emovi.ca\/fr\/wp-json\/wp\/v2\/types\/page"}],"author":[{"embeddable":true,"href":"https:\/\/emovi.ca\/fr\/wp-json\/wp\/v2\/users\/7"}],"replies":[{"embeddable":true,"href":"https:\/\/emovi.ca\/fr\/wp-json\/wp\/v2\/comments?post=4215"}],"version-history":[{"count":10,"href":"https:\/\/emovi.ca\/fr\/wp-json\/wp\/v2\/pages\/4215\/revisions"}],"predecessor-version":[{"id":4361,"href":"https:\/\/emovi.ca\/fr\/wp-json\/wp\/v2\/pages\/4215\/revisions\/4361"}],"wp:attachment":[{"href":"https:\/\/emovi.ca\/fr\/wp-json\/wp\/v2\/media?parent=4215"}],"curies":[{"name":"wp","href":"https:\/\/api.w.org\/{rel}","templated":true}]}}