{"id":41,"date":"2021-03-12T13:40:32","date_gmt":"2021-03-12T18:40:32","guid":{"rendered":"https:\/\/emovi.ca\/?page_id=41"},"modified":"2023-01-17T16:16:19","modified_gmt":"2023-01-17T21:16:19","slug":"webinaires-academie-emovi","status":"publish","type":"page","link":"https:\/\/emovi.ca\/fr\/cliniciens\/webinaires-academie-emovi\/","title":{"rendered":"Acad\u00e9mie Emovi"},"content":{"rendered":"<div class=\"wpb-content-wrapper\"><p>[vc_row full_width=&#8221;stretch_row&#8221; content_placement=&#8221;middle&#8221; css=&#8221;.vc_custom_1669295031376{background-image: url(https:\/\/emovi.ca\/wp-content\/uploads\/2022\/11\/Academy-topbanner.jpg?id=4048) !important;background-position: center !important;background-repeat: no-repeat !important;background-size: cover !important;}&#8221; el_class=&#8221;entete-image-fond blanc&#8221;][vc_column width=&#8221;1\/2&#8243;][vc_column_text]<\/p>\n<h1 style=\"text-align: left;\">ACAD\u00c9MIE EMOVI<\/h1>\n<h2 style=\"text-align: left;\">Emovi est fi\u00e8re d\u2019offrir aux professionnels de la sant\u00e9 des formations en ligne<\/h2>\n<p>[\/vc_column_text][vc_btn title=&#8221;Allez vers l&#8217;acad\u00e9mie Emovi \u2192&#8221; style=&#8221;outline-custom&#8221; outline_custom_color=&#8221;#ffffff&#8221; outline_custom_hover_background=&#8221;#233a76&#8243; outline_custom_hover_text=&#8221;#ffffff&#8221; shape=&#8221;square&#8221; size=&#8221;lg&#8221; align=&#8221;left&#8221; el_class=&#8221;bouton-general bleu&#8221; link=&#8221;url:https%3A%2F%2Facademy.emovi.ca%2F|title:Academie%20Emovi|target:_blank&#8221;][\/vc_column][vc_column width=&#8221;1\/2&#8243;][\/vc_column][\/vc_row][vc_row full_width=&#8221;stretch_row&#8221; equal_height=&#8221;yes&#8221; content_placement=&#8221;middle&#8221; disable_element=&#8221;yes&#8221; el_class=&#8221;marge-rangee&#8221; css=&#8221;.vc_custom_1673989990281{background-color: #e8e8e8 !important;}&#8221;][vc_column][vc_column_text]<\/p>\n<h2 class=\"entry-title\">Join us November 30<sup>th<\/sup> 2022 for a free webinar hosted by AAOS!<\/h2>\n<p>[\/vc_column_text][vc_column_text]<strong>Mark your calendar and join us on November 30 for a free webinar with American Academy of Orthopaedic Surgeons.<\/strong><\/p>\n<p>Filling the Gaps in the TKA Care Pathway to Improve Patient Outcomes and Satisfaction:<br \/>\n<em>How Kinematic Biomechanical Markers Provide Key Information and Enhance the Standard of Care in a Health Care System<\/em><\/p>\n<p>During the webinar, you will learn how biomechanical markers are valuable to surgeons, completing the diagnostic picture and filling the current gaps in the TKA patient care pathway.[\/vc_column_text][vc_btn title=&#8221;Save your spot and register today! \u2192&#8221; style=&#8221;outline-custom&#8221; outline_custom_color=&#8221;#ffffff&#8221; outline_custom_hover_background=&#8221;#233a76&#8243; outline_custom_hover_text=&#8221;#ffffff&#8221; shape=&#8221;square&#8221; size=&#8221;lg&#8221; align=&#8221;center&#8221; el_class=&#8221;bouton-general bleu&#8221; link=&#8221;url:https%3A%2F%2Fwww.aaos.org%2Feducation%2Fcourses%2F2203250%2FDetails%2F%3Ffbclid%3DIwAR2O1RxpaqQLBE0QRHKBWn-jf_u_NIiVHZVGA04BVMJRyR0kt5nsRQXf7rI|title:Webinars|target:_blank&#8221;][\/vc_column][\/vc_row][vc_row full_width=&#8221;stretch_row&#8221; equal_height=&#8221;yes&#8221; content_placement=&#8221;middle&#8221; el_class=&#8221;blanc fond-60 marge-rangee&#8221;][vc_column][vc_row_inner][vc_column_inner el_class=&#8221;decale-bleu full-width-col-ipad&#8221; width=&#8221;1\/2&#8243;][vc_column_text css=&#8221;.vc_custom_1673990044567{background-color: #6995b5 !important;}&#8221;]<\/p>\n<h2>Devenez un sp\u00e9cialiste du genou !<\/h2>\n<p>Cette cha\u00eene a \u00e9t\u00e9 con\u00e7ue pour r\u00e9pondre aux besoins des professionnels de la sant\u00e9 en offrant une vue approfondie du lien entre la douleur au genou et la biom\u00e9canique.[\/vc_column_text][vc_btn title=&#8221;Acad\u00e9mie Emovi \u2192&#8221; style=&#8221;outline-custom&#8221; outline_custom_color=&#8221;#ffffff&#8221; outline_custom_hover_background=&#8221;#233a76&#8243; outline_custom_hover_text=&#8221;#ffffff&#8221; shape=&#8221;square&#8221; size=&#8221;lg&#8221; align=&#8221;left&#8221; el_class=&#8221;bouton-general bleu&#8221; link=&#8221;url:https%3A%2F%2Facademy.emovi.ca%2F|title:Webinars|target:_blank&#8221;][\/vc_column_inner][vc_column_inner width=&#8221;1\/2&#8243;][vc_single_image image=&#8221;4195&#8243; img_size=&#8221;full&#8221;][\/vc_column_inner][\/vc_row_inner][\/vc_column][\/vc_row]<\/p>\n<\/div>","protected":false},"excerpt":{"rendered":"<p>[vc_row full_width=&#8221;stretch_row&#8221; content_placement=&#8221;middle&#8221; css=&#8221;.vc_custom_1669295031376{background-image: url(https:\/\/emovi.ca\/wp-content\/uploads\/2022\/11\/Academy-topbanner.jpg?id=4048) !important;background-position: center !important;background-repeat: no-repeat !important;background-size: cover !important;}&#8221; el_class=&#8221;entete-image-fond blanc&#8221;][vc_column width=&#8221;1\/2&#8243;][vc_column_text] ACAD\u00c9MIE EMOVI Emovi est fi\u00e8re d\u2019offrir aux professionnels de la sant\u00e9 des formations en ligne [\/vc_column_text][vc_btn title=&#8221;Allez vers l&#8217;acad\u00e9mie Emovi \u2192&#8221; style=&#8221;outline-custom&#8221; outline_custom_color=&#8221;#ffffff&#8221; outline_custom_hover_background=&#8221;#233a76&#8243; outline_custom_hover_text=&#8221;#ffffff&#8221; shape=&#8221;square&#8221; size=&#8221;lg&#8221; align=&#8221;left&#8221; el_class=&#8221;bouton-general bleu&#8221; link=&#8221;url:https%3A%2F%2Facademy.emovi.ca%2F|title:Academie%20Emovi|target:_blank&#8221;][\/vc_column][vc_column width=&#8221;1\/2&#8243;][\/vc_column][\/vc_row][vc_row full_width=&#8221;stretch_row&#8221; equal_height=&#8221;yes&#8221; content_placement=&#8221;middle&#8221; disable_element=&#8221;yes&#8221; el_class=&#8221;marge-rangee&#8221; css=&#8221;.vc_custom_1673989990281{background-color: #e8e8e8 !important;}&#8221;][vc_column][vc_column_text] [&hellip;]<\/p>\n","protected":false},"author":1,"featured_media":0,"parent":35,"menu_order":0,"comment_status":"closed","ping_status":"closed","template":"","meta":{"footnotes":""},"class_list":["post-41","page","type-page","status-publish","hentry"],"yoast_head":"<!-- This site is optimized with the Yoast SEO plugin v26.5 - https:\/\/yoast.com\/wordpress\/plugins\/seo\/ -->\n<title>Conf\u00e9rences m\u00e9dicales virtuelles | EMOVI | KNEEKG\u00ae<\/title>\n<meta name=\"description\" content=\"D\u00e9couvrez notre formation m\u00e9dicale compl\u00e8te sur la douleur du genou avec les webinaires de l&#039;Acad\u00e9mie Emovi. Consultez nos conf\u00e9rences en ligne sur la genougraphie du genou d\u00e8s aujourd&#039;hui !\" \/>\n<meta name=\"robots\" content=\"index, follow, max-snippet:-1, max-image-preview:large, max-video-preview:-1\" \/>\n<link rel=\"canonical\" href=\"https:\/\/emovi.ca\/fr\/cliniciens\/webinaires-academie-emovi\/\" \/>\n<meta property=\"og:locale\" content=\"fr_FR\" \/>\n<meta property=\"og:type\" content=\"article\" \/>\n<meta property=\"og:title\" content=\"Conf\u00e9rences m\u00e9dicales virtuelles | EMOVI | KNEEKG\u00ae\" \/>\n<meta property=\"og:description\" content=\"D\u00e9couvrez notre formation m\u00e9dicale compl\u00e8te sur la douleur du genou avec les webinaires de l&#039;Acad\u00e9mie Emovi. Consultez nos conf\u00e9rences en ligne sur la genougraphie du genou d\u00e8s aujourd&#039;hui !\" \/>\n<meta property=\"og:url\" content=\"https:\/\/emovi.ca\/fr\/cliniciens\/webinaires-academie-emovi\/\" \/>\n<meta property=\"og:site_name\" content=\"Emovi\" \/>\n<meta property=\"article:publisher\" content=\"https:\/\/www.facebook.com\/EmoviKneeKG\/\" \/>\n<meta property=\"article:modified_time\" content=\"2023-01-17T21:16:19+00:00\" \/>\n<meta property=\"og:image\" content=\"https:\/\/emovi.ca\/wp-content\/uploads\/2021\/04\/emovi-og.jpg\" \/>\n\t<meta property=\"og:image:width\" content=\"1200\" \/>\n\t<meta property=\"og:image:height\" content=\"630\" \/>\n\t<meta property=\"og:image:type\" content=\"image\/jpeg\" \/>\n<meta name=\"twitter:card\" content=\"summary_large_image\" \/>\n<meta name=\"twitter:site\" content=\"@emovi_kneekg\" \/>\n<meta name=\"twitter:label1\" content=\"Dur\u00e9e de lecture estim\u00e9e\" \/>\n\t<meta name=\"twitter:data1\" content=\"2 minutes\" \/>\n<script type=\"application\/ld+json\" class=\"yoast-schema-graph\">{\"@context\":\"https:\/\/schema.org\",\"@graph\":[{\"@type\":\"WebPage\",\"@id\":\"https:\/\/emovi.ca\/fr\/cliniciens\/webinaires-academie-emovi\/\",\"url\":\"https:\/\/emovi.ca\/fr\/cliniciens\/webinaires-academie-emovi\/\",\"name\":\"Conf\u00e9rences m\u00e9dicales virtuelles | EMOVI | KNEEKG\u00ae\",\"isPartOf\":{\"@id\":\"https:\/\/emovi.ca\/fr\/#website\"},\"datePublished\":\"2021-03-12T18:40:32+00:00\",\"dateModified\":\"2023-01-17T21:16:19+00:00\",\"description\":\"D\u00e9couvrez notre formation m\u00e9dicale compl\u00e8te sur la douleur du genou avec les webinaires de l'Acad\u00e9mie Emovi. Consultez nos conf\u00e9rences en ligne sur la genougraphie du genou d\u00e8s aujourd'hui !\",\"breadcrumb\":{\"@id\":\"https:\/\/emovi.ca\/fr\/cliniciens\/webinaires-academie-emovi\/#breadcrumb\"},\"inLanguage\":\"fr-FR\",\"potentialAction\":[{\"@type\":\"ReadAction\",\"target\":[\"https:\/\/emovi.ca\/fr\/cliniciens\/webinaires-academie-emovi\/\"]}]},{\"@type\":\"BreadcrumbList\",\"@id\":\"https:\/\/emovi.ca\/fr\/cliniciens\/webinaires-academie-emovi\/#breadcrumb\",\"itemListElement\":[{\"@type\":\"ListItem\",\"position\":1,\"name\":\"Accueil\",\"item\":\"https:\/\/emovi.ca\/fr\/\"},{\"@type\":\"ListItem\",\"position\":2,\"name\":\"Cliniciens\",\"item\":\"https:\/\/emovi.ca\/fr\/cliniciens\/\"},{\"@type\":\"ListItem\",\"position\":3,\"name\":\"Acad\u00e9mie Emovi\"}]},{\"@type\":\"WebSite\",\"@id\":\"https:\/\/emovi.ca\/fr\/#website\",\"url\":\"https:\/\/emovi.ca\/fr\/\",\"name\":\"Emovi\",\"description\":\"Outil de diagnostic et d\u2019examen de la douleur au genou\",\"potentialAction\":[{\"@type\":\"SearchAction\",\"target\":{\"@type\":\"EntryPoint\",\"urlTemplate\":\"https:\/\/emovi.ca\/fr\/?s={search_term_string}\"},\"query-input\":{\"@type\":\"PropertyValueSpecification\",\"valueRequired\":true,\"valueName\":\"search_term_string\"}}],\"inLanguage\":\"fr-FR\"}]}<\/script>\n<!-- \/ Yoast SEO plugin. -->","yoast_head_json":{"title":"Conf\u00e9rences m\u00e9dicales virtuelles | EMOVI | KNEEKG\u00ae","description":"D\u00e9couvrez notre formation m\u00e9dicale compl\u00e8te sur la douleur du genou avec les webinaires de l'Acad\u00e9mie Emovi. Consultez nos conf\u00e9rences en ligne sur la genougraphie du genou d\u00e8s aujourd'hui !","robots":{"index":"index","follow":"follow","max-snippet":"max-snippet:-1","max-image-preview":"max-image-preview:large","max-video-preview":"max-video-preview:-1"},"canonical":"https:\/\/emovi.ca\/fr\/cliniciens\/webinaires-academie-emovi\/","og_locale":"fr_FR","og_type":"article","og_title":"Conf\u00e9rences m\u00e9dicales virtuelles | EMOVI | KNEEKG\u00ae","og_description":"D\u00e9couvrez notre formation m\u00e9dicale compl\u00e8te sur la douleur du genou avec les webinaires de l'Acad\u00e9mie Emovi. Consultez nos conf\u00e9rences en ligne sur la genougraphie du genou d\u00e8s aujourd'hui !","og_url":"https:\/\/emovi.ca\/fr\/cliniciens\/webinaires-academie-emovi\/","og_site_name":"Emovi","article_publisher":"https:\/\/www.facebook.com\/EmoviKneeKG\/","article_modified_time":"2023-01-17T21:16:19+00:00","og_image":[{"width":1200,"height":630,"url":"https:\/\/emovi.ca\/wp-content\/uploads\/2021\/04\/emovi-og.jpg","type":"image\/jpeg"}],"twitter_card":"summary_large_image","twitter_site":"@emovi_kneekg","twitter_misc":{"Dur\u00e9e de lecture estim\u00e9e":"2 minutes"},"schema":{"@context":"https:\/\/schema.org","@graph":[{"@type":"WebPage","@id":"https:\/\/emovi.ca\/fr\/cliniciens\/webinaires-academie-emovi\/","url":"https:\/\/emovi.ca\/fr\/cliniciens\/webinaires-academie-emovi\/","name":"Conf\u00e9rences m\u00e9dicales virtuelles | EMOVI | KNEEKG\u00ae","isPartOf":{"@id":"https:\/\/emovi.ca\/fr\/#website"},"datePublished":"2021-03-12T18:40:32+00:00","dateModified":"2023-01-17T21:16:19+00:00","description":"D\u00e9couvrez notre formation m\u00e9dicale compl\u00e8te sur la douleur du genou avec les webinaires de l'Acad\u00e9mie Emovi. Consultez nos conf\u00e9rences en ligne sur la genougraphie du genou d\u00e8s aujourd'hui !","breadcrumb":{"@id":"https:\/\/emovi.ca\/fr\/cliniciens\/webinaires-academie-emovi\/#breadcrumb"},"inLanguage":"fr-FR","potentialAction":[{"@type":"ReadAction","target":["https:\/\/emovi.ca\/fr\/cliniciens\/webinaires-academie-emovi\/"]}]},{"@type":"BreadcrumbList","@id":"https:\/\/emovi.ca\/fr\/cliniciens\/webinaires-academie-emovi\/#breadcrumb","itemListElement":[{"@type":"ListItem","position":1,"name":"Accueil","item":"https:\/\/emovi.ca\/fr\/"},{"@type":"ListItem","position":2,"name":"Cliniciens","item":"https:\/\/emovi.ca\/fr\/cliniciens\/"},{"@type":"ListItem","position":3,"name":"Acad\u00e9mie Emovi"}]},{"@type":"WebSite","@id":"https:\/\/emovi.ca\/fr\/#website","url":"https:\/\/emovi.ca\/fr\/","name":"Emovi","description":"Outil de diagnostic et d\u2019examen de la douleur au genou","potentialAction":[{"@type":"SearchAction","target":{"@type":"EntryPoint","urlTemplate":"https:\/\/emovi.ca\/fr\/?s={search_term_string}"},"query-input":{"@type":"PropertyValueSpecification","valueRequired":true,"valueName":"search_term_string"}}],"inLanguage":"fr-FR"}]}},"_links":{"self":[{"href":"https:\/\/emovi.ca\/fr\/wp-json\/wp\/v2\/pages\/41","targetHints":{"allow":["GET"]}}],"collection":[{"href":"https:\/\/emovi.ca\/fr\/wp-json\/wp\/v2\/pages"}],"about":[{"href":"https:\/\/emovi.ca\/fr\/wp-json\/wp\/v2\/types\/page"}],"author":[{"embeddable":true,"href":"https:\/\/emovi.ca\/fr\/wp-json\/wp\/v2\/users\/1"}],"replies":[{"embeddable":true,"href":"https:\/\/emovi.ca\/fr\/wp-json\/wp\/v2\/comments?post=41"}],"version-history":[{"count":11,"href":"https:\/\/emovi.ca\/fr\/wp-json\/wp\/v2\/pages\/41\/revisions"}],"predecessor-version":[{"id":4232,"href":"https:\/\/emovi.ca\/fr\/wp-json\/wp\/v2\/pages\/41\/revisions\/4232"}],"up":[{"embeddable":true,"href":"https:\/\/emovi.ca\/fr\/wp-json\/wp\/v2\/pages\/35"}],"wp:attachment":[{"href":"https:\/\/emovi.ca\/fr\/wp-json\/wp\/v2\/media?parent=41"}],"curies":[{"name":"wp","href":"https:\/\/api.w.org\/{rel}","templated":true}]}}