{"id":3521,"date":"2022-04-25T11:11:13","date_gmt":"2022-04-25T15:11:13","guid":{"rendered":"https:\/\/emovi.ca\/?page_id=3521"},"modified":"2024-01-18T11:44:14","modified_gmt":"2024-01-18T16:44:14","slug":"notes-de-version","status":"publish","type":"page","link":"https:\/\/emovi.ca\/fr\/notes-de-version\/","title":{"rendered":"Notes de version2"},"content":{"rendered":"<div class=\"wpb-content-wrapper\"><p>[vc_row full_width=&#8221;stretch_row&#8221; content_placement=&#8221;middle&#8221; el_class=&#8221;entete-image-fond-release blanc&#8221; css=&#8221;.vc_custom_1649431614871{background-color: #6995b6 !important;}&#8221; el_id=&#8221;top&#8221;][vc_column width=&#8221;1\/6&#8243;][\/vc_column][vc_column width=&#8221;2\/3&#8243;][vc_column_text]<\/p>\n<h1 style=\"text-align: center;\">Notes de version Emovi<\/h1>\n<p>[\/vc_column_text][vc_column_text]<\/p>\n<h3 style=\"text-align: center; color: #efefef;\">Voyez les derni\u00e8res nouveaut\u00e9s de la suite logicielle KneeKG et de notre solution infonuagique<\/h3>\n<p>[\/vc_column_text][\/vc_column][vc_column width=&#8221;1\/6&#8243;][\/vc_column][\/vc_row][vc_row disable_element=&#8221;yes&#8221;][vc_column][vc_column_text]<\/p>\n<h3 style=\"text-align: center;\">What\u2019s new in recent Cloud Software updates<\/h3>\n<p>[\/vc_column_text][\/vc_column][\/vc_row][vc_row disable_element=&#8221;yes&#8221;][vc_column width=&#8221;1\/4&#8243;][\/vc_column][vc_column width=&#8221;1\/4&#8243;][vc_btn title=&#8221;Cloud Solution&#8221; style=&#8221;outline&#8221; shape=&#8221;square&#8221; align=&#8221;center&#8221; i_icon_fontawesome=&#8221;fas fa-cloud&#8221; button_block=&#8221;true&#8221; add_icon=&#8221;true&#8221; link=&#8221;url:%23cloud&#8221; el_class=&#8221;bouton-general bleu release&#8221;][\/vc_column][vc_column width=&#8221;1\/4&#8243;][vc_btn title=&#8221;Desktop Solution&#8221; style=&#8221;outline&#8221; shape=&#8221;square&#8221; align=&#8221;center&#8221; i_icon_fontawesome=&#8221;fas fa-desktop&#8221; button_block=&#8221;true&#8221; add_icon=&#8221;true&#8221; link=&#8221;url:%23desktop&#8221; el_class=&#8221;bouton-general bleu release&#8221;][\/vc_column][vc_column width=&#8221;1\/4&#8243;][\/vc_column][\/vc_row][vc_row el_id=&#8221;cloud&#8221; el_class=&#8221;tabs&#8221;][vc_column][vc_tta_tour style=&#8221;flat&#8221; shape=&#8221;square&#8221; active_section=&#8221;1&#8243; title=&#8221;Solution Cloud&#8221;][vc_tta_section title=&#8221;Le 8 mars, 2022, version 1.30&#8243; tab_id=&#8221;1649173678446-2316123d-ae02d813-b44d&#8221;][vc_column_text]<em>D\u00e9couvrez les nouvelles fonctionnalit\u00e9s et les am\u00e9liorations publi\u00e9es le 8 mars 2022 sur tous les serveurs (version 1.30).<\/em>[\/vc_column_text][vc_separator color=&#8221;black&#8221; align=&#8221;align_left&#8221;][vc_column_text]<b><u>DANS LE RAPPORT DE CONSULTATION<\/u><\/b><\/p>\n<ul>\n<li class=\"li2\"><b>Un nouveau diagnostic a \u00e9t\u00e9 ajout\u00e9 dans l\u2019\u00e9tape 2 <\/b>du rapport de consultation <b>: \u201cPost-op\u00e9ratoire\u201d <\/b>avec trois sous-cases \u00e0 cocher:\n<ul>\n<li>LCA<\/li>\n<li class=\"li2\">Arthroplastie,<\/li>\n<li>M\u00e9nisque<\/li>\n<\/ul>\n<\/li>\n<\/ul>\n<p><img loading=\"lazy\" decoding=\"async\" class=\"alignnone wp-image-3522 size-full\" src=\"https:\/\/emovi.ca\/wp-content\/uploads\/2022\/04\/CONSULTATION-REPORT-1-FR.png\" alt=\"\" width=\"479\" height=\"669\" srcset=\"https:\/\/emovi.ca\/wp-content\/uploads\/2022\/04\/CONSULTATION-REPORT-1-FR.png 479w, https:\/\/emovi.ca\/wp-content\/uploads\/2022\/04\/CONSULTATION-REPORT-1-FR-215x300.png 215w\" sizes=\"auto, (max-width: 479px) 100vw, 479px\" \/><\/p>\n<p>&nbsp;<\/p>\n<ul>\n<li class=\"li2\"><b>Dans l\u2019\u00e9tape 5 <\/b>(Options th\u00e9rapeutiques), la <b>r\u00e8gle automatique <\/b>pour le \u201c<b>Mouvement valgus dynamique \u00e0\u201d a \u00e9t\u00e9 modifi\u00e9e <\/b>afin que ce champ soit s\u00e9lectionn\u00e9 quand Appui, Pouss\u00e9e ou Envol a \u00e9t\u00e9 s\u00e9lectionn\u00e9 \u00e0 partir des r\u00e9sultats KneeKG.<\/li>\n<\/ul>\n<p><img loading=\"lazy\" decoding=\"async\" class=\"alignnone wp-image-3524 size-full\" src=\"https:\/\/emovi.ca\/wp-content\/uploads\/2022\/04\/CONSULTATION-REPORT-2-FR.png\" alt=\"\" width=\"683\" height=\"535\" srcset=\"https:\/\/emovi.ca\/wp-content\/uploads\/2022\/04\/CONSULTATION-REPORT-2-FR.png 683w, https:\/\/emovi.ca\/wp-content\/uploads\/2022\/04\/CONSULTATION-REPORT-2-FR-300x235.png 300w\" sizes=\"auto, (max-width: 683px) 100vw, 683px\" \/><\/p>\n<p>&nbsp;<\/p>\n<p><b><u>DANS LE RAPPORT MARQUEURS BIOM\u00c9CANIQUES<\/u><\/b><\/p>\n<ul>\n<li class=\"li2\">Un bogue a \u00e9t\u00e9 corrig\u00e9 dans le rapport des Marqueurs Biom\u00e9caniques lors de la comparaison avec les r\u00e9sultats d\u2019une autre consultation.<\/li>\n<\/ul>\n<p>&nbsp;<\/p>\n<p><b><u>DANS LE PORTAIL CLIENT<\/u><\/b><\/p>\n<ul>\n<li class=\"li2\">Un <b>nouveau logo a \u00e9t\u00e9 ajout\u00e9 <\/b>dans le Portail Client.<\/li>\n<\/ul>\n<p><img loading=\"lazy\" decoding=\"async\" class=\"alignnone wp-image-3526 size-thumbnail\" src=\"https:\/\/emovi.ca\/wp-content\/uploads\/2022\/04\/Knee3DSoftware-Icon-ClientPortal-150x150.png\" alt=\"\" width=\"150\" height=\"150\" srcset=\"https:\/\/emovi.ca\/wp-content\/uploads\/2022\/04\/Knee3DSoftware-Icon-ClientPortal-150x150.png 150w, https:\/\/emovi.ca\/wp-content\/uploads\/2022\/04\/Knee3DSoftware-Icon-ClientPortal-300x300.png 300w, https:\/\/emovi.ca\/wp-content\/uploads\/2022\/04\/Knee3DSoftware-Icon-ClientPortal-1024x1024.png 1024w, https:\/\/emovi.ca\/wp-content\/uploads\/2022\/04\/Knee3DSoftware-Icon-ClientPortal-768x768.png 768w, https:\/\/emovi.ca\/wp-content\/uploads\/2022\/04\/Knee3DSoftware-Icon-ClientPortal.png 1500w\" sizes=\"auto, (max-width: 150px) 100vw, 150px\" \/><\/p>\n<ul>\n<li><b>Physiotec :\u00a0<\/b>Plusieurs am\u00e9liorations<b><\/b>\n<ul>\n<li class=\"li2\">Le <b>num\u00e9ro de l\u2019essai <\/b>a \u00e9t\u00e9 ajout\u00e9 dans le <b>nom du programme <\/b>envoy\u00e9 \u00e0 Physiotec.<\/li>\n<li class=\"li2\"><b>Un bogue a \u00e9t\u00e9 corrig\u00e9 concernant la connexion \u00e0 Physiotec<\/b>.<\/li>\n<li class=\"li3\"><b>Gestion du cas o\u00f9 l\u2019utilisateur est li\u00e9 \u00e0 plusieurs sites avec des comptes Physiotec diff\u00e9rents (CLM ID). <\/b>Dans ce cas, le Portail Client va montrer les diff\u00e9rents liens Physiotecs possibles pour que l\u2019utilisateur puisse choisir sur lequel il souhaite se connecter.<\/li>\n<\/ul>\n<\/li>\n<\/ul>\n<p><img loading=\"lazy\" decoding=\"async\" width=\"920\" height=\"311\" class=\"alignnone wp-image-3367\" src=\"https:\/\/emovi.ca\/wp-content\/uploads\/2022\/03\/Physiotec-Improvements.png\" srcset=\"https:\/\/emovi.ca\/wp-content\/uploads\/2022\/03\/Physiotec-Improvements.png 920w, https:\/\/emovi.ca\/wp-content\/uploads\/2022\/03\/Physiotec-Improvements-300x101.png 300w, https:\/\/emovi.ca\/wp-content\/uploads\/2022\/03\/Physiotec-Improvements-768x260.png 768w\" sizes=\"auto, (max-width: 920px) 100vw, 920px\" \/>[\/vc_column_text][\/vc_tta_section][\/vc_tta_tour][vc_row_inner][vc_column_inner][vc_btn title=&#8221;Retour en haut de page \u21e1&#8221; style=&#8221;outline&#8221; shape=&#8221;square&#8221; size=&#8221;sm&#8221; align=&#8221;center&#8221; css_animation=&#8221;fadeInDown&#8221; link=&#8221;url:%23top&#8221; el_class=&#8221;bouton-general bleu release&#8221;][\/vc_column_inner][\/vc_row_inner][\/vc_column][\/vc_row][vc_row disable_element=&#8221;yes&#8221; el_id=&#8221;desktop&#8221; el_class=&#8221;tabs&#8221;][vc_column][vc_tta_tour style=&#8221;flat&#8221; shape=&#8221;square&#8221; active_section=&#8221;1&#8243; title=&#8221;Desktop version&#8221;][vc_tta_section title=&#8221;March 8th, 2022, VERSION 2.3.2&#8243; tab_id=&#8221;1649174378440-f89643a4-b650d813-b44d&#8221;][vc_column_text]The Emovi\u00a0<b>Cloud software\u00a0<\/b>was updated with new features on March 8<span class=\"s1\">th,\u00a0<\/span>2022 on all servers.<\/p>\n<p>Here are the\u00a0<b>new features that you should know about<\/b>.<\/p>\n<p><b><u>IN THE CONSULTATION REPORT<\/u><\/b><\/p>\n<ul>\n<li><b>Added new diagnostic option in step 2 of consultation report: \u201cPost-Surgery\u201d\u00a0<\/b>with three sub-checkboxes:\n<ul>\n<li>ACL<\/li>\n<li>Arthroplasty<\/li>\n<li>Meniscus<\/li>\n<\/ul>\n<\/li>\n<\/ul>\n<p><img loading=\"lazy\" decoding=\"async\" width=\"488\" height=\"780\" class=\"alignnone wp-image-3353\" src=\"https:\/\/emovi.ca\/wp-content\/uploads\/2022\/03\/CONSULTATION-REPORT-1.png\" srcset=\"https:\/\/emovi.ca\/wp-content\/uploads\/2022\/03\/CONSULTATION-REPORT-1.png 488w, https:\/\/emovi.ca\/wp-content\/uploads\/2022\/03\/CONSULTATION-REPORT-1-188x300.png 188w\" sizes=\"auto, (max-width: 488px) 100vw, 488px\" \/><\/p>\n<p>&nbsp;<\/p>\n<ul>\n<li><b>In the step 5\u00a0<\/b>(Therapeutic options),\u00a0<b>the automated rule\u00a0<\/b>for the field \u201c<b>Dynamic valgus movement at\u201d has been changed\u00a0<\/b>to only be selected when Stance, Push-off, or Swing are automatically selected based on KneeKG results.<\/li>\n<\/ul>\n<p><img loading=\"lazy\" decoding=\"async\" width=\"789\" height=\"553\" class=\"alignnone wp-image-3355\" src=\"https:\/\/emovi.ca\/wp-content\/uploads\/2022\/03\/CONSULTATION-REPORT-2.png\" srcset=\"https:\/\/emovi.ca\/wp-content\/uploads\/2022\/03\/CONSULTATION-REPORT-2.png 789w, https:\/\/emovi.ca\/wp-content\/uploads\/2022\/03\/CONSULTATION-REPORT-2-300x210.png 300w, https:\/\/emovi.ca\/wp-content\/uploads\/2022\/03\/CONSULTATION-REPORT-2-768x538.png 768w\" sizes=\"auto, (max-width: 789px) 100vw, 789px\" \/><\/p>\n<p>&nbsp;<\/p>\n<p><b><u>IN THE BIOMECHANICAL MARKERS REPORT<\/u><\/b><\/p>\n<ul>\n<li>A bug has been fixed in the Biomechanical Markers Report in the comparison of results with another consultation.<\/li>\n<\/ul>\n<p><b><u>IN THE CLIENT PORTAL<\/u><\/b><\/p>\n<ul>\n<li>A\u00a0<b>new logo\u00a0<\/b>has been added for the Client portal. FYI, this logo will be implemented in a later phase in the Clinical Info software.<\/li>\n<\/ul>\n<p><img loading=\"lazy\" decoding=\"async\" width=\"151\" height=\"151\" class=\"wp-image-3362 alignnone\" src=\"https:\/\/emovi.ca\/wp-content\/uploads\/2022\/03\/portal-logo.png\" \/><\/p>\n<ul>\n<li><b>Physiotec :\u00a0<\/b>Several improvements\u00a0<span class=\"s1\">o\u00a0<\/span>The trial number has been added in the\u00a0<b>name of the program sent to Physiotec<\/b>\n<ul>\n<li><b>Bug fixed\u00a0<\/b>regarding\u00a0<b>the connection issues\u00a0<\/b>to\u00a0<b>Physiotec<\/b><\/li>\n<li><b>Management of the scenario where a user is linked to multiple sites with different Physiotec accounts (CLM ID).\u00a0<\/b>When this scenario occurs, the Client Portal will show multiple Physiotec links for the user to select which one he wants to connect to<\/li>\n<\/ul>\n<\/li>\n<\/ul>\n<p><img loading=\"lazy\" decoding=\"async\" width=\"920\" height=\"311\" class=\"alignnone wp-image-3367\" src=\"https:\/\/emovi.ca\/wp-content\/uploads\/2022\/03\/Physiotec-Improvements.png\" srcset=\"https:\/\/emovi.ca\/wp-content\/uploads\/2022\/03\/Physiotec-Improvements.png 920w, https:\/\/emovi.ca\/wp-content\/uploads\/2022\/03\/Physiotec-Improvements-300x101.png 300w, https:\/\/emovi.ca\/wp-content\/uploads\/2022\/03\/Physiotec-Improvements-768x260.png 768w\" sizes=\"auto, (max-width: 920px) 100vw, 920px\" \/>[\/vc_column_text][\/vc_tta_section][vc_tta_section title=&#8221;Versions&#8221; tab_id=&#8221;1649178794135-34f66339-0918d813-b44d&#8221;][vc_column_text]<span class=\"VIiyi\" lang=\"en\"><span class=\"JLqJ4b ChMk0b\" data-language-for-alternatives=\"en\" data-language-to-translate-into=\"fr\" data-phrase-index=\"0\" data-number-of-phrases=\"1\"><img loading=\"lazy\" decoding=\"async\" class=\"alignnone wp-image-106\" src=\"https:\/\/emovi.ca\/wp-content\/uploads\/2021\/03\/emovi-logo.png\" alt=\"Emovi\" width=\"125\" height=\"44\" srcset=\"https:\/\/emovi.ca\/wp-content\/uploads\/2021\/03\/emovi-logo.png 364w, https:\/\/emovi.ca\/wp-content\/uploads\/2021\/03\/emovi-logo-300x105.png 300w\" sizes=\"auto, (max-width: 125px) 100vw, 125px\" \/><\/span><\/span><\/p>\n<p><strong><span class=\"VIiyi\" lang=\"en\"><span class=\"JLqJ4b ChMk0b\" data-language-for-alternatives=\"en\" data-language-to-translate-into=\"fr\" data-phrase-index=\"0\" data-number-of-phrases=\"1\">Emovi Cloud software is updated regularly, to view versions please click on the tabs on the left to view software updates&#8230;<\/span><\/span><\/strong>[\/vc_column_text][\/vc_tta_section][\/vc_tta_tour][vc_row_inner][vc_column_inner][vc_btn title=&#8221;Back to top \u21e1&#8221; style=&#8221;outline&#8221; shape=&#8221;square&#8221; size=&#8221;sm&#8221; align=&#8221;center&#8221; css_animation=&#8221;fadeInDown&#8221; link=&#8221;url:%23top&#8221; el_class=&#8221;bouton-general bleu release&#8221;][\/vc_column_inner][\/vc_row_inner][\/vc_column][\/vc_row]<\/p>\n<\/div>","protected":false},"excerpt":{"rendered":"<p>[vc_row full_width=&#8221;stretch_row&#8221; content_placement=&#8221;middle&#8221; el_class=&#8221;entete-image-fond-release blanc&#8221; css=&#8221;.vc_custom_1649431614871{background-color: #6995b6 !important;}&#8221; el_id=&#8221;top&#8221;][vc_column width=&#8221;1\/6&#8243;][\/vc_column][vc_column width=&#8221;2\/3&#8243;][vc_column_text] Notes de version Emovi [\/vc_column_text][vc_column_text] Voyez les derni\u00e8res nouveaut\u00e9s de la suite logicielle KneeKG et de notre solution infonuagique [\/vc_column_text][\/vc_column][vc_column width=&#8221;1\/6&#8243;][\/vc_column][\/vc_row][vc_row disable_element=&#8221;yes&#8221;][vc_column][vc_column_text] What\u2019s new in recent Cloud Software updates [\/vc_column_text][\/vc_column][\/vc_row][vc_row disable_element=&#8221;yes&#8221;][vc_column width=&#8221;1\/4&#8243;][\/vc_column][vc_column width=&#8221;1\/4&#8243;][vc_btn title=&#8221;Cloud Solution&#8221; style=&#8221;outline&#8221; shape=&#8221;square&#8221; align=&#8221;center&#8221; i_icon_fontawesome=&#8221;fas fa-cloud&#8221; button_block=&#8221;true&#8221; add_icon=&#8221;true&#8221; link=&#8221;url:%23cloud&#8221; el_class=&#8221;bouton-general [&hellip;]<\/p>\n","protected":false},"author":7,"featured_media":0,"parent":0,"menu_order":0,"comment_status":"closed","ping_status":"closed","template":"","meta":{"footnotes":""},"class_list":["post-3521","page","type-page","status-publish","hentry"],"yoast_head":"<!-- This site is optimized with the Yoast SEO plugin v26.5 - https:\/\/yoast.com\/wordpress\/plugins\/seo\/ -->\n<title>Notes de version2 - Emovi<\/title>\n<meta name=\"robots\" content=\"index, follow, max-snippet:-1, max-image-preview:large, max-video-preview:-1\" \/>\n<link rel=\"canonical\" href=\"https:\/\/emovi.ca\/fr\/notes-de-version\/\" \/>\n<meta property=\"og:locale\" content=\"fr_FR\" \/>\n<meta property=\"og:type\" content=\"article\" \/>\n<meta property=\"og:title\" content=\"Notes de version2 - Emovi\" \/>\n<meta property=\"og:description\" content=\"[vc_row full_width=&#8221;stretch_row&#8221; content_placement=&#8221;middle&#8221; el_class=&#8221;entete-image-fond-release blanc&#8221; css=&#8221;.vc_custom_1649431614871{background-color: #6995b6 !important;}&#8221; el_id=&#8221;top&#8221;][vc_column width=&#8221;1\/6&#8243;][\/vc_column][vc_column width=&#8221;2\/3&#8243;][vc_column_text] Notes de version Emovi [\/vc_column_text][vc_column_text] Voyez les derni\u00e8res nouveaut\u00e9s de la suite logicielle KneeKG et de notre solution infonuagique [\/vc_column_text][\/vc_column][vc_column width=&#8221;1\/6&#8243;][\/vc_column][\/vc_row][vc_row disable_element=&#8221;yes&#8221;][vc_column][vc_column_text] What\u2019s new in recent Cloud Software updates [\/vc_column_text][\/vc_column][\/vc_row][vc_row disable_element=&#8221;yes&#8221;][vc_column width=&#8221;1\/4&#8243;][\/vc_column][vc_column width=&#8221;1\/4&#8243;][vc_btn title=&#8221;Cloud Solution&#8221; style=&#8221;outline&#8221; shape=&#8221;square&#8221; align=&#8221;center&#8221; i_icon_fontawesome=&#8221;fas fa-cloud&#8221; button_block=&#8221;true&#8221; add_icon=&#8221;true&#8221; link=&#8221;url:%23cloud&#8221; el_class=&#8221;bouton-general [&hellip;]\" \/>\n<meta property=\"og:url\" content=\"https:\/\/emovi.ca\/fr\/notes-de-version\/\" \/>\n<meta property=\"og:site_name\" content=\"Emovi\" \/>\n<meta property=\"article:publisher\" content=\"https:\/\/www.facebook.com\/EmoviKneeKG\/\" \/>\n<meta property=\"article:modified_time\" content=\"2024-01-18T16:44:14+00:00\" \/>\n<meta property=\"og:image\" content=\"https:\/\/emovi.ca\/wp-content\/uploads\/2022\/04\/CONSULTATION-REPORT-1-FR.png\" \/>\n<meta name=\"twitter:card\" content=\"summary_large_image\" \/>\n<meta name=\"twitter:site\" content=\"@emovi_kneekg\" \/>\n<meta name=\"twitter:label1\" content=\"Dur\u00e9e de lecture estim\u00e9e\" \/>\n\t<meta name=\"twitter:data1\" content=\"5 minutes\" \/>\n<script type=\"application\/ld+json\" class=\"yoast-schema-graph\">{\"@context\":\"https:\/\/schema.org\",\"@graph\":[{\"@type\":\"WebPage\",\"@id\":\"https:\/\/emovi.ca\/fr\/notes-de-version\/\",\"url\":\"https:\/\/emovi.ca\/fr\/notes-de-version\/\",\"name\":\"Notes de version2 - Emovi\",\"isPartOf\":{\"@id\":\"https:\/\/emovi.ca\/fr\/#website\"},\"primaryImageOfPage\":{\"@id\":\"https:\/\/emovi.ca\/fr\/notes-de-version\/#primaryimage\"},\"image\":{\"@id\":\"https:\/\/emovi.ca\/fr\/notes-de-version\/#primaryimage\"},\"thumbnailUrl\":\"https:\/\/emovi.ca\/wp-content\/uploads\/2022\/04\/CONSULTATION-REPORT-1-FR.png\",\"datePublished\":\"2022-04-25T15:11:13+00:00\",\"dateModified\":\"2024-01-18T16:44:14+00:00\",\"breadcrumb\":{\"@id\":\"https:\/\/emovi.ca\/fr\/notes-de-version\/#breadcrumb\"},\"inLanguage\":\"fr-FR\",\"potentialAction\":[{\"@type\":\"ReadAction\",\"target\":[\"https:\/\/emovi.ca\/fr\/notes-de-version\/\"]}]},{\"@type\":\"ImageObject\",\"inLanguage\":\"fr-FR\",\"@id\":\"https:\/\/emovi.ca\/fr\/notes-de-version\/#primaryimage\",\"url\":\"https:\/\/emovi.ca\/wp-content\/uploads\/2022\/04\/CONSULTATION-REPORT-1-FR.png\",\"contentUrl\":\"https:\/\/emovi.ca\/wp-content\/uploads\/2022\/04\/CONSULTATION-REPORT-1-FR.png\"},{\"@type\":\"BreadcrumbList\",\"@id\":\"https:\/\/emovi.ca\/fr\/notes-de-version\/#breadcrumb\",\"itemListElement\":[{\"@type\":\"ListItem\",\"position\":1,\"name\":\"Accueil\",\"item\":\"https:\/\/emovi.ca\/fr\/\"},{\"@type\":\"ListItem\",\"position\":2,\"name\":\"Notes de version2\"}]},{\"@type\":\"WebSite\",\"@id\":\"https:\/\/emovi.ca\/fr\/#website\",\"url\":\"https:\/\/emovi.ca\/fr\/\",\"name\":\"Emovi\",\"description\":\"Outil de diagnostic et d\u2019examen de la douleur au genou\",\"potentialAction\":[{\"@type\":\"SearchAction\",\"target\":{\"@type\":\"EntryPoint\",\"urlTemplate\":\"https:\/\/emovi.ca\/fr\/?s={search_term_string}\"},\"query-input\":{\"@type\":\"PropertyValueSpecification\",\"valueRequired\":true,\"valueName\":\"search_term_string\"}}],\"inLanguage\":\"fr-FR\"}]}<\/script>\n<!-- \/ Yoast SEO plugin. -->","yoast_head_json":{"title":"Notes de version2 - Emovi","robots":{"index":"index","follow":"follow","max-snippet":"max-snippet:-1","max-image-preview":"max-image-preview:large","max-video-preview":"max-video-preview:-1"},"canonical":"https:\/\/emovi.ca\/fr\/notes-de-version\/","og_locale":"fr_FR","og_type":"article","og_title":"Notes de version2 - Emovi","og_description":"[vc_row full_width=&#8221;stretch_row&#8221; content_placement=&#8221;middle&#8221; el_class=&#8221;entete-image-fond-release blanc&#8221; css=&#8221;.vc_custom_1649431614871{background-color: #6995b6 !important;}&#8221; el_id=&#8221;top&#8221;][vc_column width=&#8221;1\/6&#8243;][\/vc_column][vc_column width=&#8221;2\/3&#8243;][vc_column_text] Notes de version Emovi [\/vc_column_text][vc_column_text] Voyez les derni\u00e8res nouveaut\u00e9s de la suite logicielle KneeKG et de notre solution infonuagique [\/vc_column_text][\/vc_column][vc_column width=&#8221;1\/6&#8243;][\/vc_column][\/vc_row][vc_row disable_element=&#8221;yes&#8221;][vc_column][vc_column_text] What\u2019s new in recent Cloud Software updates [\/vc_column_text][\/vc_column][\/vc_row][vc_row disable_element=&#8221;yes&#8221;][vc_column width=&#8221;1\/4&#8243;][\/vc_column][vc_column width=&#8221;1\/4&#8243;][vc_btn title=&#8221;Cloud Solution&#8221; style=&#8221;outline&#8221; shape=&#8221;square&#8221; align=&#8221;center&#8221; i_icon_fontawesome=&#8221;fas fa-cloud&#8221; button_block=&#8221;true&#8221; add_icon=&#8221;true&#8221; link=&#8221;url:%23cloud&#8221; el_class=&#8221;bouton-general [&hellip;]","og_url":"https:\/\/emovi.ca\/fr\/notes-de-version\/","og_site_name":"Emovi","article_publisher":"https:\/\/www.facebook.com\/EmoviKneeKG\/","article_modified_time":"2024-01-18T16:44:14+00:00","og_image":[{"url":"https:\/\/emovi.ca\/wp-content\/uploads\/2022\/04\/CONSULTATION-REPORT-1-FR.png","type":"","width":"","height":""}],"twitter_card":"summary_large_image","twitter_site":"@emovi_kneekg","twitter_misc":{"Dur\u00e9e de lecture estim\u00e9e":"5 minutes"},"schema":{"@context":"https:\/\/schema.org","@graph":[{"@type":"WebPage","@id":"https:\/\/emovi.ca\/fr\/notes-de-version\/","url":"https:\/\/emovi.ca\/fr\/notes-de-version\/","name":"Notes de version2 - Emovi","isPartOf":{"@id":"https:\/\/emovi.ca\/fr\/#website"},"primaryImageOfPage":{"@id":"https:\/\/emovi.ca\/fr\/notes-de-version\/#primaryimage"},"image":{"@id":"https:\/\/emovi.ca\/fr\/notes-de-version\/#primaryimage"},"thumbnailUrl":"https:\/\/emovi.ca\/wp-content\/uploads\/2022\/04\/CONSULTATION-REPORT-1-FR.png","datePublished":"2022-04-25T15:11:13+00:00","dateModified":"2024-01-18T16:44:14+00:00","breadcrumb":{"@id":"https:\/\/emovi.ca\/fr\/notes-de-version\/#breadcrumb"},"inLanguage":"fr-FR","potentialAction":[{"@type":"ReadAction","target":["https:\/\/emovi.ca\/fr\/notes-de-version\/"]}]},{"@type":"ImageObject","inLanguage":"fr-FR","@id":"https:\/\/emovi.ca\/fr\/notes-de-version\/#primaryimage","url":"https:\/\/emovi.ca\/wp-content\/uploads\/2022\/04\/CONSULTATION-REPORT-1-FR.png","contentUrl":"https:\/\/emovi.ca\/wp-content\/uploads\/2022\/04\/CONSULTATION-REPORT-1-FR.png"},{"@type":"BreadcrumbList","@id":"https:\/\/emovi.ca\/fr\/notes-de-version\/#breadcrumb","itemListElement":[{"@type":"ListItem","position":1,"name":"Accueil","item":"https:\/\/emovi.ca\/fr\/"},{"@type":"ListItem","position":2,"name":"Notes de version2"}]},{"@type":"WebSite","@id":"https:\/\/emovi.ca\/fr\/#website","url":"https:\/\/emovi.ca\/fr\/","name":"Emovi","description":"Outil de diagnostic et d\u2019examen de la douleur au genou","potentialAction":[{"@type":"SearchAction","target":{"@type":"EntryPoint","urlTemplate":"https:\/\/emovi.ca\/fr\/?s={search_term_string}"},"query-input":{"@type":"PropertyValueSpecification","valueRequired":true,"valueName":"search_term_string"}}],"inLanguage":"fr-FR"}]}},"_links":{"self":[{"href":"https:\/\/emovi.ca\/fr\/wp-json\/wp\/v2\/pages\/3521","targetHints":{"allow":["GET"]}}],"collection":[{"href":"https:\/\/emovi.ca\/fr\/wp-json\/wp\/v2\/pages"}],"about":[{"href":"https:\/\/emovi.ca\/fr\/wp-json\/wp\/v2\/types\/page"}],"author":[{"embeddable":true,"href":"https:\/\/emovi.ca\/fr\/wp-json\/wp\/v2\/users\/7"}],"replies":[{"embeddable":true,"href":"https:\/\/emovi.ca\/fr\/wp-json\/wp\/v2\/comments?post=3521"}],"version-history":[{"count":5,"href":"https:\/\/emovi.ca\/fr\/wp-json\/wp\/v2\/pages\/3521\/revisions"}],"predecessor-version":[{"id":4985,"href":"https:\/\/emovi.ca\/fr\/wp-json\/wp\/v2\/pages\/3521\/revisions\/4985"}],"wp:attachment":[{"href":"https:\/\/emovi.ca\/fr\/wp-json\/wp\/v2\/media?parent=3521"}],"curies":[{"name":"wp","href":"https:\/\/api.w.org\/{rel}","templated":true}]}}