{"id":33,"date":"2021-03-12T13:38:30","date_gmt":"2021-03-12T18:38:30","guid":{"rendered":"https:\/\/emovi.ca\/?page_id=33"},"modified":"2021-05-27T12:00:19","modified_gmt":"2021-05-27T16:00:19","slug":"faq","status":"publish","type":"page","link":"https:\/\/emovi.ca\/fr\/patients\/faq\/","title":{"rendered":"FAQ"},"content":{"rendered":"<div class=\"wpb-content-wrapper\"><p>[vc_row full_width=&#8221;stretch_row&#8221; content_placement=&#8221;middle&#8221; css=&#8221;.vc_custom_1616786495655{background-image: url(https:\/\/emovi.ca\/wp-content\/uploads\/2021\/03\/ressources_faq_v2.png?id=632) !important;background-position: center !important;background-repeat: no-repeat !important;background-size: cover !important;}&#8221; el_class=&#8221;entete-image-fond blanc&#8221;][vc_column][vc_column_text]<\/p>\n<h1 style=\"text-align: center;\">Blessure aux genoux<br \/>\nFAQ pour les patients<\/h1>\n<p style=\"text-align: center;\">Comment la genougraphie avec le syst\u00e8me KneeKG<sup>MC<\/sup> peut m\u2019aider ?<\/p>\n<p>[\/vc_column_text][\/vc_column][\/vc_row][vc_row equal_height=&#8221;yes&#8221; content_placement=&#8221;middle&#8221;][vc_column][vc_tta_accordion shape=&#8221;square&#8221; active_section=&#8221;0&#8243; collapsible_all=&#8221;true&#8221; el_class=&#8221;faq-accordeon&#8221;][vc_tta_section title=&#8221;Combien de temps dure une genougraphie avec le syst\u00e8me KneeKG<sup>MC<\/sup> ?&#8221; tab_id=&#8221;combien-temps-genougraphie&#8221;][vc_column_text]L\u2019examen pour identifier l\u2019impact de votre blessure au genou dure environ<b>\u00a030 minutes<\/b>\u00a0pour un genou\u00a0et\u00a0<b>45 minutes pour les deux genoux<\/b>.[\/vc_column_text][\/vc_tta_section][vc_tta_section title=&#8221;Comment se d\u00e9roule une genougraphie ?&#8221; tab_id=&#8221;deroulement-genougraphie&#8221;][vc_column_text]Une genougraphie avec le syst\u00e8me KneeKG<sup>MC<\/sup>\u00a0se fait en deux \u00e9tapes.<\/p>\n<h3>Premi\u00e8re visite :<\/h3>\n<p>Lors de votre premi\u00e8re visite, la\u00a0<a href=\"https:\/\/emovi.ca\/fr\/genougraphie\/\">genougraphie\u00a0<\/a>de votre genou sera effectu\u00e9e.\u00a0 Les r\u00e9sultats seront analys\u00e9s.<\/p>\n<h3>Deuxi\u00e8me visite :<\/h3>\n<p>Lors de la deuxi\u00e8me visite, un clinicien vous expliquera les r\u00e9sultats de votre genougraphie et\u00a0<b>vous enseignera des exercices qui auront \u00e9t\u00e9 cibl\u00e9s<\/b>\u00a0\u00e0 partir de vos r\u00e9sultats.[\/vc_column_text][\/vc_tta_section][vc_tta_section title=&#8221;Dois-je porter mes orth\u00e8ses pour ma genougraphie avec le KneeKG<sup>MC<\/sup> ?&#8221; tab_id=&#8221;ortheses&#8221;][vc_column_text]Si vous portez des orth\u00e8ses, apportez-les ainsi que vos souliers. Sachez \u00e9galement qu\u2019il vous faut :<\/p>\n<ul>\n<li>Apporter une paire de shorts et une paire de bas de couleur p\u00e2le ;<\/li>\n<li>\u00c9vitez d\u2019appliquer de la cr\u00e8me hydratante sur le genou et la cuisse la journ\u00e9e de votre examen.<\/li>\n<\/ul>\n<p>[\/vc_column_text][\/vc_tta_section][vc_tta_section title=&#8221;Puis-je faire une genougraphie si mon genou a de l\u2019enflure ou si je boite ?&#8221; tab_id=&#8221;enflure&#8221;][vc_column_text]Selon la nature de votre blessure au genou, vous ne pourrez pas faire le test si :<\/p>\n<ul>\n<li><b>Vous avez un genou qui bloque<\/b>, ressentez une douleur aigu\u00eb ou avez une enflure aigu\u00eb en raison d\u2019un traumatisme r\u00e9cent.<\/li>\n<li><b>Vous ne pouvez pas marcher pendant 5 \u00e0 10 minutes sur un tapis roulant\u00a0<\/b>\u00e0 une vitesse confortable sans vous tenir sur les barres d\u2019appui en raison d\u2019un des probl\u00e8mes suivant :\n<ul>\n<li>Vous avez un probl\u00e8me d\u2019\u00e9quilibre ;<\/li>\n<li>Vous boitez en marchant ;<\/li>\n<li>Vous utilisez des accessoires pour marcher (orth\u00e8ses, canne ou marchette) ;<\/li>\n<li>Vous avez eu une chirurgie ou une injection au genou (cortisone, viscosuppl\u00e9mentation, plasma riche en plaquettes) qui causent toujours une douleur aigu\u00eb ou de l\u2019enflure.<\/li>\n<\/ul>\n<\/li>\n<\/ul>\n<p>Si vous croyez qu\u2019il ne sera pas possible de faire le test, pour l\u2019une de ces raisons ou toute autre, il vous suffit d\u2019aviser la clinique.[\/vc_column_text][\/vc_tta_section][vc_tta_section title=&#8221;Comment dois-je m\u2019habiller pour faire une genougraphie ?&#8221; tab_id=&#8221;habiller-genougraphie&#8221;][vc_column_text]Vous devez\u00a0<b>apporter une paire de shorts et une paire de bas de couleurs p\u00e2les<\/b>. Si vous portez des orth\u00e8ses, apportez-les ainsi que vos souliers. \u00c9vitez d\u2019appliquer de la cr\u00e8me hydratante sur le genou et la cuisse la journ\u00e9e de votre examen.[\/vc_column_text][\/vc_tta_section][vc_tta_section title=&#8221;O\u00f9 puis-je aller pour avoir une genougraphie ?&#8221; tab_id=&#8221;endroit&#8221;][vc_column_text]Diff\u00e9rents \u00e9tablissements de sant\u00e9 procurent des examens du genou avec le syst\u00e8me KneeKG\u00a0<sup>MC<\/sup>.\u00a0Vous pouvez\u00a0<a href=\"https:\/\/emovi.ca\/fr\/patients\/trouver-une-clinique\/\">trouver une clinique offrant la genougraphie<\/a>\u00a0directement sur notre site et \u00e9valuer l\u2019\u00e9tat de votre blessure au genou.[\/vc_column_text][\/vc_tta_section][\/vc_tta_accordion][vc_empty_space height=&#8221;50px&#8221;][\/vc_column][\/vc_row]<\/p>\n<\/div>","protected":false},"excerpt":{"rendered":"<p>[vc_row full_width=&#8221;stretch_row&#8221; content_placement=&#8221;middle&#8221; css=&#8221;.vc_custom_1616786495655{background-image: url(https:\/\/emovi.ca\/wp-content\/uploads\/2021\/03\/ressources_faq_v2.png?id=632) !important;background-position: center !important;background-repeat: no-repeat !important;background-size: cover !important;}&#8221; el_class=&#8221;entete-image-fond blanc&#8221;][vc_column][vc_column_text] Blessure aux genoux FAQ pour les patients Comment la genougraphie avec le syst\u00e8me KneeKGMC peut m\u2019aider ? [\/vc_column_text][\/vc_column][\/vc_row][vc_row equal_height=&#8221;yes&#8221; content_placement=&#8221;middle&#8221;][vc_column][vc_tta_accordion shape=&#8221;square&#8221; active_section=&#8221;0&#8243; collapsible_all=&#8221;true&#8221; el_class=&#8221;faq-accordeon&#8221;][vc_tta_section title=&#8221;Combien de temps dure une genougraphie avec le syst\u00e8me KneeKGMC ?&#8221; tab_id=&#8221;combien-temps-genougraphie&#8221;][vc_column_text]L\u2019examen pour identifier l\u2019impact de votre [&hellip;]<\/p>\n","protected":false},"author":1,"featured_media":0,"parent":23,"menu_order":0,"comment_status":"closed","ping_status":"closed","template":"fullwidth.php","meta":{"footnotes":""},"class_list":["post-33","page","type-page","status-publish","hentry"],"yoast_head":"<!-- This site is optimized with the Yoast SEO plugin v26.5 - https:\/\/yoast.com\/wordpress\/plugins\/seo\/ -->\n<title>Blessure au genou : FAQ sur la genougraphie | EMOVI | KNEEKG<\/title>\n<meta name=\"description\" content=\"Vous souffrez d\u2019une blessure au genou? D\u00e9couvrez comment la genougraphie avec le syst\u00e8me KneeKG peut identifier efficacement la cause de vos douleurs.\" \/>\n<meta name=\"robots\" content=\"index, follow, max-snippet:-1, max-image-preview:large, max-video-preview:-1\" \/>\n<link rel=\"canonical\" href=\"https:\/\/emovi.ca\/fr\/patients\/faq\/\" \/>\n<meta property=\"og:locale\" content=\"fr_FR\" \/>\n<meta property=\"og:type\" content=\"article\" \/>\n<meta property=\"og:title\" content=\"Blessure au genou : FAQ sur la genougraphie | EMOVI | KNEEKG\" \/>\n<meta property=\"og:description\" content=\"Vous souffrez d\u2019une blessure au genou? D\u00e9couvrez comment la genougraphie avec le syst\u00e8me KneeKG peut identifier efficacement la cause de vos douleurs.\" \/>\n<meta property=\"og:url\" content=\"https:\/\/emovi.ca\/fr\/patients\/faq\/\" \/>\n<meta property=\"og:site_name\" content=\"Emovi\" \/>\n<meta property=\"article:publisher\" content=\"https:\/\/www.facebook.com\/EmoviKneeKG\/\" \/>\n<meta property=\"article:modified_time\" content=\"2021-05-27T16:00:19+00:00\" \/>\n<meta property=\"og:image\" content=\"https:\/\/emovi.ca\/wp-content\/uploads\/2021\/04\/emovi-og.jpg\" \/>\n\t<meta property=\"og:image:width\" content=\"1200\" \/>\n\t<meta property=\"og:image:height\" content=\"630\" \/>\n\t<meta property=\"og:image:type\" content=\"image\/jpeg\" \/>\n<meta name=\"twitter:card\" content=\"summary_large_image\" \/>\n<meta name=\"twitter:site\" content=\"@emovi_kneekg\" \/>\n<meta name=\"twitter:label1\" content=\"Dur\u00e9e de lecture estim\u00e9e\" \/>\n\t<meta name=\"twitter:data1\" content=\"2 minutes\" \/>\n<script type=\"application\/ld+json\" class=\"yoast-schema-graph\">{\"@context\":\"https:\/\/schema.org\",\"@graph\":[{\"@type\":\"WebPage\",\"@id\":\"https:\/\/emovi.ca\/fr\/patients\/faq\/\",\"url\":\"https:\/\/emovi.ca\/fr\/patients\/faq\/\",\"name\":\"Blessure au genou : FAQ sur la genougraphie | EMOVI | KNEEKG\",\"isPartOf\":{\"@id\":\"https:\/\/emovi.ca\/fr\/#website\"},\"datePublished\":\"2021-03-12T18:38:30+00:00\",\"dateModified\":\"2021-05-27T16:00:19+00:00\",\"description\":\"Vous souffrez d\u2019une blessure au genou? D\u00e9couvrez comment la genougraphie avec le syst\u00e8me KneeKG peut identifier efficacement la cause de vos douleurs.\",\"breadcrumb\":{\"@id\":\"https:\/\/emovi.ca\/fr\/patients\/faq\/#breadcrumb\"},\"inLanguage\":\"fr-FR\",\"potentialAction\":[{\"@type\":\"ReadAction\",\"target\":[\"https:\/\/emovi.ca\/fr\/patients\/faq\/\"]}]},{\"@type\":\"BreadcrumbList\",\"@id\":\"https:\/\/emovi.ca\/fr\/patients\/faq\/#breadcrumb\",\"itemListElement\":[{\"@type\":\"ListItem\",\"position\":1,\"name\":\"Accueil\",\"item\":\"https:\/\/emovi.ca\/fr\/\"},{\"@type\":\"ListItem\",\"position\":2,\"name\":\"Patients\",\"item\":\"https:\/\/emovi.ca\/fr\/patients\/\"},{\"@type\":\"ListItem\",\"position\":3,\"name\":\"FAQ\"}]},{\"@type\":\"WebSite\",\"@id\":\"https:\/\/emovi.ca\/fr\/#website\",\"url\":\"https:\/\/emovi.ca\/fr\/\",\"name\":\"Emovi\",\"description\":\"Outil de diagnostic et d\u2019examen de la douleur au genou\",\"potentialAction\":[{\"@type\":\"SearchAction\",\"target\":{\"@type\":\"EntryPoint\",\"urlTemplate\":\"https:\/\/emovi.ca\/fr\/?s={search_term_string}\"},\"query-input\":{\"@type\":\"PropertyValueSpecification\",\"valueRequired\":true,\"valueName\":\"search_term_string\"}}],\"inLanguage\":\"fr-FR\"}]}<\/script>\n<!-- \/ Yoast SEO plugin. -->","yoast_head_json":{"title":"Blessure au genou : FAQ sur la genougraphie | EMOVI | KNEEKG","description":"Vous souffrez d\u2019une blessure au genou? D\u00e9couvrez comment la genougraphie avec le syst\u00e8me KneeKG peut identifier efficacement la cause de vos douleurs.","robots":{"index":"index","follow":"follow","max-snippet":"max-snippet:-1","max-image-preview":"max-image-preview:large","max-video-preview":"max-video-preview:-1"},"canonical":"https:\/\/emovi.ca\/fr\/patients\/faq\/","og_locale":"fr_FR","og_type":"article","og_title":"Blessure au genou : FAQ sur la genougraphie | EMOVI | KNEEKG","og_description":"Vous souffrez d\u2019une blessure au genou? D\u00e9couvrez comment la genougraphie avec le syst\u00e8me KneeKG peut identifier efficacement la cause de vos douleurs.","og_url":"https:\/\/emovi.ca\/fr\/patients\/faq\/","og_site_name":"Emovi","article_publisher":"https:\/\/www.facebook.com\/EmoviKneeKG\/","article_modified_time":"2021-05-27T16:00:19+00:00","og_image":[{"width":1200,"height":630,"url":"https:\/\/emovi.ca\/wp-content\/uploads\/2021\/04\/emovi-og.jpg","type":"image\/jpeg"}],"twitter_card":"summary_large_image","twitter_site":"@emovi_kneekg","twitter_misc":{"Dur\u00e9e de lecture estim\u00e9e":"2 minutes"},"schema":{"@context":"https:\/\/schema.org","@graph":[{"@type":"WebPage","@id":"https:\/\/emovi.ca\/fr\/patients\/faq\/","url":"https:\/\/emovi.ca\/fr\/patients\/faq\/","name":"Blessure au genou : FAQ sur la genougraphie | EMOVI | KNEEKG","isPartOf":{"@id":"https:\/\/emovi.ca\/fr\/#website"},"datePublished":"2021-03-12T18:38:30+00:00","dateModified":"2021-05-27T16:00:19+00:00","description":"Vous souffrez d\u2019une blessure au genou? D\u00e9couvrez comment la genougraphie avec le syst\u00e8me KneeKG peut identifier efficacement la cause de vos douleurs.","breadcrumb":{"@id":"https:\/\/emovi.ca\/fr\/patients\/faq\/#breadcrumb"},"inLanguage":"fr-FR","potentialAction":[{"@type":"ReadAction","target":["https:\/\/emovi.ca\/fr\/patients\/faq\/"]}]},{"@type":"BreadcrumbList","@id":"https:\/\/emovi.ca\/fr\/patients\/faq\/#breadcrumb","itemListElement":[{"@type":"ListItem","position":1,"name":"Accueil","item":"https:\/\/emovi.ca\/fr\/"},{"@type":"ListItem","position":2,"name":"Patients","item":"https:\/\/emovi.ca\/fr\/patients\/"},{"@type":"ListItem","position":3,"name":"FAQ"}]},{"@type":"WebSite","@id":"https:\/\/emovi.ca\/fr\/#website","url":"https:\/\/emovi.ca\/fr\/","name":"Emovi","description":"Outil de diagnostic et d\u2019examen de la douleur au genou","potentialAction":[{"@type":"SearchAction","target":{"@type":"EntryPoint","urlTemplate":"https:\/\/emovi.ca\/fr\/?s={search_term_string}"},"query-input":{"@type":"PropertyValueSpecification","valueRequired":true,"valueName":"search_term_string"}}],"inLanguage":"fr-FR"}]}},"_links":{"self":[{"href":"https:\/\/emovi.ca\/fr\/wp-json\/wp\/v2\/pages\/33","targetHints":{"allow":["GET"]}}],"collection":[{"href":"https:\/\/emovi.ca\/fr\/wp-json\/wp\/v2\/pages"}],"about":[{"href":"https:\/\/emovi.ca\/fr\/wp-json\/wp\/v2\/types\/page"}],"author":[{"embeddable":true,"href":"https:\/\/emovi.ca\/fr\/wp-json\/wp\/v2\/users\/1"}],"replies":[{"embeddable":true,"href":"https:\/\/emovi.ca\/fr\/wp-json\/wp\/v2\/comments?post=33"}],"version-history":[{"count":10,"href":"https:\/\/emovi.ca\/fr\/wp-json\/wp\/v2\/pages\/33\/revisions"}],"predecessor-version":[{"id":2091,"href":"https:\/\/emovi.ca\/fr\/wp-json\/wp\/v2\/pages\/33\/revisions\/2091"}],"up":[{"embeddable":true,"href":"https:\/\/emovi.ca\/fr\/wp-json\/wp\/v2\/pages\/23"}],"wp:attachment":[{"href":"https:\/\/emovi.ca\/fr\/wp-json\/wp\/v2\/media?parent=33"}],"curies":[{"name":"wp","href":"https:\/\/api.w.org\/{rel}","templated":true}]}}