{"id":29,"date":"2021-03-12T13:37:38","date_gmt":"2021-03-12T18:37:38","guid":{"rendered":"https:\/\/emovi.ca\/?page_id=29"},"modified":"2023-02-17T13:18:40","modified_gmt":"2023-02-17T18:18:40","slug":"irm-et-rayon-x-vs-genougraphie","status":"publish","type":"page","link":"https:\/\/emovi.ca\/fr\/patients\/irm-et-rayon-x-vs-genougraphie\/","title":{"rendered":"IRM et rayon X vs genougraphie"},"content":{"rendered":"<div class=\"wpb-content-wrapper\"><p>[vc_row full_width=&#8221;stretch_row&#8221; content_placement=&#8221;middle&#8221; css=&#8221;.vc_custom_1669218691956{background-image: url(https:\/\/emovi.ca\/wp-content\/uploads\/2022\/11\/XRay_MRI-topbanner-2.jpg?id=4000) !important;background-position: center !important;background-repeat: no-repeat !important;background-size: cover !important;}&#8221; el_class=&#8221;entete-image-fond blanc&#8221;][vc_column width=&#8221;1\/2&#8243;][vc_column_text]<\/p>\n<h1 style=\"text-align: left;\"><span class=\"NormalTextRun SCXW121953928 BCX0\">La <\/span><span class=\"NormalTextRun SpellingErrorV2Themed SpellingErrorHighlight SCXW121953928 BCX0\">genougraphie<\/span><span class=\"NormalTextRun SCXW121953928 BCX0\">,<br \/>\ncompl\u00e9mentaire \u00e0 l&#8217;IRM et \u00e0 la radiographie<\/span><\/h1>\n<h2 style=\"text-align: left;\">INNOVER AVEC DES PERSPECTIVES OBJECTIVES ET DYNAMIQUE<\/h2>\n<p>[\/vc_column_text][\/vc_column][vc_column width=&#8221;1\/2&#8243;][\/vc_column][\/vc_row][vc_row full_width=&#8221;stretch_row&#8221; equal_height=&#8221;yes&#8221; content_placement=&#8221;middle&#8221; el_class=&#8221;blanc fond-60 marge-rangee&#8221;][vc_column width=&#8221;7\/12&#8243; el_class=&#8221;decale-bleu full-width-col-ipad&#8221;][vc_column_text]<\/p>\n<h2>Combler le vide clinique<\/h2>\n<p><strong>La premi\u00e8re solution 3D \u00e0 un probl\u00e8me 3D<\/strong><br \/>\nRestaurer la fonction du genou et corriger son alignement en utilisant des images bidimensionnelles pour un probl\u00e8me tridimensionnel : voici le d\u00e9fi auxquels font face les professionnels de la sant\u00e9. Le KneeKG est la premi\u00e8re solution qui vient aider les cliniciens \u00e0 fournir un diagnostic pr\u00e9cis dans les trois plans de mouvement.<\/p>\n<p>Il existe une discordance avec les sympt\u00f4mes avec les radiographies statiques, et on ne peut pas pr\u00e9dire l&#8217;alignement dynamique pour la planification chirurgicale et la prise en charge des patients avec seulement ces informations. L&#8217;\u00e9valuation visuelle qui accompagne ces examens est souvent subjective, peu fiable et inexacte.[\/vc_column_text][\/vc_column][vc_column css_animation=&#8221;fadeIn&#8221; width=&#8221;5\/12&#8243;][\/vc_column][\/vc_row][vc_row equal_height=&#8221;yes&#8221; content_placement=&#8221;middle&#8221; css_animation=&#8221;fadeIn&#8221; el_class=&#8221;texte-photo&#8221; css=&#8221;.vc_custom_1669222996724{margin-bottom: 0px !important;border-bottom-width: 0px !important;}&#8221;][vc_column width=&#8221;1\/4&#8243;][\/vc_column][vc_column width=&#8221;3\/4&#8243;][vc_single_image image=&#8221;2719&#8243; img_size=&#8221;full&#8221; alignment=&#8221;right&#8221; el_class=&#8221;img-droite-bas&#8221;][\/vc_column][\/vc_row][vc_row full_width=&#8221;stretch_row&#8221; css=&#8221;.vc_custom_1669222972584{margin-top: 0px !important;background-color: rgba(105,149,182,0.15) !important;*background-color: rgb(105,149,182) !important;}&#8221;][vc_column][vc_row_inner][vc_column_inner][vc_column_text]<\/p>\n<h2 style=\"text-align: center;\">Axe KneeKG = Rayon X \u00e0 longs films et robotique<\/h2>\n<p>[\/vc_column_text][\/vc_column_inner][\/vc_row_inner][\/vc_column][\/vc_row][vc_row full_width=&#8221;stretch_row&#8221; css=&#8221;.vc_custom_1669223110496{background-color: rgba(105,149,182,0.15) !important;*background-color: rgb(105,149,182) !important;}&#8221;][vc_column width=&#8221;1\/2&#8243;][vc_row_inner][vc_column_inner][vc_single_image image=&#8221;4255&#8243; img_size=&#8221;large&#8221; alignment=&#8221;center&#8221; css_animation=&#8221;fadeIn&#8221;][\/vc_column_inner][\/vc_row_inner][\/vc_column][vc_column width=&#8221;1\/2&#8243;][vc_row_inner content_placement=&#8221;middle&#8221;][vc_column_inner][vc_column_text]<\/p>\n<h2 style=\"text-align: left;\">KneeKG<br \/>\nL&#8217;outil le plus pr\u00e9cis pour la fonction 3D!<sup>1<\/sup><\/h2>\n<h3>La pr\u00e9cision de l&#8217;alignement des membres inf\u00e9rieurs donn\u00e9e par le KneeKG est corr\u00e9l\u00e9 \u00e0 la fois aux donn\u00e9es des syst\u00e8me assist\u00e9 par robot et aux mesures de rayons X \u00e0 long film<\/h3>\n<p>[\/vc_column_text][\/vc_column_inner][\/vc_row_inner][\/vc_column][\/vc_row][vc_row full_width=&#8221;stretch_row&#8221; el_class=&#8221;marge-rangee-haut&#8221;][vc_column][vc_column_text]<\/p>\n<h3 style=\"text-align: center;\">Corr\u00e9ler les PROMs par rapport aux grades rayons-X\/KL<\/h3>\n<h2 style=\"text-align: center;\">APPORTER DE NOUVELLES PERSPECTIVES OBJECTIVES<\/h2>\n<p>[\/vc_column_text][vc_row_inner content_placement=&#8221;middle&#8221;][vc_column_inner width=&#8221;1\/2&#8243;][vc_column_text]Une relation multivari\u00e9e entre les param\u00e8tres cin\u00e9matiques et cliniques de patients atteints d&#8217;arthrose du genou<\/p>\n<p>Bensalma et al (2022)<br \/>\nN=415 patients atteints d&#8217;arthrose du genou<sup>2<\/sup>[\/vc_column_text][vc_btn title=&#8221;Ce que la science dit \u2192&#8221; style=&#8221;outline-custom&#8221; outline_custom_color=&#8221;#ffffff&#8221; outline_custom_hover_background=&#8221;#233a76&#8243; outline_custom_hover_text=&#8221;#ffffff&#8221; shape=&#8221;square&#8221; size=&#8221;lg&#8221; align=&#8221;left&#8221; el_class=&#8221;bouton-general bleu findaclinic&#8221; link=&#8221;url:https%3A%2F%2Femovi.ca%2Ffr%2Fcliniciens%2Fce-que-la-science-dit-a-propos-de-la-genougraphie%2F|title:Ce%20que%20la%20science%20dit&#8221;][\/vc_column_inner][vc_column_inner width=&#8221;1\/2&#8243;][vc_single_image image=&#8221;4222&#8243; img_size=&#8221;large&#8221; alignment=&#8221;center&#8221; css_animation=&#8221;fadeIn&#8221;][\/vc_column_inner][\/vc_row_inner][\/vc_column][\/vc_row][vc_row full_width=&#8221;stretch_row&#8221; el_class=&#8221;marge-rangee reference&#8221; css=&#8221;.vc_custom_1669222260946{background-color: #e8e8e8 !important;}&#8221;][vc_column][vc_row_inner][vc_column_inner][vc_column_text]R\u00e9f\u00e9rences:<\/p>\n<ol>\n<li>\n<p class=\"p1\">Deroche, E., et al. Arch Orthop Trauma Surg 142, 1645\u20131651 (2022)<\/p>\n<\/li>\n<li>Bensalma F, et al. Biomechanical markers associations with pain, symptoms, and disability compared to radiographic severity in knee osteoarthritis patients: a secondary analysis from a cluster randomized controlled trial. BMC Musculoskelet Disord. 2022 Oct 5;23(1):896. N=415 knee OA patients<\/li>\n<\/ol>\n<p>[\/vc_column_text][\/vc_column_inner][\/vc_row_inner][\/vc_column][\/vc_row]<\/p>\n<\/div>","protected":false},"excerpt":{"rendered":"<p>[vc_row full_width=&#8221;stretch_row&#8221; content_placement=&#8221;middle&#8221; css=&#8221;.vc_custom_1669218691956{background-image: url(https:\/\/emovi.ca\/wp-content\/uploads\/2022\/11\/XRay_MRI-topbanner-2.jpg?id=4000) !important;background-position: center !important;background-repeat: no-repeat !important;background-size: cover !important;}&#8221; el_class=&#8221;entete-image-fond blanc&#8221;][vc_column width=&#8221;1\/2&#8243;][vc_column_text] La genougraphie, compl\u00e9mentaire \u00e0 l&#8217;IRM et \u00e0 la radiographie INNOVER AVEC DES PERSPECTIVES OBJECTIVES ET DYNAMIQUE [\/vc_column_text][\/vc_column][vc_column width=&#8221;1\/2&#8243;][\/vc_column][\/vc_row][vc_row full_width=&#8221;stretch_row&#8221; equal_height=&#8221;yes&#8221; content_placement=&#8221;middle&#8221; el_class=&#8221;blanc fond-60 marge-rangee&#8221;][vc_column width=&#8221;7\/12&#8243; el_class=&#8221;decale-bleu full-width-col-ipad&#8221;][vc_column_text] Combler le vide clinique La premi\u00e8re solution 3D \u00e0 un probl\u00e8me 3D Restaurer [&hellip;]<\/p>\n","protected":false},"author":1,"featured_media":0,"parent":23,"menu_order":0,"comment_status":"closed","ping_status":"closed","template":"fullwidth.php","meta":{"footnotes":""},"class_list":["post-29","page","type-page","status-publish","hentry"],"yoast_head":"<!-- This site is optimized with the Yoast SEO plugin v26.5 - https:\/\/yoast.com\/wordpress\/plugins\/seo\/ -->\n<title>IRM du genou, Rayon X et Genougraphie : la diff\u00e9rence | EMOVI | KNEEKG<\/title>\n<meta name=\"description\" content=\"D\u00e9couvrez les diff\u00e9rences entre la genougraphie, les rayons X et l&#039;IRM du genou. D\u00e9pistez les causes de douleurs au genou avec la nouvelle technologie!\" \/>\n<meta name=\"robots\" content=\"index, follow, max-snippet:-1, max-image-preview:large, max-video-preview:-1\" \/>\n<link rel=\"canonical\" href=\"https:\/\/emovi.ca\/fr\/patients\/irm-et-rayon-x-vs-genougraphie\/\" \/>\n<meta property=\"og:locale\" content=\"fr_FR\" \/>\n<meta property=\"og:type\" content=\"article\" \/>\n<meta property=\"og:title\" content=\"IRM du genou, Rayon X et Genougraphie : la diff\u00e9rence | EMOVI | KNEEKG\" \/>\n<meta property=\"og:description\" content=\"D\u00e9couvrez les diff\u00e9rences entre la genougraphie, les rayons X et l&#039;IRM du genou. D\u00e9pistez les causes de douleurs au genou avec la nouvelle technologie!\" \/>\n<meta property=\"og:url\" content=\"https:\/\/emovi.ca\/fr\/patients\/irm-et-rayon-x-vs-genougraphie\/\" \/>\n<meta property=\"og:site_name\" content=\"Emovi\" \/>\n<meta property=\"article:publisher\" content=\"https:\/\/www.facebook.com\/EmoviKneeKG\/\" \/>\n<meta property=\"article:modified_time\" content=\"2023-02-17T18:18:40+00:00\" \/>\n<meta property=\"og:image\" content=\"https:\/\/emovi.ca\/wp-content\/uploads\/2021\/04\/emovi-og.jpg\" \/>\n\t<meta property=\"og:image:width\" content=\"1200\" \/>\n\t<meta property=\"og:image:height\" content=\"630\" \/>\n\t<meta property=\"og:image:type\" content=\"image\/jpeg\" \/>\n<meta name=\"twitter:card\" content=\"summary_large_image\" \/>\n<meta name=\"twitter:site\" content=\"@emovi_kneekg\" \/>\n<meta name=\"twitter:label1\" content=\"Dur\u00e9e de lecture estim\u00e9e\" \/>\n\t<meta name=\"twitter:data1\" content=\"2 minutes\" \/>\n<script type=\"application\/ld+json\" class=\"yoast-schema-graph\">{\"@context\":\"https:\/\/schema.org\",\"@graph\":[{\"@type\":\"WebPage\",\"@id\":\"https:\/\/emovi.ca\/fr\/patients\/irm-et-rayon-x-vs-genougraphie\/\",\"url\":\"https:\/\/emovi.ca\/fr\/patients\/irm-et-rayon-x-vs-genougraphie\/\",\"name\":\"IRM du genou, Rayon X et Genougraphie : la diff\u00e9rence | EMOVI | KNEEKG\",\"isPartOf\":{\"@id\":\"https:\/\/emovi.ca\/fr\/#website\"},\"datePublished\":\"2021-03-12T18:37:38+00:00\",\"dateModified\":\"2023-02-17T18:18:40+00:00\",\"description\":\"D\u00e9couvrez les diff\u00e9rences entre la genougraphie, les rayons X et l'IRM du genou. D\u00e9pistez les causes de douleurs au genou avec la nouvelle technologie!\",\"breadcrumb\":{\"@id\":\"https:\/\/emovi.ca\/fr\/patients\/irm-et-rayon-x-vs-genougraphie\/#breadcrumb\"},\"inLanguage\":\"fr-FR\",\"potentialAction\":[{\"@type\":\"ReadAction\",\"target\":[\"https:\/\/emovi.ca\/fr\/patients\/irm-et-rayon-x-vs-genougraphie\/\"]}]},{\"@type\":\"BreadcrumbList\",\"@id\":\"https:\/\/emovi.ca\/fr\/patients\/irm-et-rayon-x-vs-genougraphie\/#breadcrumb\",\"itemListElement\":[{\"@type\":\"ListItem\",\"position\":1,\"name\":\"Accueil\",\"item\":\"https:\/\/emovi.ca\/fr\/\"},{\"@type\":\"ListItem\",\"position\":2,\"name\":\"Patients\",\"item\":\"https:\/\/emovi.ca\/fr\/patients\/\"},{\"@type\":\"ListItem\",\"position\":3,\"name\":\"IRM et rayon X vs genougraphie\"}]},{\"@type\":\"WebSite\",\"@id\":\"https:\/\/emovi.ca\/fr\/#website\",\"url\":\"https:\/\/emovi.ca\/fr\/\",\"name\":\"Emovi\",\"description\":\"Outil de diagnostic et d\u2019examen de la douleur au genou\",\"potentialAction\":[{\"@type\":\"SearchAction\",\"target\":{\"@type\":\"EntryPoint\",\"urlTemplate\":\"https:\/\/emovi.ca\/fr\/?s={search_term_string}\"},\"query-input\":{\"@type\":\"PropertyValueSpecification\",\"valueRequired\":true,\"valueName\":\"search_term_string\"}}],\"inLanguage\":\"fr-FR\"}]}<\/script>\n<!-- \/ Yoast SEO plugin. -->","yoast_head_json":{"title":"IRM du genou, Rayon X et Genougraphie : la diff\u00e9rence | EMOVI | KNEEKG","description":"D\u00e9couvrez les diff\u00e9rences entre la genougraphie, les rayons X et l'IRM du genou. D\u00e9pistez les causes de douleurs au genou avec la nouvelle technologie!","robots":{"index":"index","follow":"follow","max-snippet":"max-snippet:-1","max-image-preview":"max-image-preview:large","max-video-preview":"max-video-preview:-1"},"canonical":"https:\/\/emovi.ca\/fr\/patients\/irm-et-rayon-x-vs-genougraphie\/","og_locale":"fr_FR","og_type":"article","og_title":"IRM du genou, Rayon X et Genougraphie : la diff\u00e9rence | EMOVI | KNEEKG","og_description":"D\u00e9couvrez les diff\u00e9rences entre la genougraphie, les rayons X et l'IRM du genou. D\u00e9pistez les causes de douleurs au genou avec la nouvelle technologie!","og_url":"https:\/\/emovi.ca\/fr\/patients\/irm-et-rayon-x-vs-genougraphie\/","og_site_name":"Emovi","article_publisher":"https:\/\/www.facebook.com\/EmoviKneeKG\/","article_modified_time":"2023-02-17T18:18:40+00:00","og_image":[{"width":1200,"height":630,"url":"https:\/\/emovi.ca\/wp-content\/uploads\/2021\/04\/emovi-og.jpg","type":"image\/jpeg"}],"twitter_card":"summary_large_image","twitter_site":"@emovi_kneekg","twitter_misc":{"Dur\u00e9e de lecture estim\u00e9e":"2 minutes"},"schema":{"@context":"https:\/\/schema.org","@graph":[{"@type":"WebPage","@id":"https:\/\/emovi.ca\/fr\/patients\/irm-et-rayon-x-vs-genougraphie\/","url":"https:\/\/emovi.ca\/fr\/patients\/irm-et-rayon-x-vs-genougraphie\/","name":"IRM du genou, Rayon X et Genougraphie : la diff\u00e9rence | EMOVI | KNEEKG","isPartOf":{"@id":"https:\/\/emovi.ca\/fr\/#website"},"datePublished":"2021-03-12T18:37:38+00:00","dateModified":"2023-02-17T18:18:40+00:00","description":"D\u00e9couvrez les diff\u00e9rences entre la genougraphie, les rayons X et l'IRM du genou. D\u00e9pistez les causes de douleurs au genou avec la nouvelle technologie!","breadcrumb":{"@id":"https:\/\/emovi.ca\/fr\/patients\/irm-et-rayon-x-vs-genougraphie\/#breadcrumb"},"inLanguage":"fr-FR","potentialAction":[{"@type":"ReadAction","target":["https:\/\/emovi.ca\/fr\/patients\/irm-et-rayon-x-vs-genougraphie\/"]}]},{"@type":"BreadcrumbList","@id":"https:\/\/emovi.ca\/fr\/patients\/irm-et-rayon-x-vs-genougraphie\/#breadcrumb","itemListElement":[{"@type":"ListItem","position":1,"name":"Accueil","item":"https:\/\/emovi.ca\/fr\/"},{"@type":"ListItem","position":2,"name":"Patients","item":"https:\/\/emovi.ca\/fr\/patients\/"},{"@type":"ListItem","position":3,"name":"IRM et rayon X vs genougraphie"}]},{"@type":"WebSite","@id":"https:\/\/emovi.ca\/fr\/#website","url":"https:\/\/emovi.ca\/fr\/","name":"Emovi","description":"Outil de diagnostic et d\u2019examen de la douleur au genou","potentialAction":[{"@type":"SearchAction","target":{"@type":"EntryPoint","urlTemplate":"https:\/\/emovi.ca\/fr\/?s={search_term_string}"},"query-input":{"@type":"PropertyValueSpecification","valueRequired":true,"valueName":"search_term_string"}}],"inLanguage":"fr-FR"}]}},"_links":{"self":[{"href":"https:\/\/emovi.ca\/fr\/wp-json\/wp\/v2\/pages\/29","targetHints":{"allow":["GET"]}}],"collection":[{"href":"https:\/\/emovi.ca\/fr\/wp-json\/wp\/v2\/pages"}],"about":[{"href":"https:\/\/emovi.ca\/fr\/wp-json\/wp\/v2\/types\/page"}],"author":[{"embeddable":true,"href":"https:\/\/emovi.ca\/fr\/wp-json\/wp\/v2\/users\/1"}],"replies":[{"embeddable":true,"href":"https:\/\/emovi.ca\/fr\/wp-json\/wp\/v2\/comments?post=29"}],"version-history":[{"count":11,"href":"https:\/\/emovi.ca\/fr\/wp-json\/wp\/v2\/pages\/29\/revisions"}],"predecessor-version":[{"id":4362,"href":"https:\/\/emovi.ca\/fr\/wp-json\/wp\/v2\/pages\/29\/revisions\/4362"}],"up":[{"embeddable":true,"href":"https:\/\/emovi.ca\/fr\/wp-json\/wp\/v2\/pages\/23"}],"wp:attachment":[{"href":"https:\/\/emovi.ca\/fr\/wp-json\/wp\/v2\/media?parent=29"}],"curies":[{"name":"wp","href":"https:\/\/api.w.org\/{rel}","templated":true}]}}