{"id":27,"date":"2021-03-12T13:37:12","date_gmt":"2021-03-12T18:37:12","guid":{"rendered":"https:\/\/emovi.ca\/?page_id=27"},"modified":"2022-01-17T15:16:14","modified_gmt":"2022-01-17T20:16:14","slug":"pourquoi-choisir-la-genougraphie","status":"publish","type":"page","link":"https:\/\/emovi.ca\/fr\/patients\/pourquoi-choisir-la-genougraphie\/","title":{"rendered":"Pourquoi choisir la genougraphie"},"content":{"rendered":"<div class=\"wpb-content-wrapper\"><p>[vc_row full_width=&#8221;stretch_row&#8221; content_placement=&#8221;middle&#8221; css=&#8221;.vc_custom_1619030533941{background-image: url(https:\/\/emovi.ca\/wp-content\/uploads\/2021\/04\/why-choose-topbanner-fonce.jpg?id=1440) !important;background-position: center !important;background-repeat: no-repeat !important;background-size: cover !important;}&#8221; el_class=&#8221;entete-image-fond blanc&#8221;][vc_column width=&#8221;1\/6&#8243;][\/vc_column][vc_column width=&#8221;4\/6&#8243;][vc_column_text]<\/p>\n<h1 style=\"text-align: center;\">Pourquoi choisir la genougraphie ?<\/h1>\n<p style=\"text-align: center;\">Vous ressentez des douleurs au genou dont vous aimeriez conna\u00eetre la cause ? Vous avez d\u00e9j\u00e0 consult\u00e9, mais les douleurs persistent ou les sympt\u00f4mes vous limitent dans vos activit\u00e9s ? Les plans de traitement essay\u00e9s n&#8217;ont pas atteint les r\u00e9sultats escompt\u00e9s ? La genouraphie de votre genou avec le syst\u00e8me <strong>KneeKG\u00ae<\/strong> peut vous apporter une piste de solution!<\/p>\n<p>[\/vc_column_text][vc_btn title=&#8221;Trouver une clinique \u2192&#8221; style=&#8221;outline-custom&#8221; outline_custom_color=&#8221;#ffffff&#8221; outline_custom_hover_background=&#8221;#233a76&#8243; outline_custom_hover_text=&#8221;#ffffff&#8221; shape=&#8221;square&#8221; size=&#8221;lg&#8221; align=&#8221;center&#8221; el_class=&#8221;bouton-general bleu findaclinic&#8221; link=&#8221;url:https%3A%2F%2Femovi.ca%2Ffr%2Fpatients%2Ftrouver-une-clinique%2F|title:Trouver%20une%20clinique&#8221;][\/vc_column][vc_column width=&#8221;1\/6&#8243;][\/vc_column][\/vc_row][vc_row equal_height=&#8221;yes&#8221; content_placement=&#8221;middle&#8221; css_animation=&#8221;none&#8221; el_class=&#8221;texte-photo&#8221;][vc_column width=&#8221;1\/2&#8243;][\/vc_column][vc_column width=&#8221;1\/2&#8243;][vc_single_image image=&#8221;416&#8243; img_size=&#8221;full&#8221; alignment=&#8221;center&#8221; css=&#8221;.vc_custom_1619031191352{padding-left: 25px !important;}&#8221; el_class=&#8221;image-droite2&#8243;][\/vc_column][\/vc_row][vc_row full_width=&#8221;stretch_row&#8221; equal_height=&#8221;yes&#8221; content_placement=&#8221;middle&#8221; el_class=&#8221;blanc fond-60 marge-rangee marge-haut-sous-img2&#8243;][vc_column width=&#8221;7\/12&#8243; el_class=&#8221;decale-bleu&#8221;][vc_column_text]<\/p>\n<h2>En quoi consiste<br \/>\nla genougraphie ?<\/h2>\n<p>La genougraphie est <strong>un examen m\u00e9dical du genou effectu\u00e9 en mouvement, pendant que le patient marche sur un tapis roulant<\/strong>. Un syst\u00e8me est fix\u00e9 au genou afin d&#8217;\u00e9valuer la fonction articulaire. \u00c0 l&#8217;image de ce que l&#8217;\u00e9lectrocardiogramme est pour le c\u0153ur, cet examen permet de conna\u00eetre l&#8217;\u00e9tat de la fonction du genou en captant son mouvement. Ceci permet de comprendre les d\u00e9ficits en lien avec la douleur.<\/p>\n<p>Pour clarifier la <strong>diff\u00e9rence entre la radiographie, la r\u00e9sonance magn\u00e9tique et la genougraphie :<\/strong><\/p>\n<ul>\n<li>La radiographie montre l&#8217;image statique de la structure de vos os ;<\/li>\n<li>La r\u00e9sonance magn\u00e9tique montre la condition statique des tissus mous ;<\/li>\n<li>La genougraphie analyse les mouvements de votre genou, elle analyse la &#8220;fonction&#8221;.\u200b<\/li>\n<\/ul>\n<p>[\/vc_column_text][\/vc_column][vc_column css_animation=&#8221;fadeIn&#8221; width=&#8221;5\/12&#8243;][\/vc_column][\/vc_row][vc_row equal_height=&#8221;yes&#8221; content_placement=&#8221;middle&#8221; css_animation=&#8221;fadeIn&#8221; el_class=&#8221;texte-photo marge-rangee&#8221;][vc_column width=&#8221;1\/4&#8243;][\/vc_column][vc_column width=&#8221;3\/4&#8243;][vc_single_image image=&#8221;2703&#8243; img_size=&#8221;full&#8221; alignment=&#8221;right&#8221; el_class=&#8221;img-droite-bas&#8221;][\/vc_column][\/vc_row][vc_row el_class=&#8221;marge-rangee-bas&#8221;][vc_column width=&#8221;1\/12&#8243;][\/vc_column][vc_column width=&#8221;10\/12&#8243;][vc_row_inner el_class=&#8221;inverse&#8221;][vc_column_inner width=&#8221;1\/6&#8243;][vc_single_image image=&#8221;183&#8243;][\/vc_column_inner][vc_column_inner width=&#8221;5\/6&#8243;][vc_column_text]<\/p>\n<h3>Qui effectue la genougraphie ?<\/h3>\n<p>L&#8217;examen peut \u00eatre effectu\u00e9 par un physioth\u00e9rapeute, un kin\u00e9siologue, un technologue, un infirmier, un th\u00e9rapeute en r\u00e9adaptation physique ou technicien de la sant\u00e9, selon la clinique que vous visitez.<br \/>\nLe personnel est form\u00e9 et certifi\u00e9 par EMOVI.[\/vc_column_text][\/vc_column_inner][\/vc_row_inner][vc_row_inner el_class=&#8221;inverse&#8221;][vc_column_inner width=&#8221;1\/6&#8243;][vc_single_image image=&#8221;1296&#8243; el_class=&#8221;img-87&#215;87&#8243;][\/vc_column_inner][vc_column_inner width=&#8221;5\/6&#8243;][vc_column_text]<\/p>\n<h3>Que permettra la genougraphie ?<\/h3>\n<p>Suite \u00e0 votre examen, le clinicien analysera et vous expliquera vos r\u00e9sultats. Il vous donnera son analyse des causes de vos douleurs au genou et vous enseignera des exercices qui auront \u00e9t\u00e9 cibl\u00e9s \u00e0 partir des donn\u00e9es recueillies.[\/vc_column_text][\/vc_column_inner][\/vc_row_inner][vc_row_inner el_class=&#8221;inverse&#8221;][vc_column_inner width=&#8221;1\/6&#8243;][vc_single_image image=&#8221;678&#8243;][\/vc_column_inner][vc_column_inner width=&#8221;5\/6&#8243;][vc_column_text]<\/p>\n<h3>Un suivi facilit\u00e9 pour traiter vos douleurs au genou<\/h3>\n<p>Il est facile pour les professionnels de la sant\u00e9 de suivre vos progr\u00e8s. La genougraphie avec le syst\u00e8me KneeKG est une \u00e9valuation du genou qui fourni des informations quantifiables, ce qui permet de suivre l\u2019\u00e9volution de votre condition de fa\u00e7on pr\u00e9cise.[\/vc_column_text][\/vc_column_inner][\/vc_row_inner][vc_row_inner el_class=&#8221;inverse&#8221;][vc_column_inner width=&#8221;1\/6&#8243;][vc_single_image image=&#8221;1298&#8243; el_class=&#8221;img-87&#215;87&#8243;][\/vc_column_inner][vc_column_inner width=&#8221;5\/6&#8243;][vc_column_text]<\/p>\n<h3>La fine pointe de la technologie pour un diagnostic extr\u00eamement pr\u00e9cis<\/h3>\n<p>En choisissant la genougraphie, vous b\u00e9n\u00e9ficiez de l&#8217;expertise d&#8217;une nouvelle technologie disponible, au profit de votre sant\u00e9 du genou. Con\u00e7u au Canada par des universit\u00e9s et centres hospitaliers acad\u00e9miques, l&#8217;appareil m\u00e9dical KneeKG\u00a0est l&#8217;une des premi\u00e8res technologies \u00e0 offrir toute l&#8217;information en 3 dimensions du mouvement du genou, en charge.[\/vc_column_text][\/vc_column_inner][\/vc_row_inner][vc_row_inner el_class=&#8221;margin-rangee-bas&#8221;][vc_column_inner width=&#8221;1\/6&#8243;][vc_single_image image=&#8221;1294&#8243; el_class=&#8221;img-87&#215;87&#8243;][\/vc_column_inner][vc_column_inner width=&#8221;5\/6&#8243;][vc_column_text el_class=&#8221;inverse&#8221;]<\/p>\n<h3>Trouvez une clinique qui offre la genougraphie<\/h3>\n<p>D\u00e9couvrez la cause de votre douleur au genou et mettez en place les bons soins avec la bonne information! Prenez rendez-vous d\u00e8s aujourd&#8217;hui dans une clinique offrant la genougraphie avec le syst\u00e8me KneeKG pour effectuer l&#8217;examen.<\/p>\n<p>L&#8217;\u00e9valuation en 3D du genou en mouvement et en charge avec le syst\u00e8me KneeKG\u00a0est offert dans certaines cliniques de physioth\u00e9rapie, d&#8217;orthop\u00e9die, de chirurgie orthop\u00e9dique, de m\u00e9decine sportive ainsi que dans certains h\u00f4pitaux.[\/vc_column_text][vc_column_text]<\/p>\n<h3>O\u00f9 puis-je avoir une genougraphie ?<br \/>\nD\u00e9couvrez la liste des cliniques offrant l&#8217;examen!<\/h3>\n<p>[\/vc_column_text][vc_btn title=&#8221;Trouver une clinique \u2192&#8221; style=&#8221;outline-custom&#8221; outline_custom_color=&#8221;#ffffff&#8221; outline_custom_hover_background=&#8221;#233a76&#8243; outline_custom_hover_text=&#8221;#ffffff&#8221; shape=&#8221;square&#8221; size=&#8221;lg&#8221; align=&#8221;left&#8221; el_class=&#8221;bouton-general bleu findaclinic&#8221; link=&#8221;url:https%3A%2F%2Femovi.ca%2Ffr%2Fpatients%2Ftrouver-une-clinique%2F|title:Trouver%20une%20clinique&#8221;][\/vc_column_inner][\/vc_row_inner][\/vc_column][vc_column width=&#8221;1\/12&#8243;][\/vc_column][\/vc_row]<\/p>\n<\/div>","protected":false},"excerpt":{"rendered":"<p>[vc_row full_width=&#8221;stretch_row&#8221; content_placement=&#8221;middle&#8221; css=&#8221;.vc_custom_1619030533941{background-image: url(https:\/\/emovi.ca\/wp-content\/uploads\/2021\/04\/why-choose-topbanner-fonce.jpg?id=1440) !important;background-position: center !important;background-repeat: no-repeat !important;background-size: cover !important;}&#8221; el_class=&#8221;entete-image-fond blanc&#8221;][vc_column width=&#8221;1\/6&#8243;][\/vc_column][vc_column width=&#8221;4\/6&#8243;][vc_column_text] Pourquoi choisir la genougraphie ? Vous ressentez des douleurs au genou dont vous aimeriez conna\u00eetre la cause ? Vous avez d\u00e9j\u00e0 consult\u00e9, mais les douleurs persistent ou les sympt\u00f4mes vous limitent dans vos activit\u00e9s ? Les plans de traitement [&hellip;]<\/p>\n","protected":false},"author":1,"featured_media":0,"parent":23,"menu_order":0,"comment_status":"closed","ping_status":"closed","template":"fullwidth.php","meta":{"footnotes":""},"class_list":["post-27","page","type-page","status-publish","hentry"],"yoast_head":"<!-- This site is optimized with the Yoast SEO plugin v26.5 - https:\/\/yoast.com\/wordpress\/plugins\/seo\/ -->\n<title>Douleur au genou : d\u00e9couvrir la genougraphie | EMOVI\u00ae | KNEEKG\u00ae<\/title>\n<meta name=\"description\" content=\"Vous souffrez de douleurs au genou ? D\u00e9couvrez comment la genougraphie du genou aide les praticiens \u00e0 cibler la cause de la douleur pour mieux la traiter.\" \/>\n<meta name=\"robots\" content=\"index, follow, max-snippet:-1, max-image-preview:large, max-video-preview:-1\" \/>\n<link rel=\"canonical\" href=\"https:\/\/emovi.ca\/fr\/patients\/pourquoi-choisir-la-genougraphie\/\" \/>\n<meta property=\"og:locale\" content=\"fr_FR\" \/>\n<meta property=\"og:type\" content=\"article\" \/>\n<meta property=\"og:title\" content=\"Douleur au genou : d\u00e9couvrir la genougraphie | EMOVI\u00ae | KNEEKG\u00ae\" \/>\n<meta property=\"og:description\" content=\"Vous souffrez de douleurs au genou ? D\u00e9couvrez comment la genougraphie du genou aide les praticiens \u00e0 cibler la cause de la douleur pour mieux la traiter.\" \/>\n<meta property=\"og:url\" content=\"https:\/\/emovi.ca\/fr\/patients\/pourquoi-choisir-la-genougraphie\/\" \/>\n<meta property=\"og:site_name\" content=\"Emovi\" \/>\n<meta property=\"article:publisher\" content=\"https:\/\/www.facebook.com\/EmoviKneeKG\/\" \/>\n<meta property=\"article:modified_time\" content=\"2022-01-17T20:16:14+00:00\" \/>\n<meta property=\"og:image\" content=\"https:\/\/emovi.ca\/wp-content\/uploads\/2021\/04\/emovi-og.jpg\" \/>\n\t<meta property=\"og:image:width\" content=\"1200\" \/>\n\t<meta property=\"og:image:height\" content=\"630\" \/>\n\t<meta property=\"og:image:type\" content=\"image\/jpeg\" \/>\n<meta name=\"twitter:card\" content=\"summary_large_image\" \/>\n<meta name=\"twitter:site\" content=\"@emovi_kneekg\" \/>\n<meta name=\"twitter:label1\" content=\"Dur\u00e9e de lecture estim\u00e9e\" \/>\n\t<meta name=\"twitter:data1\" content=\"3 minutes\" \/>\n<script type=\"application\/ld+json\" class=\"yoast-schema-graph\">{\"@context\":\"https:\/\/schema.org\",\"@graph\":[{\"@type\":\"WebPage\",\"@id\":\"https:\/\/emovi.ca\/fr\/patients\/pourquoi-choisir-la-genougraphie\/\",\"url\":\"https:\/\/emovi.ca\/fr\/patients\/pourquoi-choisir-la-genougraphie\/\",\"name\":\"Douleur au genou : d\u00e9couvrir la genougraphie | EMOVI\u00ae | KNEEKG\u00ae\",\"isPartOf\":{\"@id\":\"https:\/\/emovi.ca\/fr\/#website\"},\"datePublished\":\"2021-03-12T18:37:12+00:00\",\"dateModified\":\"2022-01-17T20:16:14+00:00\",\"description\":\"Vous souffrez de douleurs au genou ? D\u00e9couvrez comment la genougraphie du genou aide les praticiens \u00e0 cibler la cause de la douleur pour mieux la traiter.\",\"breadcrumb\":{\"@id\":\"https:\/\/emovi.ca\/fr\/patients\/pourquoi-choisir-la-genougraphie\/#breadcrumb\"},\"inLanguage\":\"fr-FR\",\"potentialAction\":[{\"@type\":\"ReadAction\",\"target\":[\"https:\/\/emovi.ca\/fr\/patients\/pourquoi-choisir-la-genougraphie\/\"]}]},{\"@type\":\"BreadcrumbList\",\"@id\":\"https:\/\/emovi.ca\/fr\/patients\/pourquoi-choisir-la-genougraphie\/#breadcrumb\",\"itemListElement\":[{\"@type\":\"ListItem\",\"position\":1,\"name\":\"Accueil\",\"item\":\"https:\/\/emovi.ca\/fr\/\"},{\"@type\":\"ListItem\",\"position\":2,\"name\":\"Patients\",\"item\":\"https:\/\/emovi.ca\/fr\/patients\/\"},{\"@type\":\"ListItem\",\"position\":3,\"name\":\"Pourquoi choisir la genougraphie\"}]},{\"@type\":\"WebSite\",\"@id\":\"https:\/\/emovi.ca\/fr\/#website\",\"url\":\"https:\/\/emovi.ca\/fr\/\",\"name\":\"Emovi\",\"description\":\"Outil de diagnostic et d\u2019examen de la douleur au genou\",\"potentialAction\":[{\"@type\":\"SearchAction\",\"target\":{\"@type\":\"EntryPoint\",\"urlTemplate\":\"https:\/\/emovi.ca\/fr\/?s={search_term_string}\"},\"query-input\":{\"@type\":\"PropertyValueSpecification\",\"valueRequired\":true,\"valueName\":\"search_term_string\"}}],\"inLanguage\":\"fr-FR\"}]}<\/script>\n<!-- \/ Yoast SEO plugin. -->","yoast_head_json":{"title":"Douleur au genou : d\u00e9couvrir la genougraphie | EMOVI\u00ae | KNEEKG\u00ae","description":"Vous souffrez de douleurs au genou ? D\u00e9couvrez comment la genougraphie du genou aide les praticiens \u00e0 cibler la cause de la douleur pour mieux la traiter.","robots":{"index":"index","follow":"follow","max-snippet":"max-snippet:-1","max-image-preview":"max-image-preview:large","max-video-preview":"max-video-preview:-1"},"canonical":"https:\/\/emovi.ca\/fr\/patients\/pourquoi-choisir-la-genougraphie\/","og_locale":"fr_FR","og_type":"article","og_title":"Douleur au genou : d\u00e9couvrir la genougraphie | EMOVI\u00ae | KNEEKG\u00ae","og_description":"Vous souffrez de douleurs au genou ? D\u00e9couvrez comment la genougraphie du genou aide les praticiens \u00e0 cibler la cause de la douleur pour mieux la traiter.","og_url":"https:\/\/emovi.ca\/fr\/patients\/pourquoi-choisir-la-genougraphie\/","og_site_name":"Emovi","article_publisher":"https:\/\/www.facebook.com\/EmoviKneeKG\/","article_modified_time":"2022-01-17T20:16:14+00:00","og_image":[{"width":1200,"height":630,"url":"https:\/\/emovi.ca\/wp-content\/uploads\/2021\/04\/emovi-og.jpg","type":"image\/jpeg"}],"twitter_card":"summary_large_image","twitter_site":"@emovi_kneekg","twitter_misc":{"Dur\u00e9e de lecture estim\u00e9e":"3 minutes"},"schema":{"@context":"https:\/\/schema.org","@graph":[{"@type":"WebPage","@id":"https:\/\/emovi.ca\/fr\/patients\/pourquoi-choisir-la-genougraphie\/","url":"https:\/\/emovi.ca\/fr\/patients\/pourquoi-choisir-la-genougraphie\/","name":"Douleur au genou : d\u00e9couvrir la genougraphie | EMOVI\u00ae | KNEEKG\u00ae","isPartOf":{"@id":"https:\/\/emovi.ca\/fr\/#website"},"datePublished":"2021-03-12T18:37:12+00:00","dateModified":"2022-01-17T20:16:14+00:00","description":"Vous souffrez de douleurs au genou ? D\u00e9couvrez comment la genougraphie du genou aide les praticiens \u00e0 cibler la cause de la douleur pour mieux la traiter.","breadcrumb":{"@id":"https:\/\/emovi.ca\/fr\/patients\/pourquoi-choisir-la-genougraphie\/#breadcrumb"},"inLanguage":"fr-FR","potentialAction":[{"@type":"ReadAction","target":["https:\/\/emovi.ca\/fr\/patients\/pourquoi-choisir-la-genougraphie\/"]}]},{"@type":"BreadcrumbList","@id":"https:\/\/emovi.ca\/fr\/patients\/pourquoi-choisir-la-genougraphie\/#breadcrumb","itemListElement":[{"@type":"ListItem","position":1,"name":"Accueil","item":"https:\/\/emovi.ca\/fr\/"},{"@type":"ListItem","position":2,"name":"Patients","item":"https:\/\/emovi.ca\/fr\/patients\/"},{"@type":"ListItem","position":3,"name":"Pourquoi choisir la genougraphie"}]},{"@type":"WebSite","@id":"https:\/\/emovi.ca\/fr\/#website","url":"https:\/\/emovi.ca\/fr\/","name":"Emovi","description":"Outil de diagnostic et d\u2019examen de la douleur au genou","potentialAction":[{"@type":"SearchAction","target":{"@type":"EntryPoint","urlTemplate":"https:\/\/emovi.ca\/fr\/?s={search_term_string}"},"query-input":{"@type":"PropertyValueSpecification","valueRequired":true,"valueName":"search_term_string"}}],"inLanguage":"fr-FR"}]}},"_links":{"self":[{"href":"https:\/\/emovi.ca\/fr\/wp-json\/wp\/v2\/pages\/27","targetHints":{"allow":["GET"]}}],"collection":[{"href":"https:\/\/emovi.ca\/fr\/wp-json\/wp\/v2\/pages"}],"about":[{"href":"https:\/\/emovi.ca\/fr\/wp-json\/wp\/v2\/types\/page"}],"author":[{"embeddable":true,"href":"https:\/\/emovi.ca\/fr\/wp-json\/wp\/v2\/users\/1"}],"replies":[{"embeddable":true,"href":"https:\/\/emovi.ca\/fr\/wp-json\/wp\/v2\/comments?post=27"}],"version-history":[{"count":10,"href":"https:\/\/emovi.ca\/fr\/wp-json\/wp\/v2\/pages\/27\/revisions"}],"predecessor-version":[{"id":3146,"href":"https:\/\/emovi.ca\/fr\/wp-json\/wp\/v2\/pages\/27\/revisions\/3146"}],"up":[{"embeddable":true,"href":"https:\/\/emovi.ca\/fr\/wp-json\/wp\/v2\/pages\/23"}],"wp:attachment":[{"href":"https:\/\/emovi.ca\/fr\/wp-json\/wp\/v2\/media?parent=27"}],"curies":[{"name":"wp","href":"https:\/\/api.w.org\/{rel}","templated":true}]}}