{"id":23,"date":"2021-03-12T13:36:25","date_gmt":"2021-03-12T18:36:25","guid":{"rendered":"https:\/\/emovi.ca\/?page_id=23"},"modified":"2023-02-22T14:19:50","modified_gmt":"2023-02-22T19:19:50","slug":"patients","status":"publish","type":"page","link":"https:\/\/emovi.ca\/fr\/patients\/","title":{"rendered":"Patients"},"content":{"rendered":"<div class=\"wpb-content-wrapper\"><p>[vc_row full_width=&#8221;stretch_row&#8221; content_placement=&#8221;middle&#8221; css=&#8221;.vc_custom_1635465286267{background-image: url(https:\/\/emovi.ca\/wp-content\/uploads\/2021\/10\/Clinician-topbanner-2.jpg?id=2762) !important;background-position: center !important;background-repeat: no-repeat !important;background-size: cover !important;}&#8221; el_class=&#8221;entete-image-fond blanc&#8221;][vc_column width=&#8221;6\/12&#8243;][vc_column_text css=&#8221;.vc_custom_1677093587481{margin-bottom: 10px !important;}&#8221;]<\/p>\n<h1 style=\"text-align: left; color: #6995b6;\">\u00c9valuation de la douleur et des blessures au genou avec la genougraphie<\/h1>\n<p class=\"p2\" style=\"text-align: left; color: #666;\">Gr\u00e2ce \u00e0 la genougraphie, les douleurs ou blessures au genou peuvent d\u00e9sormais \u00eatre examin\u00e9es d&#8217;une nouvelle mani\u00e8re.<br \/>\nLe syst\u00e8me KneeKG va au-del\u00e0 de la gestion des sympt\u00f4mes et aide les cliniciens \u00e0 trouver les meilleurs traitements pour traiter directement la cause de la douleur et des sympt\u00f4mes.<\/p>\n<p>[\/vc_column_text][vc_btn title=&#8221;EN SAVOIR PLUS \u2192&#8221; style=&#8221;outline-custom&#8221; outline_custom_color=&#8221;#ffffff&#8221; outline_custom_hover_background=&#8221;#233a76&#8243; outline_custom_hover_text=&#8221;#ffffff&#8221; shape=&#8221;square&#8221; size=&#8221;lg&#8221; align=&#8221;left&#8221; el_class=&#8221;bouton-general bleu findaclinic&#8221; link=&#8221;url:https%3A%2F%2Fwww.genougraphie.ca|title:En%20savoir%20plus|target:_blank&#8221;][\/vc_column][vc_column width=&#8221;6\/12&#8243;][\/vc_column][\/vc_row][vc_row content_placement=&#8221;bottom&#8221; el_class=&#8221;bloc-contour marge-rangee&#8221;][vc_column width=&#8221;1\/2&#8243; el_class=&#8221;col-gauche&#8221;][vc_column_text css=&#8221;.vc_custom_1673977366218{border-top-width: 1px !important;border-right-width: 1px !important;border-bottom-width: 1px !important;border-left-width: 1px !important;border-left-color: #e6e6e6 !important;border-left-style: solid !important;border-right-color: #e6e6e6 !important;border-right-style: solid !important;border-top-color: #e6e6e6 !important;border-top-style: solid !important;border-bottom-color: #e6e6e6 !important;border-bottom-style: solid !important;}&#8221; el_class=&#8221;texte-contour&#8221;]<\/p>\n<h2><span lang=\"EN-US\">La satisfaction patient: NOTRE PRIORIT\u00c9<\/span><\/h2>\n<p>La genougraphie avec le KneeKG introduit une nouvelle fa\u00e7on d&#8217;examiner le genou pour mieux d\u00e9terminer la cause de votre douleur et\/ou blessure afin d&#8217;identifier un plan de traitement personnalis\u00e9. Cette approche innovante permet de mieux comprendre les d\u00e9ficits fonctionnels du genou rendant des milliers de patients satisfaits chaque ann\u00e9e.[\/vc_column_text][vc_btn title=&#8221;Visitez genougraphie.ca \u2192&#8221; style=&#8221;outline-custom&#8221; outline_custom_color=&#8221;#ffffff&#8221; outline_custom_hover_background=&#8221;#233a76&#8243; outline_custom_hover_text=&#8221;#ffffff&#8221; shape=&#8221;square&#8221; size=&#8221;lg&#8221; align=&#8221;right&#8221; el_class=&#8221;bouton-general bleu findaclinic&#8221; link=&#8221;url:https%3A%2F%2Fgenougraphie.ca|title:Genougraphie.ca|target:_blank&#8221;][\/vc_column][vc_column width=&#8221;1\/2&#8243; el_class=&#8221;col-droit&#8221;][vc_single_image image=&#8221;2698&#8243; img_size=&#8221;full&#8221; css_animation=&#8221;fadeIn&#8221; css=&#8221;.vc_custom_1674227418849{margin-bottom: 20px !important;}&#8221;][\/vc_column][\/vc_row][vc_row full_width=&#8221;stretch_row&#8221; content_placement=&#8221;middle&#8221; parallax=&#8221;content-moving&#8221; parallax_image=&#8221;3992&#8243; el_class=&#8221;blanc marge-rangee&#8221;][vc_column width=&#8221;1\/6&#8243;][vc_row_inner el_class=&#8221;inverse&#8221;][vc_column_inner][\/vc_column_inner][\/vc_row_inner][\/vc_column][vc_column width=&#8221;2\/3&#8243;][vc_column_text]<\/p>\n<h2 style=\"text-align: center;\">Vous \u00eates int\u00e9ress\u00e9s par la genougraphie avec le KneeKG?<\/h2>\n<p style=\"text-align: center;\">De nombreuses cliniques et professionnels de la sant\u00e9 form\u00e9s par Emovi peuvent vous aider!<br \/>\n<span class=\"TextRun SCXW200697006 BCX0\" lang=\"FR-CA\" xml:lang=\"FR-CA\" data-contrast=\"auto\"><span class=\"NormalTextRun SCXW200697006 BCX0\">V<\/span><\/span><span class=\"TextRun Highlight SCXW200697006 BCX0\" lang=\"FR-CA\" xml:lang=\"FR-CA\" data-contrast=\"auto\"><span class=\"NormalTextRun SCXW200697006 BCX0\">ous pouvez leur faire<\/span><\/span> confiance pour identifier les causes de vos douleurs et\/ou blessures au genou gr\u00e2ce \u00e0 la genougraphie.<\/p>\n<p>[\/vc_column_text][vc_btn title=&#8221;TROUVER UNE CLINIQUE \u2192&#8221; style=&#8221;outline-custom&#8221; outline_custom_color=&#8221;#ffffff&#8221; outline_custom_hover_background=&#8221;#233a76&#8243; outline_custom_hover_text=&#8221;#ffffff&#8221; shape=&#8221;square&#8221; size=&#8221;lg&#8221; align=&#8221;center&#8221; el_class=&#8221;bouton-general bleu findaclinic&#8221; link=&#8221;url:https%3A%2F%2Femovi.ca%2Ffr%2Fpatients%2Ftrouver-une-clinique%2F|title:TROUVER%20UNE%20CLINIQUE&#8221;][\/vc_column][vc_column width=&#8221;1\/6&#8243;][\/vc_column][\/vc_row][vc_row disable_element=&#8221;yes&#8221;][vc_column width=&#8221;1\/2&#8243;][vc_column_text]<\/p>\n<h2>Please Contact us<br \/>\nfor More Information<\/h2>\n<p>[\/vc_column_text][vc_column_text el_class=&#8221;inverse&#8221;]<\/p>\n<h3><i class=\"fas fa-map-marker-alt\"><\/i> Address:<\/h3>\n<p>4880 rue Louis-B.-Mayer<br \/>\nLaval, QC H7P 0H7<\/p>\n<h3><i class=\"fa fa-phone\"><\/i> Call us:<\/h3>\n<p>Phone: <a class=\"phonenumber\" href=\"tel:5149070866\">514-907-0866<\/a><br \/>\nToll Free: <a class=\"phonenumber\" href=\"tel:18667070866\">1-866-707-0866<\/a>[\/vc_column_text][\/vc_column][vc_column width=&#8221;1\/2&#8243;]\n<div class=\"wpcf7 no-js\" id=\"wpcf7-f1884-o1\" lang=\"fr-FR\" dir=\"ltr\" data-wpcf7-id=\"1884\">\n<div class=\"screen-reader-response\"><p role=\"status\" aria-live=\"polite\" aria-atomic=\"true\"><\/p> <ul><\/ul><\/div>\n<form action=\"\/fr\/wp-json\/wp\/v2\/pages\/23#wpcf7-f1884-o1\" method=\"post\" class=\"wpcf7-form init\" aria-label=\"Formulaire de contact\" novalidate=\"novalidate\" data-status=\"init\">\n<fieldset class=\"hidden-fields-container\"><input type=\"hidden\" name=\"_wpcf7\" value=\"1884\" \/><input type=\"hidden\" name=\"_wpcf7_version\" value=\"6.1.4\" \/><input type=\"hidden\" name=\"_wpcf7_locale\" value=\"fr_FR\" \/><input type=\"hidden\" name=\"_wpcf7_unit_tag\" value=\"wpcf7-f1884-o1\" \/><input type=\"hidden\" name=\"_wpcf7_container_post\" value=\"0\" \/><input type=\"hidden\" name=\"_wpcf7_posted_data_hash\" value=\"\" \/><input type=\"hidden\" name=\"_wpcf7cf_hidden_group_fields\" value=\"[]\" \/><input type=\"hidden\" name=\"_wpcf7cf_hidden_groups\" value=\"[]\" \/><input type=\"hidden\" name=\"_wpcf7cf_visible_groups\" value=\"[]\" \/><input type=\"hidden\" name=\"_wpcf7cf_repeaters\" value=\"[]\" \/><input type=\"hidden\" name=\"_wpcf7cf_steps\" value=\"{}\" \/><input type=\"hidden\" name=\"_wpcf7cf_options\" value=\"{&quot;form_id&quot;:1884,&quot;conditions&quot;:[],&quot;settings&quot;:{&quot;animation&quot;:&quot;yes&quot;,&quot;animation_intime&quot;:200,&quot;animation_outtime&quot;:200,&quot;conditions_ui&quot;:&quot;normal&quot;,&quot;notice_dismissed&quot;:false,&quot;notice_dismissed_rollback-cf7-5.3.2&quot;:true}}\" \/><input type=\"hidden\" name=\"_wpcf7_recaptcha_response\" value=\"\" \/>\n<\/fieldset>\n<div class=\"contact-form-1\">\n\t<div class=\"row mb-15\">\n\t\t<div class=\"col-lg-6\">\n\t\t\t<p><span class=\"wpcf7-form-control-wrap\" data-name=\"prenom\"><input size=\"40\" maxlength=\"400\" class=\"wpcf7-form-control wpcf7-text wpcf7-validates-as-required\" aria-required=\"true\" aria-invalid=\"false\" placeholder=\"First and last name\" value=\"\" type=\"text\" name=\"prenom\" \/><\/span>\n\t\t\t<\/p>\n\t\t<\/div>\n\t\t<div class=\"col-lg-6\">\n\t\t\t<p><span class=\"wpcf7-form-control-wrap\" data-name=\"your-email\"><input size=\"40\" maxlength=\"400\" class=\"wpcf7-form-control wpcf7-email wpcf7-validates-as-required wpcf7-text wpcf7-validates-as-email\" aria-required=\"true\" aria-invalid=\"false\" placeholder=\"Email\" value=\"\" type=\"email\" name=\"your-email\" \/><\/span>\n\t\t\t<\/p>\n\t\t<\/div>\n\t<\/div>\n\t<div class=\"row mb-15\">\n\t\t<div class=\"col-lg-6\">\n\t\t\t<p><span class=\"wpcf7-form-control-wrap\" data-name=\"ville\"><input size=\"40\" maxlength=\"400\" class=\"wpcf7-form-control wpcf7-text wpcf7-validates-as-required\" aria-required=\"true\" aria-invalid=\"false\" placeholder=\"City\" value=\"\" type=\"text\" name=\"ville\" \/><\/span>\n\t\t\t<\/p>\n\t\t<\/div>\n\t\t<div class=\"col-lg-6\">\n\t\t\t<p><span class=\"wpcf7-form-control-wrap\" data-name=\"telephone\"><input size=\"40\" maxlength=\"400\" class=\"wpcf7-form-control wpcf7-tel wpcf7-validates-as-required wpcf7-text wpcf7-validates-as-tel phone_us\" aria-required=\"true\" aria-invalid=\"false\" placeholder=\"Phone\" value=\"\" type=\"tel\" name=\"telephone\" \/><\/span>\n\t\t\t<\/p>\n\t\t<\/div>\n\t<\/div>\n\t<div class=\"row mb-15\">\n\t\t<div class=\"col-lg-12\">\n\t\t\t<p><span class=\"wpcf7-form-control-wrap\" data-name=\"your-message\"><textarea cols=\"10\" rows=\"4\" maxlength=\"2000\" class=\"wpcf7-form-control wpcf7-textarea\" aria-invalid=\"false\" placeholder=\"Comments\/questions\" name=\"your-message\"><\/textarea><\/span>\n\t\t\t<\/p>\n\t\t<\/div>\n\t<\/div>\n\t<div class=\"row mb-15\">\n\t\t<div class=\"col-lg-12\">\n\t\t\t<p>How Did You Hear About Us?\n\t\t\t<\/p>\n\t\t\t<p><span class=\"wpcf7-form-control-wrap\" data-name=\"entendu-parler\"><select class=\"wpcf7-form-control wpcf7-select\" aria-invalid=\"false\" name=\"entendu-parler\"><option value=\"Social Networks\">Social Networks<\/option><option value=\"Conference\">Conference<\/option><option value=\"Google search\">Google search<\/option><option value=\"Press release and news\">Press release and news<\/option><option value=\"Webinars\">Webinars<\/option><option value=\"Word of mouth\">Word of mouth<\/option><option value=\"Email\">Email<\/option><option value=\"Other\">Other<\/option><\/select><\/span>\n\t\t\t<\/p>\n\t\t<\/div>\n\t<\/div>\n\t<div class=\"row mb-15\">\n\t\t<div class=\"col-lg-12\">\n\t\t\t<p>What kind of knee pain do you suffer from?\n\t\t\t<\/p>\n\t\t\t<p><span class=\"wpcf7-form-control-wrap\" data-name=\"type-douleur\"><select class=\"wpcf7-form-control wpcf7-select\" aria-invalid=\"false\" name=\"type-douleur\"><option value=\"Osteoarthritis\">Osteoarthritis<\/option><option value=\"Ligament injury\">Ligament injury<\/option><option value=\"Meniscal lesion\">Meniscal lesion<\/option><option value=\"Tendinopathy\">Tendinopathy<\/option><option value=\"Patellofemoral Pain Syndrome (PFPS)\">Patellofemoral Pain Syndrome (PFPS)<\/option><option value=\"Post-surgical pain\">Post-surgical pain<\/option><option value=\"Pain while waiting for surgery\">Pain while waiting for surgery<\/option><option value=\"Other\">Other<\/option><\/select><\/span>\n\t\t\t<\/p>\n\t\t<\/div>\n\t<\/div>\n\t<div class=\"row mb-15\">\n\t\t<div class=\"col-lg-12\">\n\t\t\t<p><input class=\"wpcf7-form-control wpcf7-submit has-spinner\" type=\"submit\" value=\"Send\" \/>\n\t\t\t<\/p>\n\t\t<\/div>\n\t<\/div>\n<\/div><div class=\"wpcf7-response-output\" aria-hidden=\"true\"><\/div>\n<\/form>\n<\/div>\n[\/vc_column][\/vc_row]<\/p>\n<\/div>","protected":false},"excerpt":{"rendered":"<p>[vc_row full_width=&#8221;stretch_row&#8221; content_placement=&#8221;middle&#8221; css=&#8221;.vc_custom_1635465286267{background-image: url(https:\/\/emovi.ca\/wp-content\/uploads\/2021\/10\/Clinician-topbanner-2.jpg?id=2762) !important;background-position: center !important;background-repeat: no-repeat !important;background-size: cover !important;}&#8221; el_class=&#8221;entete-image-fond blanc&#8221;][vc_column width=&#8221;6\/12&#8243;][vc_column_text css=&#8221;.vc_custom_1677093587481{margin-bottom: 10px !important;}&#8221;] \u00c9valuation de la douleur et des blessures au genou avec la genougraphie Gr\u00e2ce \u00e0 la genougraphie, les douleurs ou blessures au genou peuvent d\u00e9sormais \u00eatre examin\u00e9es d&#8217;une nouvelle mani\u00e8re. Le syst\u00e8me KneeKG va au-del\u00e0 de la gestion [&hellip;]<\/p>\n","protected":false},"author":1,"featured_media":0,"parent":0,"menu_order":0,"comment_status":"closed","ping_status":"closed","template":"","meta":{"footnotes":""},"class_list":["post-23","page","type-page","status-publish","hentry"],"yoast_head":"<!-- This site is optimized with the Yoast SEO plugin v26.5 - https:\/\/yoast.com\/wordpress\/plugins\/seo\/ -->\n<title>Blessure ou douleur au genou? D\u00e9couvrez la genougraphie - EMOVI - KNEEKG<\/title>\n<meta name=\"description\" content=\"Ne laissez plus vos douleurs ou blessures au genou contr\u00f4ler votre vie. D\u00e9couvrez comment la genougraphie du genou avec le syst\u00e8me KneeKG peut vous aider.\" \/>\n<meta name=\"robots\" content=\"index, follow, max-snippet:-1, max-image-preview:large, max-video-preview:-1\" \/>\n<link rel=\"canonical\" href=\"https:\/\/emovi.ca\/fr\/patients\/\" \/>\n<meta property=\"og:locale\" content=\"fr_FR\" \/>\n<meta property=\"og:type\" content=\"article\" \/>\n<meta property=\"og:title\" content=\"Blessure ou douleur au genou? D\u00e9couvrez la genougraphie - EMOVI - KNEEKG\" \/>\n<meta property=\"og:description\" content=\"Ne laissez plus vos douleurs ou blessures au genou contr\u00f4ler votre vie. D\u00e9couvrez comment la genougraphie du genou avec le syst\u00e8me KneeKG peut vous aider.\" \/>\n<meta property=\"og:url\" content=\"https:\/\/emovi.ca\/fr\/patients\/\" \/>\n<meta property=\"og:site_name\" content=\"Emovi\" \/>\n<meta property=\"article:publisher\" content=\"https:\/\/www.facebook.com\/EmoviKneeKG\/\" \/>\n<meta property=\"article:modified_time\" content=\"2023-02-22T19:19:50+00:00\" \/>\n<meta property=\"og:image\" content=\"https:\/\/emovi.ca\/wp-content\/uploads\/2021\/04\/emovi-og.jpg\" \/>\n\t<meta property=\"og:image:width\" content=\"1200\" \/>\n\t<meta property=\"og:image:height\" content=\"630\" \/>\n\t<meta property=\"og:image:type\" content=\"image\/jpeg\" \/>\n<meta name=\"twitter:card\" content=\"summary_large_image\" \/>\n<meta name=\"twitter:site\" content=\"@emovi_kneekg\" \/>\n<meta name=\"twitter:label1\" content=\"Dur\u00e9e de lecture estim\u00e9e\" \/>\n\t<meta name=\"twitter:data1\" content=\"2 minutes\" \/>\n<script type=\"application\/ld+json\" class=\"yoast-schema-graph\">{\"@context\":\"https:\/\/schema.org\",\"@graph\":[{\"@type\":\"WebPage\",\"@id\":\"https:\/\/emovi.ca\/fr\/patients\/\",\"url\":\"https:\/\/emovi.ca\/fr\/patients\/\",\"name\":\"Blessure ou douleur au genou? D\u00e9couvrez la genougraphie - EMOVI - KNEEKG\",\"isPartOf\":{\"@id\":\"https:\/\/emovi.ca\/fr\/#website\"},\"datePublished\":\"2021-03-12T18:36:25+00:00\",\"dateModified\":\"2023-02-22T19:19:50+00:00\",\"description\":\"Ne laissez plus vos douleurs ou blessures au genou contr\u00f4ler votre vie. D\u00e9couvrez comment la genougraphie du genou avec le syst\u00e8me KneeKG peut vous aider.\",\"breadcrumb\":{\"@id\":\"https:\/\/emovi.ca\/fr\/patients\/#breadcrumb\"},\"inLanguage\":\"fr-FR\",\"potentialAction\":[{\"@type\":\"ReadAction\",\"target\":[\"https:\/\/emovi.ca\/fr\/patients\/\"]}]},{\"@type\":\"BreadcrumbList\",\"@id\":\"https:\/\/emovi.ca\/fr\/patients\/#breadcrumb\",\"itemListElement\":[{\"@type\":\"ListItem\",\"position\":1,\"name\":\"Accueil\",\"item\":\"https:\/\/emovi.ca\/fr\/\"},{\"@type\":\"ListItem\",\"position\":2,\"name\":\"Patients\"}]},{\"@type\":\"WebSite\",\"@id\":\"https:\/\/emovi.ca\/fr\/#website\",\"url\":\"https:\/\/emovi.ca\/fr\/\",\"name\":\"Emovi\",\"description\":\"Outil de diagnostic et d\u2019examen de la douleur au genou\",\"potentialAction\":[{\"@type\":\"SearchAction\",\"target\":{\"@type\":\"EntryPoint\",\"urlTemplate\":\"https:\/\/emovi.ca\/fr\/?s={search_term_string}\"},\"query-input\":{\"@type\":\"PropertyValueSpecification\",\"valueRequired\":true,\"valueName\":\"search_term_string\"}}],\"inLanguage\":\"fr-FR\"}]}<\/script>\n<!-- \/ Yoast SEO plugin. -->","yoast_head_json":{"title":"Blessure ou douleur au genou? D\u00e9couvrez la genougraphie - EMOVI - KNEEKG","description":"Ne laissez plus vos douleurs ou blessures au genou contr\u00f4ler votre vie. D\u00e9couvrez comment la genougraphie du genou avec le syst\u00e8me KneeKG peut vous aider.","robots":{"index":"index","follow":"follow","max-snippet":"max-snippet:-1","max-image-preview":"max-image-preview:large","max-video-preview":"max-video-preview:-1"},"canonical":"https:\/\/emovi.ca\/fr\/patients\/","og_locale":"fr_FR","og_type":"article","og_title":"Blessure ou douleur au genou? D\u00e9couvrez la genougraphie - EMOVI - KNEEKG","og_description":"Ne laissez plus vos douleurs ou blessures au genou contr\u00f4ler votre vie. D\u00e9couvrez comment la genougraphie du genou avec le syst\u00e8me KneeKG peut vous aider.","og_url":"https:\/\/emovi.ca\/fr\/patients\/","og_site_name":"Emovi","article_publisher":"https:\/\/www.facebook.com\/EmoviKneeKG\/","article_modified_time":"2023-02-22T19:19:50+00:00","og_image":[{"width":1200,"height":630,"url":"https:\/\/emovi.ca\/wp-content\/uploads\/2021\/04\/emovi-og.jpg","type":"image\/jpeg"}],"twitter_card":"summary_large_image","twitter_site":"@emovi_kneekg","twitter_misc":{"Dur\u00e9e de lecture estim\u00e9e":"2 minutes"},"schema":{"@context":"https:\/\/schema.org","@graph":[{"@type":"WebPage","@id":"https:\/\/emovi.ca\/fr\/patients\/","url":"https:\/\/emovi.ca\/fr\/patients\/","name":"Blessure ou douleur au genou? D\u00e9couvrez la genougraphie - EMOVI - KNEEKG","isPartOf":{"@id":"https:\/\/emovi.ca\/fr\/#website"},"datePublished":"2021-03-12T18:36:25+00:00","dateModified":"2023-02-22T19:19:50+00:00","description":"Ne laissez plus vos douleurs ou blessures au genou contr\u00f4ler votre vie. D\u00e9couvrez comment la genougraphie du genou avec le syst\u00e8me KneeKG peut vous aider.","breadcrumb":{"@id":"https:\/\/emovi.ca\/fr\/patients\/#breadcrumb"},"inLanguage":"fr-FR","potentialAction":[{"@type":"ReadAction","target":["https:\/\/emovi.ca\/fr\/patients\/"]}]},{"@type":"BreadcrumbList","@id":"https:\/\/emovi.ca\/fr\/patients\/#breadcrumb","itemListElement":[{"@type":"ListItem","position":1,"name":"Accueil","item":"https:\/\/emovi.ca\/fr\/"},{"@type":"ListItem","position":2,"name":"Patients"}]},{"@type":"WebSite","@id":"https:\/\/emovi.ca\/fr\/#website","url":"https:\/\/emovi.ca\/fr\/","name":"Emovi","description":"Outil de diagnostic et d\u2019examen de la douleur au genou","potentialAction":[{"@type":"SearchAction","target":{"@type":"EntryPoint","urlTemplate":"https:\/\/emovi.ca\/fr\/?s={search_term_string}"},"query-input":{"@type":"PropertyValueSpecification","valueRequired":true,"valueName":"search_term_string"}}],"inLanguage":"fr-FR"}]}},"_links":{"self":[{"href":"https:\/\/emovi.ca\/fr\/wp-json\/wp\/v2\/pages\/23","targetHints":{"allow":["GET"]}}],"collection":[{"href":"https:\/\/emovi.ca\/fr\/wp-json\/wp\/v2\/pages"}],"about":[{"href":"https:\/\/emovi.ca\/fr\/wp-json\/wp\/v2\/types\/page"}],"author":[{"embeddable":true,"href":"https:\/\/emovi.ca\/fr\/wp-json\/wp\/v2\/users\/1"}],"replies":[{"embeddable":true,"href":"https:\/\/emovi.ca\/fr\/wp-json\/wp\/v2\/comments?post=23"}],"version-history":[{"count":11,"href":"https:\/\/emovi.ca\/fr\/wp-json\/wp\/v2\/pages\/23\/revisions"}],"predecessor-version":[{"id":4378,"href":"https:\/\/emovi.ca\/fr\/wp-json\/wp\/v2\/pages\/23\/revisions\/4378"}],"wp:attachment":[{"href":"https:\/\/emovi.ca\/fr\/wp-json\/wp\/v2\/media?parent=23"}],"curies":[{"name":"wp","href":"https:\/\/api.w.org\/{rel}","templated":true}]}}